{"id":4157,"date":"2022-03-07T12:05:09","date_gmt":"2022-03-07T17:05:09","guid":{"rendered":"https:\/\/newmansown.com\/inspiracion\/"},"modified":"2026-03-04T11:35:07","modified_gmt":"2026-03-04T16:35:07","slug":"inspiracion","status":"publish","type":"page","link":"https:\/\/newmansown.com\/es\/inspiracion\/","title":{"rendered":"Inspiraci\u00f3n"},"content":{"rendered":"<div class=\"wpb-content-wrapper\"><p>[vc_row full_width=&#8221;stretch_row_content_no_spaces&#8221; css=&#8221;.vc_custom_1647366084517{background-color: #ffffff !important;background-position: center !important;background-repeat: no-repeat !important;background-size: cover !important;}&#8221;][vc_column css=&#8221;.vc_custom_1647071001714{padding-top: 0px !important;}&#8221;][vc_row_inner css=&#8221;.vc_custom_1738618397479{padding-top: 0px !important;padding-bottom: 0px !important;background-color: #00A881 !important;}&#8221;][vc_column_inner el_class=&#8221;vhCenter vhRecipes&#8221; width=&#8221;1\/2&#8243; css=&#8221;.vc_custom_1648234510437{margin-right: 63px !important;margin-left: 114px !important;padding-top: 0px !important;}&#8221;][vc_custom_heading text=&#8221;Comidas frescas que seguro te encantar\u00e1n&#8221; font_container=&#8221;tag:h1|font_size:55|text_align:left|color:%23ffffff|line_height:1.0588&#8243; use_theme_fonts=&#8221;yes&#8221; css=&#8221;.vc_custom_1746551256609{margin-top: 0px !important;margin-bottom: 23px !important;}&#8221;][vc_column_text css=&#8221;.vc_custom_1743620715070{margin-bottom: 25px !important;padding-right: 90px !important;}&#8221; el_class=&#8221;font-fellix-medium letter011 colorWhite d-none&#8221;]<span style=\"color: #ffffff;\">Dale a tu p\u00fablico algo para celebrar con recetas que sean r\u00e1pidas de hacer y f\u00e1ciles de compartir.<\/span>[\/vc_column_text][\/vc_column_inner][vc_column_inner el_class=&#8221;insp_heroimg&#8221; width=&#8221;1\/2&#8243; css=&#8221;.vc_custom_1772587673377{padding-top: 553px !important;background-image: url(https:\/\/newmansown.com\/wp-content\/uploads\/2026\/03\/mobile_EngB-2026-march.jpg?id=12611) !important;background-position: center !important;background-repeat: no-repeat !important;background-size: cover !important;}&#8221;][\/vc_column_inner][\/vc_row_inner][vc_row_inner css=&#8221;.vc_custom_1649251032931{margin-bottom: 0px !important;padding-top: 100px !important;padding-bottom: 58px !important;background-color: #f9f9f9 !important;}&#8221; el_class=&#8221;mobile_rowpadding_t50_b50&#8243;][vc_column_inner width=&#8221;1\/6&#8243; offset=&#8221;vc_hidden-xs&#8221;][\/vc_column_inner][vc_column_inner width=&#8221;2\/3&#8243; css=&#8221;.vc_custom_1648475356327{padding-top: 0px !important;}&#8221;]<div class=\"eyebrow\" style=\"text-align:center;  color:#565656; \" >INSPIRACI\u00d3N DE RECETAS<\/div>[vc_custom_heading text=&#8221;Encuentra los platos favoritos del p\u00fablico, que son simples y deliciosos, desde cenas entre semana hasta reuniones de fin de semana.&#8221; font_container=&#8221;tag:h2|font_size:24px|text_align:center|color:%2300614b|line_height:36px&#8221; use_theme_fonts=&#8221;yes&#8221; css=&#8221;&#8221;][vc_column_text css=&#8221;.vc_custom_1746552570276{padding-top: 20px !important;}&#8221;]<\/p>\n<p style=\"text-align: center;\"><span data-olk-copy-source=\"MessageBody\">\u00bfBuscas m\u00e1s? Busca en nuestra p\u00e1gina de recetas comidas, guarniciones, snacks y dulces.<\/span><\/p>\n<p style=\"text-align: center;\"><a href=\"https:\/\/newmansown.com\/es\/recetas\/\" aria-label=\"goes to recipes page\">Ver todas las recetas<\/a><\/p>\n<p>[\/vc_column_text][\/vc_column_inner][vc_column_inner width=&#8221;1\/6&#8243; offset=&#8221;vc_hidden-xs&#8221;][\/vc_column_inner][\/vc_row_inner][vc_row_inner][vc_column_inner css=&#8221;.vc_custom_1667502144555{margin-bottom: 0px !important;padding-bottom: 0px !important;}&#8221;][vc_raw_html css=&#8221;.vc_custom_1667502346401{margin-bottom: 10px !important;}&#8221;]W3JlY2lwZXMxLWluc3BpcmF0aW9uXQ==[\/vc_raw_html][\/vc_column_inner][vc_column_inner css=&#8221;.vc_custom_1667502245818{margin-top: 0px !important;padding-top: 0px !important;}&#8221;][vc_raw_html]W3JlY2lwZXMyLWluc3BpcmF0aW9uXQ==[\/vc_raw_html][\/vc_column_inner][\/vc_row_inner][\/vc_column][\/vc_row][vc_row full_width=&#8221;stretch_row&#8221; css=&#8221;.vc_custom_1712594634474{padding-top: 100px !important;padding-bottom: 75px !important;background-color: #f9f9f9 !important;}&#8221; el_class=&#8221;insp_impact mobile_rowpadding_t50_b50&#8243;][vc_column css=&#8221;.vc_custom_1646760090597{padding-top: 0px !important;padding-right: 0px !important;padding-bottom: 0px !important;padding-left: 0px !important;}&#8221;][vc_row_inner][vc_column_inner width=&#8221;1\/6&#8243; offset=&#8221;vc_hidden-xs&#8221;][\/vc_column_inner][vc_column_inner width=&#8221;2\/3&#8243; css=&#8221;.vc_custom_1648492603381{padding-right: 52px !important;padding-left: 52px !important;}&#8221;]<div class=\"eyebrow\" style=\"text-align:left;  color:#565656; \" >NUESTRO IMPACTO<\/div>[vc_custom_heading text=&#8221;Chef Ann Foundation&#8221; use_theme_fonts=&#8221;yes&#8221; css=&#8221;.vc_custom_1772587469828{margin-bottom: 30px !important;}&#8221;][vc_column_text css=&#8221;.vc_custom_1772642100916{margin-bottom: 50px !important;padding-right: 73px !important;}&#8221;]Chef Ann Foundation garantiza que los profesionales de la alimentaci\u00f3n escolar cuenten con los recursos, la financiaci\u00f3n y el apoyo necesarios para ofrecer comidas frescas, saludables, deliciosas y preparadas desde cero que contribuyen a la salud de los ni\u00f1os y del planeta.<\/p>\n<p><strong>Impacto en 2024:<\/strong><\/p>\n<ul>\n<li style=\"list-style-type: none;\">\n<ul>\n<li>419\u00a0000 estudiantes de 396 distritos y 370 escuelas se han beneficiado de Get Schools Cooking y Healthy School Food Pathway desde 2016.<\/li>\n<li>M\u00e1s de 145\u00a0000 profesionales de la nutrici\u00f3n utilizaron The LunchBox en 2024 para acceder a recetas, apoyar la planificaci\u00f3n de comidas y aprender nuevas ideas para implementar en sus aulas.<\/li>\n<li>800 nuevas escuelas y distritos utilizaron The LunchBox por primera vez.<\/li>\n<\/ul>\n<\/li>\n<\/ul>\n<p><a href=\"https:\/\/newmansown.org\/grantee-map\/?search=chef+ann#chef-ann-foundation\" target=\"blank\" rel=\"noopener\"> Learn more<\/a>[\/vc_column_text][\/vc_column_inner][vc_column_inner width=&#8221;1\/6&#8243; offset=&#8221;vc_hidden-xs&#8221;][\/vc_column_inner][\/vc_row_inner][vc_row_inner equal_height=&#8221;yes&#8221; gap=&#8221;15&#8243; el_class=&#8221;inspo-foundation-pics&#8221; css=&#8221;.vc_custom_1707151383519{padding-bottom: 30px !important;}&#8221;][vc_column_inner width=&#8221;1\/2&#8243; css=&#8221;.vc_custom_1772587624639{border-right-width: 5px !important;padding-top: 200px !important;padding-bottom: 200px !important;background-image: url(https:\/\/newmansown.com\/wp-content\/uploads\/2026\/03\/chefann-rigth.jpg?id=12597) !important;background-position: center !important;background-repeat: no-repeat !important;background-size: cover !important;border-radius: 25px !important;}&#8221;][\/vc_column_inner][vc_column_inner width=&#8221;1\/2&#8243; css=&#8221;.vc_custom_1772587639135{padding-top: 200px !important;padding-bottom: 200px !important;background-image: url(https:\/\/newmansown.com\/wp-content\/uploads\/2026\/03\/chefann-left.jpg?id=12595) !important;background-position: center !important;background-repeat: no-repeat !important;background-size: cover !important;border-radius: 25px !important;}&#8221;][\/vc_column_inner][\/vc_row_inner][vc_row_inner equal_height=&#8221;yes&#8221; gap=&#8221;15&#8243; el_class=&#8221;inspo-foundation-pics&#8221; css=&#8221;.vc_custom_1707151383519{padding-bottom: 30px !important;}&#8221;][vc_column_inner width=&#8221;1\/2&#8243; css=&#8221;.vc_custom_1764707401145{border-right-width: 5px !important;background-position: center !important;background-repeat: no-repeat !important;background-size: cover !important;border-radius: 25px !important;}&#8221;][vc_column_text css=&#8221;&#8221;]<\/p>\n<div style=\"font-size: 10px; margin-top: -70px;\">Imagen cortes\u00eda de https:\/\/www.chefannfoundation.org\/<\/div>\n<p>[\/vc_column_text][\/vc_column_inner][vc_column_inner width=&#8221;1\/2&#8243; css=&#8221;.vc_custom_1764707409867{background-position: center !important;background-repeat: no-repeat !important;background-size: cover !important;border-radius: 25px !important;}&#8221;][vc_column_text css=&#8221;&#8221;]<\/p>\n<div style=\"font-size: 10px; margin-top: -70px;\">Imagen cortes\u00eda de https:\/\/www.chefannfoundation.org\/<\/div>\n<p>[\/vc_column_text][\/vc_column_inner][\/vc_row_inner][\/vc_column][\/vc_row][vc_row full_width=&#8221;stretch_row_content&#8221;][vc_column][vc_row_inner css=&#8221;.vc_custom_1712594688365{margin-bottom: 0px !important;padding-top: 100px !important;padding-bottom: 35px !important;}&#8221; el_class=&#8221;mobile_rowpadding_t50_b50&#8243;][vc_column_inner width=&#8221;1\/6&#8243; offset=&#8221;vc_hidden-xs&#8221;][\/vc_column_inner][vc_column_inner width=&#8221;2\/3&#8243; css=&#8221;.vc_custom_1648475356327{padding-top: 0px !important;}&#8221;]<div class=\"eyebrow\" style=\"text-align:center;  color:#565656; \" >RECETAS ADICIONALES<\/div>[vc_custom_heading text=&#8221;\u00bfBuscas algo espec\u00edfico? Consulta nuestra p\u00e1gina completa de recetas para ordenarlas por ingrediente, tipo de receta y m\u00e1s.&#8221; font_container=&#8221;tag:h2|text_align:center&#8221; use_theme_fonts=&#8221;yes&#8221; css=&#8221;&#8221;][\/vc_column_inner][vc_column_inner width=&#8221;1\/6&#8243; offset=&#8221;vc_hidden-xs&#8221;][\/vc_column_inner][\/vc_row_inner][\/vc_column][\/vc_row][vc_row][vc_column][vc_raw_html]W3JlY2lwZXMzLWluc3BpcmF0aW9uXQ==[\/vc_raw_html][\/vc_column][\/vc_row][vc_row full_width=&#8221;stretch_row_content_no_spaces&#8221; css=&#8221;.vc_custom_1649256511611{padding-top: 86px !important;padding-bottom: 82px !important;background-color: #ffffff !important;background-position: center !important;background-repeat: no-repeat !important;background-size: cover !important;}&#8221; el_class=&#8221;mobile_rowpadding_t50_b50&#8243;][vc_column css=&#8221;.vc_custom_1647071001714{padding-top: 0px !important;}&#8221;][vc_raw_html]W1N1YkZvb3Rlcl0=[\/vc_raw_html][\/vc_column][\/vc_row]<\/p>\n<\/div>","protected":false},"excerpt":{"rendered":"<p>[vc_row full_width=&#8221;stretch_row_content_no_spaces&#8221; css=&#8221;.vc_custom_1647366084517{background-color: #ffffff !important;background-position: center !important;background-repeat: no-repeat !important;background-size: cover !important;}&#8221;][vc_column css=&#8221;.vc_custom_1647071001714{padding-top: 0px !important;}&#8221;][vc_row_inner css=&#8221;.vc_custom_1738618397479{padding-top: 0px !important;padding-bottom: 0px !important;background-color: #00A881 !important;}&#8221;][vc_column_inner el_class=&#8221;vhCenter vhRecipes&#8221; width=&#8221;1\/2&#8243; css=&#8221;.vc_custom_1648234510437{margin-right: 63px !important;margin-left: 114px !important;padding-top: 0px !important;}&#8221;][vc_custom_heading text=&#8221;Comidas frescas que seguro te encantar\u00e1n&#8221; font_container=&#8221;tag:h1|font_size:55|text_align:left|color:%23ffffff|line_height:1.0588&#8243; use_theme_fonts=&#8221;yes&#8221; css=&#8221;.vc_custom_1746551256609{margin-top: 0px !important;margin-bottom: 23px !important;}&#8221;][vc_column_text css=&#8221;.vc_custom_1743620715070{margin-bottom: 25px !important;padding-right: 90px !important;}&#8221; el_class=&#8221;font-fellix-medium letter011 colorWhite d-none&#8221;]Dale a tu [&hellip;]<\/p>\n","protected":false},"author":1,"featured_media":0,"parent":0,"menu_order":0,"comment_status":"closed","ping_status":"closed","template":"","meta":{"_acf_changed":false,"inline_featured_image":false,"footnotes":""},"class_list":["post-4157","page","type-page","status-publish","hentry"],"acf":[],"yoast_head":"<!-- This site is optimized with the Yoast SEO plugin v27.0 - https:\/\/yoast.com\/product\/yoast-seo-wordpress\/ -->\n<title>Inspiraci\u00f3n | Newman&#039;s Own<\/title>\n<meta name=\"description\" content=\"Encuentra sabrosas recetas con productos de verano para toda la familia.\" \/>\n<meta name=\"robots\" content=\"index, follow, max-snippet:-1, max-image-preview:large, max-video-preview:-1\" \/>\n<link rel=\"canonical\" href=\"https:\/\/newmansown.com\/es\/inspiracion\/\" \/>\n<meta property=\"og:locale\" content=\"es_ES\" \/>\n<meta property=\"og:type\" content=\"article\" \/>\n<meta property=\"og:title\" content=\"Inspiraci\u00f3n | Newman&#039;s Own\" \/>\n<meta property=\"og:description\" content=\"Encuentra sabrosas recetas con productos de verano para toda la familia.\" \/>\n<meta property=\"og:url\" content=\"https:\/\/newmansown.com\/es\/inspiracion\/\" \/>\n<meta property=\"og:site_name\" content=\"Newman&#039;s Own\" \/>\n<meta property=\"article:modified_time\" content=\"2026-03-04T16:35:07+00:00\" \/>\n<meta name=\"twitter:card\" content=\"summary_large_image\" \/>\n<meta name=\"twitter:label1\" content=\"Est. reading time\" \/>\n\t<meta name=\"twitter:data1\" content=\"3 minutes\" \/>\n<!-- \/ Yoast SEO plugin. -->","yoast_head_json":{"title":"Inspiraci\u00f3n | Newman&#039;s Own","description":"Encuentra sabrosas recetas con productos de verano para toda la familia.","robots":{"index":"index","follow":"follow","max-snippet":"max-snippet:-1","max-image-preview":"max-image-preview:large","max-video-preview":"max-video-preview:-1"},"canonical":"https:\/\/newmansown.com\/es\/inspiracion\/","og_locale":"es_ES","og_type":"article","og_title":"Inspiraci\u00f3n | Newman&#039;s Own","og_description":"Encuentra sabrosas recetas con productos de verano para toda la familia.","og_url":"https:\/\/newmansown.com\/es\/inspiracion\/","og_site_name":"Newman&#039;s Own","article_modified_time":"2026-03-04T16:35:07+00:00","twitter_card":"summary_large_image","twitter_misc":{"Est. reading time":"3 minutes"},"schema":{"@context":"https:\/\/schema.org","@graph":[{"@type":"WebPage","@id":"https:\/\/newmansown.com\/es\/inspiracion\/","url":"https:\/\/newmansown.com\/es\/inspiracion\/","name":"Inspiraci\u00f3n | Newman&#039;s Own","isPartOf":{"@id":"https:\/\/www.newmansown.com\/es\/#website"},"datePublished":"2022-03-07T17:05:09+00:00","dateModified":"2026-03-04T16:35:07+00:00","description":"Encuentra sabrosas recetas con productos de verano para toda la familia.","breadcrumb":{"@id":"https:\/\/newmansown.com\/es\/inspiracion\/#breadcrumb"},"inLanguage":"es-ES","potentialAction":[{"@type":"ReadAction","target":["https:\/\/newmansown.com\/es\/inspiracion\/"]}]},{"@type":"BreadcrumbList","@id":"https:\/\/newmansown.com\/es\/inspiracion\/#breadcrumb","itemListElement":[{"@type":"ListItem","position":1,"name":"Home","item":"https:\/\/newmansown.com\/es\/inicio\/"},{"@type":"ListItem","position":2,"name":"Inspiraci\u00f3n"}]},{"@type":"WebSite","@id":"https:\/\/www.newmansown.com\/es\/#website","url":"https:\/\/www.newmansown.com\/es\/","name":"Newman&#039;s Own","description":"Let&#039;s Give It All Away","publisher":{"@id":"https:\/\/www.newmansown.com\/es\/#organization"},"potentialAction":[{"@type":"SearchAction","target":{"@type":"EntryPoint","urlTemplate":"https:\/\/www.newmansown.com\/es\/?s={search_term_string}"},"query-input":{"@type":"PropertyValueSpecification","valueRequired":true,"valueName":"search_term_string"}}],"inLanguage":"es-ES"},{"@type":"Organization","@id":"https:\/\/www.newmansown.com\/es\/#organization","name":"Newman&#039;s Own","url":"https:\/\/www.newmansown.com\/es\/","logo":{"@type":"ImageObject","inLanguage":"es-ES","@id":"https:\/\/www.newmansown.com\/es\/#\/schema\/logo\/image\/","url":"https:\/\/newmansown.com\/wp-content\/uploads\/2024\/02\/newmans-own-green-reg.png","contentUrl":"https:\/\/newmansown.com\/wp-content\/uploads\/2024\/02\/newmans-own-green-reg.png","width":737,"height":537,"caption":"Newman&#039;s Own"},"image":{"@id":"https:\/\/www.newmansown.com\/es\/#\/schema\/logo\/image\/"}}]}},"_links":{"self":[{"href":"https:\/\/newmansown.com\/es\/wp-json\/wp\/v2\/pages\/4157","targetHints":{"allow":["GET"]}}],"collection":[{"href":"https:\/\/newmansown.com\/es\/wp-json\/wp\/v2\/pages"}],"about":[{"href":"https:\/\/newmansown.com\/es\/wp-json\/wp\/v2\/types\/page"}],"author":[{"embeddable":true,"href":"https:\/\/newmansown.com\/es\/wp-json\/wp\/v2\/users\/1"}],"replies":[{"embeddable":true,"href":"https:\/\/newmansown.com\/es\/wp-json\/wp\/v2\/comments?post=4157"}],"version-history":[{"count":4,"href":"https:\/\/newmansown.com\/es\/wp-json\/wp\/v2\/pages\/4157\/revisions"}],"predecessor-version":[{"id":12653,"href":"https:\/\/newmansown.com\/es\/wp-json\/wp\/v2\/pages\/4157\/revisions\/12653"}],"wp:attachment":[{"href":"https:\/\/newmansown.com\/es\/wp-json\/wp\/v2\/media?parent=4157"}],"curies":[{"name":"wp","href":"https:\/\/api.w.org\/{rel}","templated":true}]}}