{"id":4422,"date":"2022-03-07T12:04:47","date_gmt":"2022-03-07T17:04:47","guid":{"rendered":"https:\/\/newmansown.com\/recetas\/"},"modified":"2026-03-03T20:30:38","modified_gmt":"2026-03-04T01:30:38","slug":"recetas","status":"publish","type":"page","link":"https:\/\/newmansown.com\/es\/recetas\/","title":{"rendered":"Recetas"},"content":{"rendered":"<div class=\"wpb-content-wrapper\"><p>[vc_row full_width=&#8221;stretch_row_content_no_spaces&#8221; css=&#8221;.vc_custom_1651178244304{margin-bottom: 40px !important;background-color: #ffffff !important;background-position: center !important;background-repeat: no-repeat !important;background-size: cover !important;}&#8221;][vc_column css=&#8221;.vc_custom_1647071001714{padding-top: 0px !important;}&#8221;][vc_row_inner css=&#8221;.vc_custom_1652670478722{padding-top: 0px !important;padding-bottom: 0px !important;background-color: #00614a !important;}&#8221;][vc_column_inner el_class=&#8221;vhCenter vhRecipes&#8221; width=&#8221;1\/2&#8243; css=&#8221;.vc_custom_1647366675951{margin-right: 127px !important;margin-left: 114px !important;padding-top: 0px !important;}&#8221;][vc_custom_heading text=&#8221;Recetas&#8221; font_container=&#8221;tag:h1|font_size:68px|text_align:left|color:%23ffffff|line_height:72px&#8221; use_theme_fonts=&#8221;yes&#8221; css=&#8221;.vc_custom_1652383360930{margin-bottom: 10px !important;}&#8221;][vc_column_text css=&#8221;.vc_custom_1649109362229{margin-bottom: 15px !important;}&#8221; el_class=&#8221;font-fellix-medium letter011&#8243;]<span style=\"color: #ffffff;\">Desde cenas r\u00e1pidas para los d\u00edas de la semana hasta comidas sabrosas, encuentre su pr\u00f3ximo plato favorito.<\/span>[\/vc_column_text][vc_btn title=&#8221;Ver todo&#8221; color=&#8221;btn-nmso-white&#8221; align=&#8221;left&#8221; css=&#8221;.vc_custom_1652826069214{margin-bottom: 0px !important;padding-right: 0px !important;padding-left: 0px !important;}&#8221; el_class=&#8221;font16px paddingRecipes&#8221; link=&#8221;url:%2Fpage-result-recipe%2F|&#8221;][\/vc_column_inner][vc_column_inner el_class=&#8221;recipes_hero_img&#8221; width=&#8221;1\/2&#8243; css=&#8221;.vc_custom_1772587834021{padding-top: 553px !important;background-image: url(https:\/\/newmansown.com\/wp-content\/uploads\/2022\/03\/Black-Bean-Sliders.png?id=8867) !important;background-position: center !important;background-repeat: no-repeat !important;background-size: cover !important;}&#8221;][\/vc_column_inner][\/vc_row_inner][\/vc_column][\/vc_row][vc_row][vc_column][vc_raw_html css=&#8221;&#8221;]JTNDZGl2JTIwaWQlM0QlMjJicm93c2VSZWNpcGVzJTIyJTNFJTBBJTIwJTIwJTIwJTIwJTNDaDMlM0VFeHBsb3JhJTIwbnVlc3RyYXMlMjByZWNldGFzJTNDJTJGaDMlM0UlMEElMjAlMjAlMjAlMjAlMEElMjAlMjAlMjAlMjAlM0NkaXYlMjBjbGFzcyUzRCUyMm5hdk1vYmlsZSUyMiUzRSUwQSUyMCUyMCUyMCUyMCUyMCUyMCUyMCUyMCUzQ2J1dHRvbiUyMGNsYXNzJTNEJTIyYnRuLWZpbHRlcm1vcmVSJTIyJTNFJTNDaW1nJTIwc3JjJTNEJTIyJTJGd3AtY29udGVudCUyRnRoZW1lcyUyRm5ld21hbnMtb3duJTJGaW1hZ2VzJTJGZmlsdGVyX2xlc3Nfd2hpdGUuc3ZnJTIyJTIwYWx0JTNEJTIyZmlsdHJhciUyMiUzRSUyMCUzQ2xhYmVsJTIwY2xhc3MlM0QlMjJ0ZXh0X3Nob3dfZmlsdGVyJTIyJTIwZm9yJTNEJTIyZmlsdGVyJTIwbW9yZSUyMiUzRUJ1c2NhciUyMHBvciUzQyUyRmxhYmVsJTNFJTNDJTJGYnV0dG9uJTNFJTBBJTIwJTIwJTIwJTIwJTNDJTJGZGl2JTNFJTBBJTIwJTIwJTIwJTIwJTBBJTIwJTIwJTIwJTIwJTNDZGl2JTIwY2xhc3MlM0QlMjJicm93c2Utb3VyLXJlY2lwZXMtZmlsdGVyJTIyJTNFJTBBJTIwJTIwJTIwJTIwJTIwJTIwJTIwJTIwJTNDc3BhbiUzRUJ1c2NhciUyMHBvciUzQSUyMCUzQyUyRnNwYW4lM0UlMEElMjAlMjAlMjAlMjAlMjAlMjAlMjAlMjAlMjAlMjAlMjAlNUJzZWFyY2hhbmRmaWx0ZXIlMjBpZCUzRCUyMjIzMjMlMjIlNUQlMEElMjAlMjAlMjAlMjAlM0MlMkZkaXYlM0UlMEElM0MlMkZkaXYlM0U=[\/vc_raw_html][\/vc_column][\/vc_row]<\/p>\n<\/div>","protected":false},"excerpt":{"rendered":"<p>[vc_row full_width=&#8221;stretch_row_content_no_spaces&#8221; css=&#8221;.vc_custom_1651178244304{margin-bottom: 40px !important;background-color: #ffffff !important;background-position: center !important;background-repeat: no-repeat !important;background-size: cover !important;}&#8221;][vc_column css=&#8221;.vc_custom_1647071001714{padding-top: 0px !important;}&#8221;][vc_row_inner css=&#8221;.vc_custom_1652670478722{padding-top: 0px !important;padding-bottom: 0px !important;background-color: #00614a !important;}&#8221;][vc_column_inner el_class=&#8221;vhCenter vhRecipes&#8221; width=&#8221;1\/2&#8243; css=&#8221;.vc_custom_1647366675951{margin-right: 127px !important;margin-left: 114px !important;padding-top: 0px !important;}&#8221;][vc_custom_heading text=&#8221;Recetas&#8221; font_container=&#8221;tag:h1|font_size:68px|text_align:left|color:%23ffffff|line_height:72px&#8221; use_theme_fonts=&#8221;yes&#8221; css=&#8221;.vc_custom_1652383360930{margin-bottom: 10px !important;}&#8221;][vc_column_text css=&#8221;.vc_custom_1649109362229{margin-bottom: 15px !important;}&#8221; el_class=&#8221;font-fellix-medium letter011&#8243;]Desde cenas r\u00e1pidas para los d\u00edas de la semana hasta comidas sabrosas, [&hellip;]<\/p>\n","protected":false},"author":1,"featured_media":0,"parent":0,"menu_order":0,"comment_status":"closed","ping_status":"closed","template":"page-recipe.php","meta":{"_acf_changed":false,"inline_featured_image":false,"footnotes":""},"class_list":["post-4422","page","type-page","status-publish","hentry"],"acf":[],"yoast_head":"<!-- This site is optimized with the Yoast SEO plugin v27.0 - https:\/\/yoast.com\/product\/yoast-seo-wordpress\/ -->\n<title>Recetas | Newman&#039;s Own<\/title>\n<meta name=\"description\" content=\"Encuentre sabrosos postres, cenas, guarniciones, ensaladas y mucho m\u00e1s; desde comidas f\u00e1ciles hasta divertidos platos favoritos que todos disfrutar\u00e1n cocinando y comiendo.\" \/>\n<meta name=\"robots\" content=\"index, follow, max-snippet:-1, max-image-preview:large, max-video-preview:-1\" \/>\n<link rel=\"canonical\" href=\"https:\/\/newmansown.com\/es\/recetas\/\" \/>\n<meta property=\"og:locale\" content=\"es_ES\" \/>\n<meta property=\"og:type\" content=\"article\" \/>\n<meta property=\"og:title\" content=\"Recetas | Newman&#039;s Own\" \/>\n<meta property=\"og:description\" content=\"Encuentre sabrosos postres, cenas, guarniciones, ensaladas y mucho m\u00e1s; desde comidas f\u00e1ciles hasta divertidos platos favoritos que todos disfrutar\u00e1n cocinando y comiendo.\" \/>\n<meta property=\"og:url\" content=\"https:\/\/newmansown.com\/es\/recetas\/\" \/>\n<meta property=\"og:site_name\" content=\"Newman&#039;s Own\" \/>\n<meta property=\"article:modified_time\" content=\"2026-03-04T01:30:38+00:00\" \/>\n<meta name=\"twitter:card\" content=\"summary_large_image\" \/>\n<meta name=\"twitter:label1\" content=\"Est. reading time\" \/>\n\t<meta name=\"twitter:data1\" content=\"1 minute\" \/>\n<!-- \/ Yoast SEO plugin. -->","yoast_head_json":{"title":"Recetas | Newman&#039;s Own","description":"Encuentre sabrosos postres, cenas, guarniciones, ensaladas y mucho m\u00e1s; desde comidas f\u00e1ciles hasta divertidos platos favoritos que todos disfrutar\u00e1n cocinando y comiendo.","robots":{"index":"index","follow":"follow","max-snippet":"max-snippet:-1","max-image-preview":"max-image-preview:large","max-video-preview":"max-video-preview:-1"},"canonical":"https:\/\/newmansown.com\/es\/recetas\/","og_locale":"es_ES","og_type":"article","og_title":"Recetas | Newman&#039;s Own","og_description":"Encuentre sabrosos postres, cenas, guarniciones, ensaladas y mucho m\u00e1s; desde comidas f\u00e1ciles hasta divertidos platos favoritos que todos disfrutar\u00e1n cocinando y comiendo.","og_url":"https:\/\/newmansown.com\/es\/recetas\/","og_site_name":"Newman&#039;s Own","article_modified_time":"2026-03-04T01:30:38+00:00","twitter_card":"summary_large_image","twitter_misc":{"Est. reading time":"1 minute"},"schema":{"@context":"https:\/\/schema.org","@graph":[{"@type":"WebPage","@id":"https:\/\/newmansown.com\/es\/recetas\/","url":"https:\/\/newmansown.com\/es\/recetas\/","name":"Recetas | Newman&#039;s Own","isPartOf":{"@id":"https:\/\/www.newmansown.com\/es\/#website"},"datePublished":"2022-03-07T17:04:47+00:00","dateModified":"2026-03-04T01:30:38+00:00","description":"Encuentre sabrosos postres, cenas, guarniciones, ensaladas y mucho m\u00e1s; desde comidas f\u00e1ciles hasta divertidos platos favoritos que todos disfrutar\u00e1n cocinando y comiendo.","breadcrumb":{"@id":"https:\/\/newmansown.com\/es\/recetas\/#breadcrumb"},"inLanguage":"es-ES","potentialAction":[{"@type":"ReadAction","target":["https:\/\/newmansown.com\/es\/recetas\/"]}]},{"@type":"BreadcrumbList","@id":"https:\/\/newmansown.com\/es\/recetas\/#breadcrumb","itemListElement":[{"@type":"ListItem","position":1,"name":"Home","item":"https:\/\/newmansown.com\/es\/inicio\/"},{"@type":"ListItem","position":2,"name":"Recetas"}]},{"@type":"WebSite","@id":"https:\/\/www.newmansown.com\/es\/#website","url":"https:\/\/www.newmansown.com\/es\/","name":"Newman&#039;s Own","description":"Let&#039;s Give It All Away","publisher":{"@id":"https:\/\/www.newmansown.com\/es\/#organization"},"potentialAction":[{"@type":"SearchAction","target":{"@type":"EntryPoint","urlTemplate":"https:\/\/www.newmansown.com\/es\/?s={search_term_string}"},"query-input":{"@type":"PropertyValueSpecification","valueRequired":true,"valueName":"search_term_string"}}],"inLanguage":"es-ES"},{"@type":"Organization","@id":"https:\/\/www.newmansown.com\/es\/#organization","name":"Newman&#039;s Own","url":"https:\/\/www.newmansown.com\/es\/","logo":{"@type":"ImageObject","inLanguage":"es-ES","@id":"https:\/\/www.newmansown.com\/es\/#\/schema\/logo\/image\/","url":"https:\/\/newmansown.com\/wp-content\/uploads\/2024\/02\/newmans-own-green-reg.png","contentUrl":"https:\/\/newmansown.com\/wp-content\/uploads\/2024\/02\/newmans-own-green-reg.png","width":737,"height":537,"caption":"Newman&#039;s Own"},"image":{"@id":"https:\/\/www.newmansown.com\/es\/#\/schema\/logo\/image\/"}}]}},"_links":{"self":[{"href":"https:\/\/newmansown.com\/es\/wp-json\/wp\/v2\/pages\/4422","targetHints":{"allow":["GET"]}}],"collection":[{"href":"https:\/\/newmansown.com\/es\/wp-json\/wp\/v2\/pages"}],"about":[{"href":"https:\/\/newmansown.com\/es\/wp-json\/wp\/v2\/types\/page"}],"author":[{"embeddable":true,"href":"https:\/\/newmansown.com\/es\/wp-json\/wp\/v2\/users\/1"}],"replies":[{"embeddable":true,"href":"https:\/\/newmansown.com\/es\/wp-json\/wp\/v2\/comments?post=4422"}],"version-history":[{"count":4,"href":"https:\/\/newmansown.com\/es\/wp-json\/wp\/v2\/pages\/4422\/revisions"}],"predecessor-version":[{"id":12632,"href":"https:\/\/newmansown.com\/es\/wp-json\/wp\/v2\/pages\/4422\/revisions\/12632"}],"wp:attachment":[{"href":"https:\/\/newmansown.com\/es\/wp-json\/wp\/v2\/media?parent=4422"}],"curies":[{"name":"wp","href":"https:\/\/api.w.org\/{rel}","templated":true}]}}