{"id":5325,"date":"2022-03-30T10:32:21","date_gmt":"2022-03-30T14:32:21","guid":{"rendered":"https:\/\/newmansown.com\/alergenos\/"},"modified":"2022-12-12T12:04:13","modified_gmt":"2022-12-12T17:04:13","slug":"alergenos","status":"publish","type":"page","link":"https:\/\/newmansown.com\/es\/alergenos\/","title":{"rendered":"Al\u00e9rgenos"},"content":{"rendered":"<div class=\"wpb-content-wrapper\"><p>[vc_row full_width=&#8221;stretch_row_content&#8221;][vc_column][vc_row_inner css=&#8221;.vc_custom_1648585134334{padding-top: 54px !important;padding-bottom: 18px !important;background-color: #f9f9f9 !important;}&#8221;][vc_column_inner width=&#8221;1\/6&#8243;][\/vc_column_inner][vc_column_inner width=&#8221;2\/3&#8243; css=&#8221;.vc_custom_1648475356327{padding-top: 0px !important;}&#8221;][vc_custom_heading text=&#8221;Al\u00e9rgenos&#8221; font_container=&#8221;tag:h1|font_size:58|text_align:center|color:%2300614b|line_height:0.9117&#8243; use_theme_fonts=&#8221;yes&#8221; css=&#8221;.vc_custom_1650345995441{margin-top: 0px !important;margin-bottom: 10px !important;}&#8221;][vc_column_text el_class=&#8221;font-fellix-medium letter011&#8243;]<\/p>\n<p style=\"text-align: center;\">El resumen de al\u00e9rgenos que aparece a continuaci\u00f3n ofrece una gu\u00eda f\u00e1cil de usar sobre los principales al\u00e9rgenos que se encuentran en los productos Newman&#8217;s Own.<\/p>\n<p>[\/vc_column_text][\/vc_column_inner][vc_column_inner width=&#8221;1\/6&#8243;][\/vc_column_inner][\/vc_row_inner][\/vc_column][\/vc_row][vc_row full_width=&#8221;stretch_row&#8221; content_placement=&#8221;top&#8221; css=&#8221;.vc_custom_1649082954898{margin-left: 74px !important;padding-top: 26px !important;padding-bottom: 69px !important;background: #ffffff url(https:\/\/newmansown.com\/wp-content\/uploads\/2022\/04\/background-allergens.png?id=1439) !important;background-position: center !important;background-repeat: no-repeat !important;background-size: cover !important;}&#8221;][vc_column width=&#8221;5\/12&#8243; css=&#8221;.vc_custom_1648569820318{padding-left: 20px !important;}&#8221;][vc_custom_heading text=&#8221;Newman&#8217;s Own cumple con la Ley de Etiquetado de Al\u00e9rgenos Alimentarios y Protecci\u00f3n al Consumidor de 2004 (T\u00edtulo II de la Ley P\u00fablica 108-282) (FALCPA), tal y como la aplica la Administraci\u00f3n de Alimentos y Medicamentos de Estados Unidos (FDA). La FALCPA identifica nueve alimentos o grupos de alimentos como principales al\u00e9rgenos alimentarios: leche, huevos, pescado, mariscos crust\u00e1ceos, frutos secos, cacahuetes, trigo, soja y s\u00e9samo La pol\u00edtica de Newman&#8217;s Own, Inc. relativa a los principales al\u00e9rgenos alimentarios es la siguiente:&#8221; font_container=&#8221;tag:h5|font_size:18|text_align:left|color:%23565656&#8243; use_theme_fonts=&#8221;yes&#8221; el_class=&#8221;spacingNormal font-reckless&#8221;][\/vc_column][vc_column width=&#8221;7\/12&#8243; css=&#8221;.vc_custom_1648662956912{padding-right: 0px !important;padding-left: 14px !important;}&#8221;][vc_column_text css=&#8221;.vc_custom_1651714521731{margin-bottom: 0px !important;}&#8221; el_class=&#8221;letter011 listAllergens&#8221;]<\/p>\n<ul>\n<li>Si uno o m\u00e1s de los principales al\u00e9rgenos alimentarios comunes reconocidos por la FALCPA y la FDA est\u00e1n contenidos en un producto Newman&#8217;s Own, se enumerar\u00e1n en la declaraci\u00f3n de ingredientes, independientemente del nivel y de si se a\u00f1aden o no directamente al producto o est\u00e1n contenidos en otro ingrediente.<\/li>\n<li>Se revisar\u00e1 la composici\u00f3n de cada ingrediente para detectar la presencia de los principales al\u00e9rgenos alimentarios comunes reconocidos por la FALCPA y la FDA.<\/li>\n<\/ul>\n<p>[\/vc_column_text][\/vc_column][\/vc_row]<\/p>\n<\/div>","protected":false},"excerpt":{"rendered":"<p>[vc_row full_width=&#8221;stretch_row_content&#8221;][vc_column][vc_row_inner css=&#8221;.vc_custom_1648585134334{padding-top: 54px !important;padding-bottom: 18px !important;background-color: #f9f9f9 !important;}&#8221;][vc_column_inner width=&#8221;1\/6&#8243;][\/vc_column_inner][vc_column_inner width=&#8221;2\/3&#8243; css=&#8221;.vc_custom_1648475356327{padding-top: 0px !important;}&#8221;][vc_custom_heading text=&#8221;Al\u00e9rgenos&#8221; font_container=&#8221;tag:h1|font_size:58|text_align:center|color:%2300614b|line_height:0.9117&#8243; use_theme_fonts=&#8221;yes&#8221; css=&#8221;.vc_custom_1650345995441{margin-top: 0px !important;margin-bottom: 10px !important;}&#8221;][vc_column_text el_class=&#8221;font-fellix-medium letter011&#8243;] El resumen de al\u00e9rgenos que aparece a continuaci\u00f3n ofrece una gu\u00eda f\u00e1cil de usar sobre los principales al\u00e9rgenos que se encuentran en los productos Newman&#8217;s Own. [\/vc_column_text][\/vc_column_inner][vc_column_inner width=&#8221;1\/6&#8243;][\/vc_column_inner][\/vc_row_inner][\/vc_column][\/vc_row][vc_row full_width=&#8221;stretch_row&#8221; content_placement=&#8221;top&#8221; css=&#8221;.vc_custom_1649082954898{margin-left: [&hellip;]<\/p>\n","protected":false},"author":1,"featured_media":0,"parent":0,"menu_order":0,"comment_status":"closed","ping_status":"closed","template":"page-allergens.php","meta":{"_acf_changed":false,"inline_featured_image":false,"footnotes":""},"class_list":["post-5325","page","type-page","status-publish","hentry"],"acf":[],"yoast_head":"<!-- This site is optimized with the Yoast SEO plugin v27.3 - https:\/\/yoast.com\/product\/yoast-seo-wordpress\/ -->\n<title>Al\u00e9rgenos alimentarios | Newman&#039;s Own<\/title>\n<meta name=\"description\" content=\"Vea el resumen de al\u00e9rgenos de todos los productos alimenticios de Newman&#039;s Own.\" \/>\n<meta name=\"robots\" content=\"index, follow, max-snippet:-1, max-image-preview:large, max-video-preview:-1\" \/>\n<link rel=\"canonical\" href=\"https:\/\/newmansown.com\/es\/alergenos\/\" \/>\n<meta property=\"og:locale\" content=\"es_ES\" \/>\n<meta property=\"og:type\" content=\"article\" \/>\n<meta property=\"og:title\" content=\"Al\u00e9rgenos alimentarios | Newman&#039;s Own\" \/>\n<meta property=\"og:description\" content=\"Vea el resumen de al\u00e9rgenos de todos los productos alimenticios de Newman&#039;s Own.\" \/>\n<meta property=\"og:url\" content=\"https:\/\/newmansown.com\/es\/alergenos\/\" \/>\n<meta property=\"og:site_name\" content=\"Newman&#039;s Own\" \/>\n<meta property=\"article:modified_time\" content=\"2022-12-12T17:04:13+00:00\" \/>\n<meta name=\"twitter:card\" content=\"summary_large_image\" \/>\n<meta name=\"twitter:label1\" content=\"Est. reading time\" \/>\n\t<meta name=\"twitter:data1\" content=\"2 minutes\" \/>\n<!-- \/ Yoast SEO plugin. -->","yoast_head_json":{"title":"Al\u00e9rgenos alimentarios | Newman&#039;s Own","description":"Vea el resumen de al\u00e9rgenos de todos los productos alimenticios de Newman's Own.","robots":{"index":"index","follow":"follow","max-snippet":"max-snippet:-1","max-image-preview":"max-image-preview:large","max-video-preview":"max-video-preview:-1"},"canonical":"https:\/\/newmansown.com\/es\/alergenos\/","og_locale":"es_ES","og_type":"article","og_title":"Al\u00e9rgenos alimentarios | Newman&#039;s Own","og_description":"Vea el resumen de al\u00e9rgenos de todos los productos alimenticios de Newman's Own.","og_url":"https:\/\/newmansown.com\/es\/alergenos\/","og_site_name":"Newman&#039;s Own","article_modified_time":"2022-12-12T17:04:13+00:00","twitter_card":"summary_large_image","twitter_misc":{"Est. reading time":"2 minutes"},"schema":{"@context":"https:\/\/schema.org","@graph":[{"@type":"WebPage","@id":"https:\/\/newmansown.com\/es\/alergenos\/","url":"https:\/\/newmansown.com\/es\/alergenos\/","name":"Al\u00e9rgenos alimentarios | Newman&#039;s Own","isPartOf":{"@id":"https:\/\/www.newmansown.com\/es\/#website"},"datePublished":"2022-03-30T14:32:21+00:00","dateModified":"2022-12-12T17:04:13+00:00","description":"Vea el resumen de al\u00e9rgenos de todos los productos alimenticios de Newman's Own.","breadcrumb":{"@id":"https:\/\/newmansown.com\/es\/alergenos\/#breadcrumb"},"inLanguage":"es-ES","potentialAction":[{"@type":"ReadAction","target":["https:\/\/newmansown.com\/es\/alergenos\/"]}]},{"@type":"BreadcrumbList","@id":"https:\/\/newmansown.com\/es\/alergenos\/#breadcrumb","itemListElement":[{"@type":"ListItem","position":1,"name":"Home","item":"https:\/\/newmansown.com\/es\/"},{"@type":"ListItem","position":2,"name":"Al\u00e9rgenos"}]},{"@type":"WebSite","@id":"https:\/\/www.newmansown.com\/es\/#website","url":"https:\/\/www.newmansown.com\/es\/","name":"Newman&#039;s Own","description":"Let&#039;s Give It All Away","publisher":{"@id":"https:\/\/www.newmansown.com\/es\/#organization"},"potentialAction":[{"@type":"SearchAction","target":{"@type":"EntryPoint","urlTemplate":"https:\/\/www.newmansown.com\/es\/?s={search_term_string}"},"query-input":{"@type":"PropertyValueSpecification","valueRequired":true,"valueName":"search_term_string"}}],"inLanguage":"es-ES"},{"@type":"Organization","@id":"https:\/\/www.newmansown.com\/es\/#organization","name":"Newman&#039;s Own","url":"https:\/\/www.newmansown.com\/es\/","logo":{"@type":"ImageObject","inLanguage":"es-ES","@id":"https:\/\/www.newmansown.com\/es\/#\/schema\/logo\/image\/","url":"https:\/\/newmansown.com\/wp-content\/uploads\/2024\/02\/newmans-own-green-reg.png","contentUrl":"https:\/\/newmansown.com\/wp-content\/uploads\/2024\/02\/newmans-own-green-reg.png","width":737,"height":537,"caption":"Newman&#039;s Own"},"image":{"@id":"https:\/\/www.newmansown.com\/es\/#\/schema\/logo\/image\/"}}]}},"_links":{"self":[{"href":"https:\/\/newmansown.com\/es\/wp-json\/wp\/v2\/pages\/5325","targetHints":{"allow":["GET"]}}],"collection":[{"href":"https:\/\/newmansown.com\/es\/wp-json\/wp\/v2\/pages"}],"about":[{"href":"https:\/\/newmansown.com\/es\/wp-json\/wp\/v2\/types\/page"}],"author":[{"embeddable":true,"href":"https:\/\/newmansown.com\/es\/wp-json\/wp\/v2\/users\/1"}],"replies":[{"embeddable":true,"href":"https:\/\/newmansown.com\/es\/wp-json\/wp\/v2\/comments?post=5325"}],"version-history":[{"count":8,"href":"https:\/\/newmansown.com\/es\/wp-json\/wp\/v2\/pages\/5325\/revisions"}],"predecessor-version":[{"id":5607,"href":"https:\/\/newmansown.com\/es\/wp-json\/wp\/v2\/pages\/5325\/revisions\/5607"}],"wp:attachment":[{"href":"https:\/\/newmansown.com\/es\/wp-json\/wp\/v2\/media?parent=5325"}],"curies":[{"name":"wp","href":"https:\/\/api.w.org\/{rel}","templated":true}]}}