{"id":11106,"date":"2025-03-07T14:09:22","date_gmt":"2025-03-07T19:09:22","guid":{"rendered":"https:\/\/newmansown.com\/product\/nam-nam\/"},"modified":"2025-06-11T12:45:47","modified_gmt":"2025-06-11T16:45:47","slug":"yum-yum","status":"publish","type":"product","link":"https:\/\/newmansown.com\/es\/product\/yum-yum\/","title":{"rendered":"Yum Yum"},"content":{"rendered":"","protected":false},"excerpt":{"rendered":"<p>\u00a1Saluda al para\u00edso del sabor con la salsa para mojar Yum Yum de Newman&#8217;s Own! Esta creaci\u00f3n inspirada en los asadores japoneses es una delicia cremosa, dulce y \u00e1cida, repleta de un sabor \u00fanico a 7 especias que seguro sorprender\u00e1 a tus papilas gustativas. Perfecto para mojar, rociar o untar, a\u00f1ade un sabroso toque a todo, desde verduras a prote\u00ednas. \u00a1Pru\u00e9balo una vez y te enganchar\u00e1s!<\/p>\n","protected":false},"featured_media":11036,"template":"","meta":{"_acf_changed":false,"inline_featured_image":false},"product_brand":[],"product_cat":[406],"product_tag":[379],"class_list":{"0":"post-11106","1":"product","2":"type-product","3":"status-publish","4":"has-post-thumbnail","6":"product_cat-sauce","7":"product_tag-sin-gluten","9":"first","10":"instock","11":"shipping-taxable","12":"product-type-simple"},"acf":[],"yoast_head":"<!-- This site is optimized with the Yoast SEO plugin v27.0 - https:\/\/yoast.com\/product\/yoast-seo-wordpress\/ -->\n<title>Yum Yum | Newman&#039;s Own<\/title>\n<meta name=\"description\" content=\"\u00a1Saluda al para\u00edso del sabor con la salsa para mojar Yum Yum de Newman&#039;s Own! Esta creaci\u00f3n inspirada en los asadores japoneses es una delicia cremosa, dulce y \u00e1cida, repleta de un sabor \u00fanico a 7 especias que seguro sorprender\u00e1 a tus papilas gustativas. Perfecto para mojar, rociar o untar, a\u00f1ade un sabroso toque a todo, desde verduras a prote\u00ednas. \u00a1Pru\u00e9balo una vez y te enganchar\u00e1s!\" \/>\n<meta name=\"robots\" content=\"index, follow, max-snippet:-1, max-image-preview:large, max-video-preview:-1\" \/>\n<link rel=\"canonical\" href=\"https:\/\/newmansown.com\/es\/product\/yum-yum\/\" \/>\n<meta property=\"og:locale\" content=\"es_ES\" \/>\n<meta property=\"og:type\" content=\"article\" \/>\n<meta property=\"og:title\" content=\"Yum Yum | Newman&#039;s Own\" \/>\n<meta property=\"og:description\" content=\"\u00a1Saluda al para\u00edso del sabor con la salsa para mojar Yum Yum de Newman&#039;s Own! Esta creaci\u00f3n inspirada en los asadores japoneses es una delicia cremosa, dulce y \u00e1cida, repleta de un sabor \u00fanico a 7 especias que seguro sorprender\u00e1 a tus papilas gustativas. Perfecto para mojar, rociar o untar, a\u00f1ade un sabroso toque a todo, desde verduras a prote\u00ednas. \u00a1Pru\u00e9balo una vez y te enganchar\u00e1s!\" \/>\n<meta property=\"og:url\" content=\"https:\/\/newmansown.com\/es\/product\/yum-yum\/\" \/>\n<meta property=\"og:site_name\" content=\"Newman&#039;s Own\" \/>\n<meta property=\"article:modified_time\" content=\"2025-06-11T16:45:47+00:00\" \/>\n<meta property=\"og:image\" content=\"https:\/\/www.newmansown.com\/wp-content\/uploads\/2025\/03\/NewmansOwnYumYum_Front.png\" \/>\n\t<meta property=\"og:image:width\" content=\"1036\" \/>\n\t<meta property=\"og:image:height\" content=\"1100\" \/>\n\t<meta property=\"og:image:type\" content=\"image\/png\" \/>\n<meta name=\"twitter:card\" content=\"summary_large_image\" \/>\n<meta name=\"twitter:label1\" content=\"Est. reading time\" \/>\n\t<meta name=\"twitter:data1\" content=\"1 minute\" \/>\n<!-- \/ Yoast SEO plugin. -->","yoast_head_json":{"title":"Yum Yum | Newman&#039;s Own","description":"\u00a1Saluda al para\u00edso del sabor con la salsa para mojar Yum Yum de Newman's Own! Esta creaci\u00f3n inspirada en los asadores japoneses es una delicia cremosa, dulce y \u00e1cida, repleta de un sabor \u00fanico a 7 especias que seguro sorprender\u00e1 a tus papilas gustativas. Perfecto para mojar, rociar o untar, a\u00f1ade un sabroso toque a todo, desde verduras a prote\u00ednas. \u00a1Pru\u00e9balo una vez y te enganchar\u00e1s!","robots":{"index":"index","follow":"follow","max-snippet":"max-snippet:-1","max-image-preview":"max-image-preview:large","max-video-preview":"max-video-preview:-1"},"canonical":"https:\/\/newmansown.com\/es\/product\/yum-yum\/","og_locale":"es_ES","og_type":"article","og_title":"Yum Yum | Newman&#039;s Own","og_description":"\u00a1Saluda al para\u00edso del sabor con la salsa para mojar Yum Yum de Newman's Own! Esta creaci\u00f3n inspirada en los asadores japoneses es una delicia cremosa, dulce y \u00e1cida, repleta de un sabor \u00fanico a 7 especias que seguro sorprender\u00e1 a tus papilas gustativas. Perfecto para mojar, rociar o untar, a\u00f1ade un sabroso toque a todo, desde verduras a prote\u00ednas. \u00a1Pru\u00e9balo una vez y te enganchar\u00e1s!","og_url":"https:\/\/newmansown.com\/es\/product\/yum-yum\/","og_site_name":"Newman&#039;s Own","article_modified_time":"2025-06-11T16:45:47+00:00","og_image":[{"width":1036,"height":1100,"url":"https:\/\/www.newmansown.com\/wp-content\/uploads\/2025\/03\/NewmansOwnYumYum_Front.png","type":"image\/png"}],"twitter_card":"summary_large_image","twitter_misc":{"Est. reading time":"1 minute"},"schema":{"@context":"https:\/\/schema.org","@graph":[{"@type":["WebPage","ItemPage"],"@id":"https:\/\/newmansown.com\/es\/product\/yum-yum\/","url":"https:\/\/newmansown.com\/es\/product\/yum-yum\/","name":"Yum Yum | Newman&#039;s Own","isPartOf":{"@id":"https:\/\/www.newmansown.com\/es\/#website"},"primaryImageOfPage":{"@id":"https:\/\/newmansown.com\/es\/product\/yum-yum\/#primaryimage"},"image":{"@id":"https:\/\/newmansown.com\/es\/product\/yum-yum\/#primaryimage"},"thumbnailUrl":"https:\/\/newmansown.com\/wp-content\/uploads\/2025\/03\/NewmansOwnYumYum_Front.png","datePublished":"2025-03-07T19:09:22+00:00","dateModified":"2025-06-11T16:45:47+00:00","description":"\u00a1Saluda al para\u00edso del sabor con la salsa para mojar Yum Yum de Newman's Own! Esta creaci\u00f3n inspirada en los asadores japoneses es una delicia cremosa, dulce y \u00e1cida, repleta de un sabor \u00fanico a 7 especias que seguro sorprender\u00e1 a tus papilas gustativas. Perfecto para mojar, rociar o untar, a\u00f1ade un sabroso toque a todo, desde verduras a prote\u00ednas. \u00a1Pru\u00e9balo una vez y te enganchar\u00e1s!","breadcrumb":{"@id":"https:\/\/newmansown.com\/es\/product\/yum-yum\/#breadcrumb"},"inLanguage":"es-ES","potentialAction":[{"@type":"ReadAction","target":["https:\/\/newmansown.com\/es\/product\/yum-yum\/"]}]},{"@type":"ImageObject","inLanguage":"es-ES","@id":"https:\/\/newmansown.com\/es\/product\/yum-yum\/#primaryimage","url":"https:\/\/newmansown.com\/wp-content\/uploads\/2025\/03\/NewmansOwnYumYum_Front.png","contentUrl":"https:\/\/newmansown.com\/wp-content\/uploads\/2025\/03\/NewmansOwnYumYum_Front.png","width":1036,"height":1100,"caption":"\u00d1am \u00d1am"},{"@type":"BreadcrumbList","@id":"https:\/\/newmansown.com\/es\/product\/yum-yum\/#breadcrumb","itemListElement":[{"@type":"ListItem","position":1,"name":"Home","item":"https:\/\/newmansown.com\/es\/inicio\/"},{"@type":"ListItem","position":2,"name":"Productos","item":"https:\/\/www.newmansown.com\/es\/productos\/"},{"@type":"ListItem","position":3,"name":"Yum Yum"}]},{"@type":"WebSite","@id":"https:\/\/www.newmansown.com\/es\/#website","url":"https:\/\/www.newmansown.com\/es\/","name":"Newman&#039;s Own","description":"Let&#039;s Give It All Away","publisher":{"@id":"https:\/\/www.newmansown.com\/es\/#organization"},"potentialAction":[{"@type":"SearchAction","target":{"@type":"EntryPoint","urlTemplate":"https:\/\/www.newmansown.com\/es\/?s={search_term_string}"},"query-input":{"@type":"PropertyValueSpecification","valueRequired":true,"valueName":"search_term_string"}}],"inLanguage":"es-ES"},{"@type":"Organization","@id":"https:\/\/www.newmansown.com\/es\/#organization","name":"Newman&#039;s Own","url":"https:\/\/www.newmansown.com\/es\/","logo":{"@type":"ImageObject","inLanguage":"es-ES","@id":"https:\/\/www.newmansown.com\/es\/#\/schema\/logo\/image\/","url":"https:\/\/newmansown.com\/wp-content\/uploads\/2024\/02\/newmans-own-green-reg.png","contentUrl":"https:\/\/newmansown.com\/wp-content\/uploads\/2024\/02\/newmans-own-green-reg.png","width":737,"height":537,"caption":"Newman&#039;s Own"},"image":{"@id":"https:\/\/www.newmansown.com\/es\/#\/schema\/logo\/image\/"}}]}},"_links":{"self":[{"href":"https:\/\/newmansown.com\/es\/wp-json\/wp\/v2\/product\/11106","targetHints":{"allow":["GET"]}}],"collection":[{"href":"https:\/\/newmansown.com\/es\/wp-json\/wp\/v2\/product"}],"about":[{"href":"https:\/\/newmansown.com\/es\/wp-json\/wp\/v2\/types\/product"}],"wp:featuredmedia":[{"embeddable":true,"href":"https:\/\/newmansown.com\/es\/wp-json\/wp\/v2\/media\/11036"}],"wp:attachment":[{"href":"https:\/\/newmansown.com\/es\/wp-json\/wp\/v2\/media?parent=11106"}],"wp:term":[{"taxonomy":"product_brand","embeddable":true,"href":"https:\/\/newmansown.com\/es\/wp-json\/wp\/v2\/product_brand?post=11106"},{"taxonomy":"product_cat","embeddable":true,"href":"https:\/\/newmansown.com\/es\/wp-json\/wp\/v2\/product_cat?post=11106"},{"taxonomy":"product_tag","embeddable":true,"href":"https:\/\/newmansown.com\/es\/wp-json\/wp\/v2\/product_tag?post=11106"}],"curies":[{"name":"wp","href":"https:\/\/api.w.org\/{rel}","templated":true}]}}