{"id":5618,"date":"2022-04-12T14:23:26","date_gmt":"2022-04-12T18:23:26","guid":{"rendered":"https:\/\/newmansown.com\/product\/organic-butter-microwave-popcorn\/"},"modified":"2022-04-12T14:23:26","modified_gmt":"2022-04-12T18:23:26","slug":"organic-butter-microwave-popcorn","status":"publish","type":"product","link":"https:\/\/newmansown.com\/es\/product\/organic-butter-microwave-popcorn\/","title":{"rendered":"Organic Butter Microwave Popcorn"},"content":{"rendered":"<p>Todos los sabores tradicionales de la antigua versi\u00f3n al aire, pero f\u00e1cil de hacer en el microondas. <\/p>\n<p>Newman&#8217;s Own Organics Butter Microwave Popcorn est\u00e1n certificadas como ecol\u00f3gicas por la USDA para ofrecerte un tentempi\u00e9 sabroso y mantecoso del que no tendr\u00e1s que sentirte culpable. <\/p>\n","protected":false},"excerpt":{"rendered":"<p>Todos los sabores tradicionales de la antigua versi\u00f3n al aire, pero f\u00e1cil de hacer en el microondas. <\/p>\n<p>Newman&#8217;s Own Organics Butter Microwave Popcorn est\u00e1n certificadas como ecol\u00f3gicas por la USDA para ofrecerte un tentempi\u00e9 sabroso y mantecoso del que no tendr\u00e1s que sentirte culpable. <\/p>\n","protected":false},"featured_media":7338,"template":"","meta":{"_acf_changed":false,"inline_featured_image":false},"product_brand":[],"product_cat":[373,376,363],"product_tag":[],"class_list":{"0":"post-5618","1":"product","2":"type-product","3":"status-publish","4":"has-post-thumbnail","6":"product_cat-aperitivos","7":"product_cat-palomitas-de-maiz","8":"product_cat-organico","10":"first","11":"instock","12":"shipping-taxable","13":"product-type-simple"},"acf":[],"yoast_head":"<!-- This site is optimized with the Yoast SEO plugin v27.3 - https:\/\/yoast.com\/product\/yoast-seo-wordpress\/ -->\n<title>Organic Butter Microwave Popcorn | Newman&#039;s Own<\/title>\n<meta name=\"description\" content=\"Todos los sabores tradicionales de la antigua versi\u00f3n al aire, pero f\u00e1cil de hacer en el microondas.  Newman&#039;s Own Organics Butter Microwave Popcorn est\u00e1n certificadas como ecol\u00f3gicas por la USDA para ofrecerte un tentempi\u00e9 sabroso y mantecoso del que no tendr\u00e1s que sentirte culpable.\" \/>\n<meta name=\"robots\" content=\"index, follow, max-snippet:-1, max-image-preview:large, max-video-preview:-1\" \/>\n<link rel=\"canonical\" href=\"https:\/\/newmansown.com\/es\/product\/organic-butter-microwave-popcorn\/\" \/>\n<meta property=\"og:locale\" content=\"es_ES\" \/>\n<meta property=\"og:type\" content=\"article\" \/>\n<meta property=\"og:title\" content=\"Organic Butter Microwave Popcorn | Newman&#039;s Own\" \/>\n<meta property=\"og:description\" content=\"Todos los sabores tradicionales de la antigua versi\u00f3n al aire, pero f\u00e1cil de hacer en el microondas.  Newman&#039;s Own Organics Butter Microwave Popcorn est\u00e1n certificadas como ecol\u00f3gicas por la USDA para ofrecerte un tentempi\u00e9 sabroso y mantecoso del que no tendr\u00e1s que sentirte culpable.\" \/>\n<meta property=\"og:url\" content=\"https:\/\/newmansown.com\/es\/product\/organic-butter-microwave-popcorn\/\" \/>\n<meta property=\"og:site_name\" content=\"Newman&#039;s Own\" \/>\n<meta property=\"og:image\" content=\"https:\/\/www.newmansown.com\/wp-content\/uploads\/2022\/04\/organicbutter.png\" \/>\n\t<meta property=\"og:image:width\" content=\"1036\" \/>\n\t<meta property=\"og:image:height\" content=\"1100\" \/>\n\t<meta property=\"og:image:type\" content=\"image\/png\" \/>\n<meta name=\"twitter:card\" content=\"summary_large_image\" \/>\n<!-- \/ Yoast SEO plugin. -->","yoast_head_json":{"title":"Organic Butter Microwave Popcorn | Newman&#039;s Own","description":"Todos los sabores tradicionales de la antigua versi\u00f3n al aire, pero f\u00e1cil de hacer en el microondas.  Newman's Own Organics Butter Microwave Popcorn est\u00e1n certificadas como ecol\u00f3gicas por la USDA para ofrecerte un tentempi\u00e9 sabroso y mantecoso del que no tendr\u00e1s que sentirte culpable.","robots":{"index":"index","follow":"follow","max-snippet":"max-snippet:-1","max-image-preview":"max-image-preview:large","max-video-preview":"max-video-preview:-1"},"canonical":"https:\/\/newmansown.com\/es\/product\/organic-butter-microwave-popcorn\/","og_locale":"es_ES","og_type":"article","og_title":"Organic Butter Microwave Popcorn | Newman&#039;s Own","og_description":"Todos los sabores tradicionales de la antigua versi\u00f3n al aire, pero f\u00e1cil de hacer en el microondas.  Newman's Own Organics Butter Microwave Popcorn est\u00e1n certificadas como ecol\u00f3gicas por la USDA para ofrecerte un tentempi\u00e9 sabroso y mantecoso del que no tendr\u00e1s que sentirte culpable.","og_url":"https:\/\/newmansown.com\/es\/product\/organic-butter-microwave-popcorn\/","og_site_name":"Newman&#039;s Own","og_image":[{"width":1036,"height":1100,"url":"https:\/\/www.newmansown.com\/wp-content\/uploads\/2022\/04\/organicbutter.png","type":"image\/png"}],"twitter_card":"summary_large_image","schema":{"@context":"https:\/\/schema.org","@graph":[{"@type":["WebPage","ItemPage"],"@id":"https:\/\/newmansown.com\/es\/product\/organic-butter-microwave-popcorn\/","url":"https:\/\/newmansown.com\/es\/product\/organic-butter-microwave-popcorn\/","name":"Organic Butter Microwave Popcorn | Newman&#039;s Own","isPartOf":{"@id":"https:\/\/www.newmansown.com\/es\/#website"},"primaryImageOfPage":{"@id":"https:\/\/newmansown.com\/es\/product\/organic-butter-microwave-popcorn\/#primaryimage"},"image":{"@id":"https:\/\/newmansown.com\/es\/product\/organic-butter-microwave-popcorn\/#primaryimage"},"thumbnailUrl":"https:\/\/newmansown.com\/wp-content\/uploads\/2022\/04\/organicbutter.png","datePublished":"2022-04-12T18:23:26+00:00","description":"Todos los sabores tradicionales de la antigua versi\u00f3n al aire, pero f\u00e1cil de hacer en el microondas. Newman's Own Organics Butter Microwave Popcorn est\u00e1n certificadas como ecol\u00f3gicas por la USDA para ofrecerte un tentempi\u00e9 sabroso y mantecoso del que no tendr\u00e1s que sentirte culpable.","breadcrumb":{"@id":"https:\/\/newmansown.com\/es\/product\/organic-butter-microwave-popcorn\/#breadcrumb"},"inLanguage":"es-ES","potentialAction":[{"@type":"ReadAction","target":["https:\/\/newmansown.com\/es\/product\/organic-butter-microwave-popcorn\/"]}]},{"@type":"ImageObject","inLanguage":"es-ES","@id":"https:\/\/newmansown.com\/es\/product\/organic-butter-microwave-popcorn\/#primaryimage","url":"https:\/\/newmansown.com\/wp-content\/uploads\/2022\/04\/organicbutter.png","contentUrl":"https:\/\/newmansown.com\/wp-content\/uploads\/2022\/04\/organicbutter.png","width":1036,"height":1100,"caption":"Newman's Own Organic Popcorn Butter"},{"@type":"BreadcrumbList","@id":"https:\/\/newmansown.com\/es\/product\/organic-butter-microwave-popcorn\/#breadcrumb","itemListElement":[{"@type":"ListItem","position":1,"name":"Home","item":"https:\/\/newmansown.com\/es\/"},{"@type":"ListItem","position":2,"name":"Productos","item":"https:\/\/www.newmansown.com\/es\/productos\/"},{"@type":"ListItem","position":3,"name":"Organic Butter Microwave Popcorn"}]},{"@type":"WebSite","@id":"https:\/\/www.newmansown.com\/es\/#website","url":"https:\/\/www.newmansown.com\/es\/","name":"Newman&#039;s Own","description":"Let&#039;s Give It All Away","publisher":{"@id":"https:\/\/www.newmansown.com\/es\/#organization"},"potentialAction":[{"@type":"SearchAction","target":{"@type":"EntryPoint","urlTemplate":"https:\/\/www.newmansown.com\/es\/?s={search_term_string}"},"query-input":{"@type":"PropertyValueSpecification","valueRequired":true,"valueName":"search_term_string"}}],"inLanguage":"es-ES"},{"@type":"Organization","@id":"https:\/\/www.newmansown.com\/es\/#organization","name":"Newman&#039;s Own","url":"https:\/\/www.newmansown.com\/es\/","logo":{"@type":"ImageObject","inLanguage":"es-ES","@id":"https:\/\/www.newmansown.com\/es\/#\/schema\/logo\/image\/","url":"https:\/\/newmansown.com\/wp-content\/uploads\/2024\/02\/newmans-own-green-reg.png","contentUrl":"https:\/\/newmansown.com\/wp-content\/uploads\/2024\/02\/newmans-own-green-reg.png","width":737,"height":537,"caption":"Newman&#039;s Own"},"image":{"@id":"https:\/\/www.newmansown.com\/es\/#\/schema\/logo\/image\/"}}]}},"_links":{"self":[{"href":"https:\/\/newmansown.com\/es\/wp-json\/wp\/v2\/product\/5618","targetHints":{"allow":["GET"]}}],"collection":[{"href":"https:\/\/newmansown.com\/es\/wp-json\/wp\/v2\/product"}],"about":[{"href":"https:\/\/newmansown.com\/es\/wp-json\/wp\/v2\/types\/product"}],"wp:featuredmedia":[{"embeddable":true,"href":"https:\/\/newmansown.com\/es\/wp-json\/wp\/v2\/media\/7338"}],"wp:attachment":[{"href":"https:\/\/newmansown.com\/es\/wp-json\/wp\/v2\/media?parent=5618"}],"wp:term":[{"taxonomy":"product_brand","embeddable":true,"href":"https:\/\/newmansown.com\/es\/wp-json\/wp\/v2\/product_brand?post=5618"},{"taxonomy":"product_cat","embeddable":true,"href":"https:\/\/newmansown.com\/es\/wp-json\/wp\/v2\/product_cat?post=5618"},{"taxonomy":"product_tag","embeddable":true,"href":"https:\/\/newmansown.com\/es\/wp-json\/wp\/v2\/product_tag?post=5618"}],"curies":[{"name":"wp","href":"https:\/\/api.w.org\/{rel}","templated":true}]}}