{"id":5706,"date":"2022-04-12T13:31:38","date_gmt":"2022-04-12T17:31:38","guid":{"rendered":"https:\/\/newmansown.com\/product\/old-fashioned-roadside-lemonade\/"},"modified":"2022-12-14T17:11:08","modified_gmt":"2022-12-14T22:11:08","slug":"virgin-lemonade","status":"publish","type":"product","link":"https:\/\/newmansown.com\/es\/product\/virgin-lemonade\/","title":{"rendered":"Old Fashioned Roadside Lemonade"},"content":{"rendered":"<p>La Newman&#8217;s Own Old Fashioned Roadside Lemonade te llevar\u00e1 a una tierra de frescos y sabrosos refrescos de carretera.<\/p>\n<p>Elaborada con deliciosos ingredientes como az\u00facar de ca\u00f1a y limones, esta original receta evoca todos los sabores de una deliciosa limonada casera. Elaborado sin aromas, colorantes ni conservantes artificiales.<\/p>\n","protected":false},"excerpt":{"rendered":"<p>La Newman&#8217;s Own Old Fashioned Roadside Lemonade te llevar\u00e1 a una tierra de frescos y sabrosos refrescos de carretera.<\/p>\n<p>Elaborada con deliciosos ingredientes como az\u00facar de ca\u00f1a y limones, esta original receta evoca todos los sabores de una deliciosa limonada casera. Elaborado sin aromas, colorantes ni conservantes artificiales.<\/p>\n","protected":false},"featured_media":9995,"template":"","meta":{"_acf_changed":false,"inline_featured_image":false},"product_brand":[],"product_cat":[356,358],"product_tag":[],"class_list":{"0":"post-5706","1":"product","2":"type-product","3":"status-publish","4":"has-post-thumbnail","6":"product_cat-bebidas","7":"product_cat-bebidas-refrigeradas","9":"first","10":"instock","11":"shipping-taxable","12":"product-type-simple"},"acf":[],"yoast_head":"<!-- This site is optimized with the Yoast SEO plugin v27.3 - https:\/\/yoast.com\/product\/yoast-seo-wordpress\/ -->\n<title>Old Fashioned Roadside Lemonade | Newman&#039;s Own<\/title>\n<meta name=\"description\" content=\"La Newman&#039;s Own Old Fashioned Roadside Lemonade te llevar\u00e1 a una tierra de frescos y sabrosos refrescos de carretera. Elaborada con deliciosos ingredientes como az\u00facar de ca\u00f1a y limones, esta original receta evoca todos los sabores de una deliciosa limonada casera. Elaborado sin aromas, colorantes ni conservantes artificiales.\" \/>\n<meta name=\"robots\" content=\"index, follow, max-snippet:-1, max-image-preview:large, max-video-preview:-1\" \/>\n<link rel=\"canonical\" href=\"https:\/\/newmansown.com\/es\/product\/virgin-lemonade\/\" \/>\n<meta property=\"og:locale\" content=\"es_ES\" \/>\n<meta property=\"og:type\" content=\"article\" \/>\n<meta property=\"og:title\" content=\"Old Fashioned Roadside Lemonade | Newman&#039;s Own\" \/>\n<meta property=\"og:description\" content=\"La Newman&#039;s Own Old Fashioned Roadside Lemonade te llevar\u00e1 a una tierra de frescos y sabrosos refrescos de carretera. Elaborada con deliciosos ingredientes como az\u00facar de ca\u00f1a y limones, esta original receta evoca todos los sabores de una deliciosa limonada casera. Elaborado sin aromas, colorantes ni conservantes artificiales.\" \/>\n<meta property=\"og:url\" content=\"https:\/\/newmansown.com\/es\/product\/virgin-lemonade\/\" \/>\n<meta property=\"og:site_name\" content=\"Newman&#039;s Own\" \/>\n<meta property=\"article:modified_time\" content=\"2022-12-14T22:11:08+00:00\" \/>\n<meta property=\"og:image\" content=\"https:\/\/www.newmansown.com\/wp-content\/uploads\/2022\/04\/Newmans-Own-Old-Fashioned-Roadside-Lemonade.png\" \/>\n\t<meta property=\"og:image:width\" content=\"1036\" \/>\n\t<meta property=\"og:image:height\" content=\"1100\" \/>\n\t<meta property=\"og:image:type\" content=\"image\/png\" \/>\n<meta name=\"twitter:card\" content=\"summary_large_image\" \/>\n<!-- \/ Yoast SEO plugin. -->","yoast_head_json":{"title":"Old Fashioned Roadside Lemonade | Newman&#039;s Own","description":"La Newman's Own Old Fashioned Roadside Lemonade te llevar\u00e1 a una tierra de frescos y sabrosos refrescos de carretera. Elaborada con deliciosos ingredientes como az\u00facar de ca\u00f1a y limones, esta original receta evoca todos los sabores de una deliciosa limonada casera. Elaborado sin aromas, colorantes ni conservantes artificiales.","robots":{"index":"index","follow":"follow","max-snippet":"max-snippet:-1","max-image-preview":"max-image-preview:large","max-video-preview":"max-video-preview:-1"},"canonical":"https:\/\/newmansown.com\/es\/product\/virgin-lemonade\/","og_locale":"es_ES","og_type":"article","og_title":"Old Fashioned Roadside Lemonade | Newman&#039;s Own","og_description":"La Newman's Own Old Fashioned Roadside Lemonade te llevar\u00e1 a una tierra de frescos y sabrosos refrescos de carretera. Elaborada con deliciosos ingredientes como az\u00facar de ca\u00f1a y limones, esta original receta evoca todos los sabores de una deliciosa limonada casera. Elaborado sin aromas, colorantes ni conservantes artificiales.","og_url":"https:\/\/newmansown.com\/es\/product\/virgin-lemonade\/","og_site_name":"Newman&#039;s Own","article_modified_time":"2022-12-14T22:11:08+00:00","og_image":[{"width":1036,"height":1100,"url":"https:\/\/www.newmansown.com\/wp-content\/uploads\/2022\/04\/Newmans-Own-Old-Fashioned-Roadside-Lemonade.png","type":"image\/png"}],"twitter_card":"summary_large_image","schema":{"@context":"https:\/\/schema.org","@graph":[{"@type":["WebPage","ItemPage"],"@id":"https:\/\/newmansown.com\/es\/product\/virgin-lemonade\/","url":"https:\/\/newmansown.com\/es\/product\/virgin-lemonade\/","name":"Old Fashioned Roadside Lemonade | Newman&#039;s Own","isPartOf":{"@id":"https:\/\/www.newmansown.com\/es\/#website"},"primaryImageOfPage":{"@id":"https:\/\/newmansown.com\/es\/product\/virgin-lemonade\/#primaryimage"},"image":{"@id":"https:\/\/newmansown.com\/es\/product\/virgin-lemonade\/#primaryimage"},"thumbnailUrl":"https:\/\/newmansown.com\/wp-content\/uploads\/2022\/04\/Newmans-Own-Old-Fashioned-Roadside-Lemonade.png","datePublished":"2022-04-12T17:31:38+00:00","dateModified":"2022-12-14T22:11:08+00:00","description":"La Newman's Own Old Fashioned Roadside Lemonade te llevar\u00e1 a una tierra de frescos y sabrosos refrescos de carretera. Elaborada con deliciosos ingredientes como az\u00facar de ca\u00f1a y limones, esta original receta evoca todos los sabores de una deliciosa limonada casera. Elaborado sin aromas, colorantes ni conservantes artificiales.","breadcrumb":{"@id":"https:\/\/newmansown.com\/es\/product\/virgin-lemonade\/#breadcrumb"},"inLanguage":"es-ES","potentialAction":[{"@type":"ReadAction","target":["https:\/\/newmansown.com\/es\/product\/virgin-lemonade\/"]}]},{"@type":"ImageObject","inLanguage":"es-ES","@id":"https:\/\/newmansown.com\/es\/product\/virgin-lemonade\/#primaryimage","url":"https:\/\/newmansown.com\/wp-content\/uploads\/2022\/04\/Newmans-Own-Old-Fashioned-Roadside-Lemonade.png","contentUrl":"https:\/\/newmansown.com\/wp-content\/uploads\/2022\/04\/Newmans-Own-Old-Fashioned-Roadside-Lemonade.png","width":1036,"height":1100,"caption":"Newman's Own Old Fashioned Roadside Lemonade"},{"@type":"BreadcrumbList","@id":"https:\/\/newmansown.com\/es\/product\/virgin-lemonade\/#breadcrumb","itemListElement":[{"@type":"ListItem","position":1,"name":"Home","item":"https:\/\/newmansown.com\/es\/inicio\/"},{"@type":"ListItem","position":2,"name":"Productos","item":"https:\/\/www.newmansown.com\/es\/productos\/"},{"@type":"ListItem","position":3,"name":"Old Fashioned Roadside Lemonade"}]},{"@type":"WebSite","@id":"https:\/\/www.newmansown.com\/es\/#website","url":"https:\/\/www.newmansown.com\/es\/","name":"Newman&#039;s Own","description":"Let&#039;s Give It All Away","publisher":{"@id":"https:\/\/www.newmansown.com\/es\/#organization"},"potentialAction":[{"@type":"SearchAction","target":{"@type":"EntryPoint","urlTemplate":"https:\/\/www.newmansown.com\/es\/?s={search_term_string}"},"query-input":{"@type":"PropertyValueSpecification","valueRequired":true,"valueName":"search_term_string"}}],"inLanguage":"es-ES"},{"@type":"Organization","@id":"https:\/\/www.newmansown.com\/es\/#organization","name":"Newman&#039;s Own","url":"https:\/\/www.newmansown.com\/es\/","logo":{"@type":"ImageObject","inLanguage":"es-ES","@id":"https:\/\/www.newmansown.com\/es\/#\/schema\/logo\/image\/","url":"https:\/\/newmansown.com\/wp-content\/uploads\/2024\/02\/newmans-own-green-reg.png","contentUrl":"https:\/\/newmansown.com\/wp-content\/uploads\/2024\/02\/newmans-own-green-reg.png","width":737,"height":537,"caption":"Newman&#039;s Own"},"image":{"@id":"https:\/\/www.newmansown.com\/es\/#\/schema\/logo\/image\/"}}]}},"_links":{"self":[{"href":"https:\/\/newmansown.com\/es\/wp-json\/wp\/v2\/product\/5706","targetHints":{"allow":["GET"]}}],"collection":[{"href":"https:\/\/newmansown.com\/es\/wp-json\/wp\/v2\/product"}],"about":[{"href":"https:\/\/newmansown.com\/es\/wp-json\/wp\/v2\/types\/product"}],"wp:featuredmedia":[{"embeddable":true,"href":"https:\/\/newmansown.com\/es\/wp-json\/wp\/v2\/media\/9995"}],"wp:attachment":[{"href":"https:\/\/newmansown.com\/es\/wp-json\/wp\/v2\/media?parent=5706"}],"wp:term":[{"taxonomy":"product_brand","embeddable":true,"href":"https:\/\/newmansown.com\/es\/wp-json\/wp\/v2\/product_brand?post=5706"},{"taxonomy":"product_cat","embeddable":true,"href":"https:\/\/newmansown.com\/es\/wp-json\/wp\/v2\/product_cat?post=5706"},{"taxonomy":"product_tag","embeddable":true,"href":"https:\/\/newmansown.com\/es\/wp-json\/wp\/v2\/product_tag?post=5706"}],"curies":[{"name":"wp","href":"https:\/\/api.w.org\/{rel}","templated":true}]}}