{"id":5722,"date":"2022-04-12T13:25:57","date_gmt":"2022-04-12T17:25:57","guid":{"rendered":"https:\/\/newmansown.com\/product\/salsa-con-queso\/"},"modified":"2022-04-12T13:25:57","modified_gmt":"2022-04-12T17:25:57","slug":"salsa-con-queso","status":"publish","type":"product","link":"https:\/\/newmansown.com\/es\/product\/salsa-con-queso\/","title":{"rendered":"Salsa Con Queso"},"content":{"rendered":"<p>Sum\u00e9rjase en el delicioso sabor del queso cheddar, mezclado con pimientos rojos y amarillos; cr\u00e9anos, su patata frita se lo agradecer\u00e1.<\/p>\n<p>La Newman&#8217;s Own Salsa Con Queso se elabora con los mejores ingredientes, como tomates cortados en dados y un toque de jalape\u00f1o, para conseguir un plato favorito para las fiestas.<\/p>\n","protected":false},"excerpt":{"rendered":"<p>Sum\u00e9rjase en el delicioso sabor del queso cheddar, mezclado con pimientos rojos y amarillos; cr\u00e9anos, su patata frita se lo agradecer\u00e1.<\/p>\n<p>La Newman&#8217;s Own Salsa Con Queso se elabora con los mejores ingredientes, como tomates cortados en dados y un toque de jalape\u00f1o, para conseguir un plato favorito para las fiestas.<\/p>\n","protected":false},"featured_media":2779,"template":"","meta":{"_acf_changed":false,"inline_featured_image":false},"product_brand":[],"product_cat":[361],"product_tag":[],"class_list":{"0":"post-5722","1":"product","2":"type-product","3":"status-publish","4":"has-post-thumbnail","6":"product_cat-salsa-es","8":"first","9":"instock","10":"shipping-taxable","11":"product-type-simple"},"acf":[],"yoast_head":"<!-- This site is optimized with the Yoast SEO plugin v27.0 - https:\/\/yoast.com\/product\/yoast-seo-wordpress\/ -->\n<title>Salsa Con Queso | Newman&#039;s Own<\/title>\n<meta name=\"description\" content=\"Sum\u00e9rjase en el delicioso sabor del queso cheddar, mezclado con pimientos rojos y amarillos; cr\u00e9anos, su patata frita se lo agradecer\u00e1. La Newman&#039;s Own Salsa Con Queso se elabora con los mejores ingredientes, como tomates cortados en dados y un toque de jalape\u00f1o, para conseguir un plato favorito para las fiestas.\" \/>\n<meta name=\"robots\" content=\"index, follow, max-snippet:-1, max-image-preview:large, max-video-preview:-1\" \/>\n<link rel=\"canonical\" href=\"https:\/\/newmansown.com\/es\/product\/salsa-con-queso\/\" \/>\n<meta property=\"og:locale\" content=\"es_ES\" \/>\n<meta property=\"og:type\" content=\"article\" \/>\n<meta property=\"og:title\" content=\"Salsa Con Queso | Newman&#039;s Own\" \/>\n<meta property=\"og:description\" content=\"Sum\u00e9rjase en el delicioso sabor del queso cheddar, mezclado con pimientos rojos y amarillos; cr\u00e9anos, su patata frita se lo agradecer\u00e1. La Newman&#039;s Own Salsa Con Queso se elabora con los mejores ingredientes, como tomates cortados en dados y un toque de jalape\u00f1o, para conseguir un plato favorito para las fiestas.\" \/>\n<meta property=\"og:url\" content=\"https:\/\/newmansown.com\/es\/product\/salsa-con-queso\/\" \/>\n<meta property=\"og:site_name\" content=\"Newman&#039;s Own\" \/>\n<meta property=\"og:image\" content=\"https:\/\/www.newmansown.com\/wp-content\/uploads\/2022\/04\/NO_16oz_Salsa_ConQueso@2x.png\" \/>\n\t<meta property=\"og:image:width\" content=\"1036\" \/>\n\t<meta property=\"og:image:height\" content=\"1100\" \/>\n\t<meta property=\"og:image:type\" content=\"image\/png\" \/>\n<meta name=\"twitter:card\" content=\"summary_large_image\" \/>\n<!-- \/ Yoast SEO plugin. -->","yoast_head_json":{"title":"Salsa Con Queso | Newman&#039;s Own","description":"Sum\u00e9rjase en el delicioso sabor del queso cheddar, mezclado con pimientos rojos y amarillos; cr\u00e9anos, su patata frita se lo agradecer\u00e1. La Newman's Own Salsa Con Queso se elabora con los mejores ingredientes, como tomates cortados en dados y un toque de jalape\u00f1o, para conseguir un plato favorito para las fiestas.","robots":{"index":"index","follow":"follow","max-snippet":"max-snippet:-1","max-image-preview":"max-image-preview:large","max-video-preview":"max-video-preview:-1"},"canonical":"https:\/\/newmansown.com\/es\/product\/salsa-con-queso\/","og_locale":"es_ES","og_type":"article","og_title":"Salsa Con Queso | Newman&#039;s Own","og_description":"Sum\u00e9rjase en el delicioso sabor del queso cheddar, mezclado con pimientos rojos y amarillos; cr\u00e9anos, su patata frita se lo agradecer\u00e1. La Newman's Own Salsa Con Queso se elabora con los mejores ingredientes, como tomates cortados en dados y un toque de jalape\u00f1o, para conseguir un plato favorito para las fiestas.","og_url":"https:\/\/newmansown.com\/es\/product\/salsa-con-queso\/","og_site_name":"Newman&#039;s Own","og_image":[{"width":1036,"height":1100,"url":"https:\/\/www.newmansown.com\/wp-content\/uploads\/2022\/04\/NO_16oz_Salsa_ConQueso@2x.png","type":"image\/png"}],"twitter_card":"summary_large_image","schema":{"@context":"https:\/\/schema.org","@graph":[{"@type":["WebPage","ItemPage"],"@id":"https:\/\/newmansown.com\/es\/product\/salsa-con-queso\/","url":"https:\/\/newmansown.com\/es\/product\/salsa-con-queso\/","name":"Salsa Con Queso | Newman&#039;s Own","isPartOf":{"@id":"https:\/\/www.newmansown.com\/es\/#website"},"primaryImageOfPage":{"@id":"https:\/\/newmansown.com\/es\/product\/salsa-con-queso\/#primaryimage"},"image":{"@id":"https:\/\/newmansown.com\/es\/product\/salsa-con-queso\/#primaryimage"},"thumbnailUrl":"https:\/\/newmansown.com\/wp-content\/uploads\/2022\/04\/NO_16oz_Salsa_ConQueso@2x.png","datePublished":"2022-04-12T17:25:57+00:00","description":"Sum\u00e9rjase en el delicioso sabor del queso cheddar, mezclado con pimientos rojos y amarillos; cr\u00e9anos, su patata frita se lo agradecer\u00e1. La Newman's Own Salsa Con Queso se elabora con los mejores ingredientes, como tomates cortados en dados y un toque de jalape\u00f1o, para conseguir un plato favorito para las fiestas.","breadcrumb":{"@id":"https:\/\/newmansown.com\/es\/product\/salsa-con-queso\/#breadcrumb"},"inLanguage":"es-ES","potentialAction":[{"@type":"ReadAction","target":["https:\/\/newmansown.com\/es\/product\/salsa-con-queso\/"]}]},{"@type":"ImageObject","inLanguage":"es-ES","@id":"https:\/\/newmansown.com\/es\/product\/salsa-con-queso\/#primaryimage","url":"https:\/\/newmansown.com\/wp-content\/uploads\/2022\/04\/NO_16oz_Salsa_ConQueso@2x.png","contentUrl":"https:\/\/newmansown.com\/wp-content\/uploads\/2022\/04\/NO_16oz_Salsa_ConQueso@2x.png","width":1036,"height":1100,"caption":"Newman's Own Salsa Con Queso"},{"@type":"BreadcrumbList","@id":"https:\/\/newmansown.com\/es\/product\/salsa-con-queso\/#breadcrumb","itemListElement":[{"@type":"ListItem","position":1,"name":"Home","item":"https:\/\/newmansown.com\/es\/inicio\/"},{"@type":"ListItem","position":2,"name":"Productos","item":"https:\/\/www.newmansown.com\/es\/productos\/"},{"@type":"ListItem","position":3,"name":"Salsa Con Queso"}]},{"@type":"WebSite","@id":"https:\/\/www.newmansown.com\/es\/#website","url":"https:\/\/www.newmansown.com\/es\/","name":"Newman&#039;s Own","description":"Let&#039;s Give It All Away","publisher":{"@id":"https:\/\/www.newmansown.com\/es\/#organization"},"potentialAction":[{"@type":"SearchAction","target":{"@type":"EntryPoint","urlTemplate":"https:\/\/www.newmansown.com\/es\/?s={search_term_string}"},"query-input":{"@type":"PropertyValueSpecification","valueRequired":true,"valueName":"search_term_string"}}],"inLanguage":"es-ES"},{"@type":"Organization","@id":"https:\/\/www.newmansown.com\/es\/#organization","name":"Newman&#039;s Own","url":"https:\/\/www.newmansown.com\/es\/","logo":{"@type":"ImageObject","inLanguage":"es-ES","@id":"https:\/\/www.newmansown.com\/es\/#\/schema\/logo\/image\/","url":"https:\/\/newmansown.com\/wp-content\/uploads\/2024\/02\/newmans-own-green-reg.png","contentUrl":"https:\/\/newmansown.com\/wp-content\/uploads\/2024\/02\/newmans-own-green-reg.png","width":737,"height":537,"caption":"Newman&#039;s Own"},"image":{"@id":"https:\/\/www.newmansown.com\/es\/#\/schema\/logo\/image\/"}}]}},"_links":{"self":[{"href":"https:\/\/newmansown.com\/es\/wp-json\/wp\/v2\/product\/5722","targetHints":{"allow":["GET"]}}],"collection":[{"href":"https:\/\/newmansown.com\/es\/wp-json\/wp\/v2\/product"}],"about":[{"href":"https:\/\/newmansown.com\/es\/wp-json\/wp\/v2\/types\/product"}],"wp:featuredmedia":[{"embeddable":true,"href":"https:\/\/newmansown.com\/es\/wp-json\/wp\/v2\/media\/2779"}],"wp:attachment":[{"href":"https:\/\/newmansown.com\/es\/wp-json\/wp\/v2\/media?parent=5722"}],"wp:term":[{"taxonomy":"product_brand","embeddable":true,"href":"https:\/\/newmansown.com\/es\/wp-json\/wp\/v2\/product_brand?post=5722"},{"taxonomy":"product_cat","embeddable":true,"href":"https:\/\/newmansown.com\/es\/wp-json\/wp\/v2\/product_cat?post=5722"},{"taxonomy":"product_tag","embeddable":true,"href":"https:\/\/newmansown.com\/es\/wp-json\/wp\/v2\/product_tag?post=5722"}],"curies":[{"name":"wp","href":"https:\/\/api.w.org\/{rel}","templated":true}]}}