{"id":5739,"date":"2022-04-11T16:25:59","date_gmt":"2022-04-11T20:25:59","guid":{"rendered":"https:\/\/newmansown.com\/product\/ranch-dressing\/"},"modified":"2022-04-11T16:25:59","modified_gmt":"2022-04-11T20:25:59","slug":"vestimenta-ranchera","status":"publish","type":"product","link":"https:\/\/newmansown.com\/es\/product\/vestimenta-ranchera\/","title":{"rendered":"Ranch Dressing"},"content":{"rendered":"<p>\u00bfQu\u00e9 es perfecto para mojar o para ensaladas? Newman&#8217;s Own Ranch dressing.<\/p>\n<p>Toda la cremosidad del suero de mantequilla combinada con las sabrosas hierbas arom\u00e1ticas hacen que este ali\u00f1o ranchero sea sencillamente el mejor. Este ali\u00f1o no contiene aromas artificiales, colorantes de origen artificial ni glutamato monos\u00f3dico. Disfr\u00fatelo como aderezo para ensaladas, salsas vegetarianas y mucho m\u00e1s.<\/p>\n","protected":false},"excerpt":{"rendered":"<p>\u00bfQu\u00e9 es perfecto para mojar o para ensaladas? Aderezo Newman&#8217;s Own Ranch.<\/p>\n<p>Toda la cremosidad del suero de mantequilla combinada con las sabrosas hierbas arom\u00e1ticas hacen que este ali\u00f1o ranchero sea sencillamente el mejor. Este ali\u00f1o no contiene aromas artificiales, colorantes de origen artificial ni glutamato monos\u00f3dico. Disfr\u00fatelo como aderezo para ensaladas, salsas vegetarianas y mucho m\u00e1s.<\/p>\n","protected":false},"featured_media":4608,"template":"","meta":{"_acf_changed":false,"inline_featured_image":false},"product_brand":[],"product_cat":[352],"product_tag":[],"class_list":{"0":"post-5739","1":"product","2":"type-product","3":"status-publish","4":"has-post-thumbnail","6":"product_cat-aderezo","8":"first","9":"instock","10":"shipping-taxable","11":"product-type-simple"},"acf":[],"yoast_head":"<!-- This site is optimized with the Yoast SEO plugin v27.0 - https:\/\/yoast.com\/product\/yoast-seo-wordpress\/ -->\n<title>Ranch Dressing | Newman&#039;s Own<\/title>\n<meta name=\"description\" content=\"\u00bfQu\u00e9 es perfecto para mojar o para ensaladas? Aderezo Newman&#039;s Own Ranch. Toda la cremosidad del suero de mantequilla combinada con las sabrosas hierbas arom\u00e1ticas hacen que este ali\u00f1o ranchero sea sencillamente el mejor. Este ali\u00f1o no contiene aromas artificiales, colorantes de origen artificial ni glutamato monos\u00f3dico. Disfr\u00fatelo como aderezo para ensaladas, salsas vegetarianas y mucho m\u00e1s.\" \/>\n<meta name=\"robots\" content=\"index, follow, max-snippet:-1, max-image-preview:large, max-video-preview:-1\" \/>\n<link rel=\"canonical\" href=\"https:\/\/newmansown.com\/es\/product\/vestimenta-ranchera\/\" \/>\n<meta property=\"og:locale\" content=\"es_ES\" \/>\n<meta property=\"og:type\" content=\"article\" \/>\n<meta property=\"og:title\" content=\"Ranch Dressing | Newman&#039;s Own\" \/>\n<meta property=\"og:description\" content=\"\u00bfQu\u00e9 es perfecto para mojar o para ensaladas? Aderezo Newman&#039;s Own Ranch. Toda la cremosidad del suero de mantequilla combinada con las sabrosas hierbas arom\u00e1ticas hacen que este ali\u00f1o ranchero sea sencillamente el mejor. Este ali\u00f1o no contiene aromas artificiales, colorantes de origen artificial ni glutamato monos\u00f3dico. Disfr\u00fatelo como aderezo para ensaladas, salsas vegetarianas y mucho m\u00e1s.\" \/>\n<meta property=\"og:url\" content=\"https:\/\/newmansown.com\/es\/product\/vestimenta-ranchera\/\" \/>\n<meta property=\"og:site_name\" content=\"Newman&#039;s Own\" \/>\n<meta property=\"og:image\" content=\"https:\/\/www.newmansown.com\/wp-content\/uploads\/2022\/09\/ranch-1.png\" \/>\n\t<meta property=\"og:image:width\" content=\"1036\" \/>\n\t<meta property=\"og:image:height\" content=\"1100\" \/>\n\t<meta property=\"og:image:type\" content=\"image\/png\" \/>\n<meta name=\"twitter:card\" content=\"summary_large_image\" \/>\n<!-- \/ Yoast SEO plugin. -->","yoast_head_json":{"title":"Ranch Dressing | Newman&#039;s Own","description":"\u00bfQu\u00e9 es perfecto para mojar o para ensaladas? Aderezo Newman's Own Ranch. Toda la cremosidad del suero de mantequilla combinada con las sabrosas hierbas arom\u00e1ticas hacen que este ali\u00f1o ranchero sea sencillamente el mejor. Este ali\u00f1o no contiene aromas artificiales, colorantes de origen artificial ni glutamato monos\u00f3dico. Disfr\u00fatelo como aderezo para ensaladas, salsas vegetarianas y mucho m\u00e1s.","robots":{"index":"index","follow":"follow","max-snippet":"max-snippet:-1","max-image-preview":"max-image-preview:large","max-video-preview":"max-video-preview:-1"},"canonical":"https:\/\/newmansown.com\/es\/product\/vestimenta-ranchera\/","og_locale":"es_ES","og_type":"article","og_title":"Ranch Dressing | Newman&#039;s Own","og_description":"\u00bfQu\u00e9 es perfecto para mojar o para ensaladas? Aderezo Newman's Own Ranch. Toda la cremosidad del suero de mantequilla combinada con las sabrosas hierbas arom\u00e1ticas hacen que este ali\u00f1o ranchero sea sencillamente el mejor. Este ali\u00f1o no contiene aromas artificiales, colorantes de origen artificial ni glutamato monos\u00f3dico. Disfr\u00fatelo como aderezo para ensaladas, salsas vegetarianas y mucho m\u00e1s.","og_url":"https:\/\/newmansown.com\/es\/product\/vestimenta-ranchera\/","og_site_name":"Newman&#039;s Own","og_image":[{"width":1036,"height":1100,"url":"https:\/\/www.newmansown.com\/wp-content\/uploads\/2022\/09\/ranch-1.png","type":"image\/png"}],"twitter_card":"summary_large_image","schema":{"@context":"https:\/\/schema.org","@graph":[{"@type":["WebPage","ItemPage"],"@id":"https:\/\/newmansown.com\/es\/product\/vestimenta-ranchera\/","url":"https:\/\/newmansown.com\/es\/product\/vestimenta-ranchera\/","name":"Ranch Dressing | Newman&#039;s Own","isPartOf":{"@id":"https:\/\/www.newmansown.com\/es\/#website"},"primaryImageOfPage":{"@id":"https:\/\/newmansown.com\/es\/product\/vestimenta-ranchera\/#primaryimage"},"image":{"@id":"https:\/\/newmansown.com\/es\/product\/vestimenta-ranchera\/#primaryimage"},"thumbnailUrl":"https:\/\/newmansown.com\/wp-content\/uploads\/2022\/09\/ranch-1.png","datePublished":"2022-04-11T20:25:59+00:00","description":"\u00bfQu\u00e9 es perfecto para mojar o para ensaladas? Aderezo Newman's Own Ranch. Toda la cremosidad del suero de mantequilla combinada con las sabrosas hierbas arom\u00e1ticas hacen que este ali\u00f1o ranchero sea sencillamente el mejor. Este ali\u00f1o no contiene aromas artificiales, colorantes de origen artificial ni glutamato monos\u00f3dico. Disfr\u00fatelo como aderezo para ensaladas, salsas vegetarianas y mucho m\u00e1s.","breadcrumb":{"@id":"https:\/\/newmansown.com\/es\/product\/vestimenta-ranchera\/#breadcrumb"},"inLanguage":"es-ES","potentialAction":[{"@type":"ReadAction","target":["https:\/\/newmansown.com\/es\/product\/vestimenta-ranchera\/"]}]},{"@type":"ImageObject","inLanguage":"es-ES","@id":"https:\/\/newmansown.com\/es\/product\/vestimenta-ranchera\/#primaryimage","url":"https:\/\/newmansown.com\/wp-content\/uploads\/2022\/09\/ranch-1.png","contentUrl":"https:\/\/newmansown.com\/wp-content\/uploads\/2022\/09\/ranch-1.png","width":1036,"height":1100},{"@type":"BreadcrumbList","@id":"https:\/\/newmansown.com\/es\/product\/vestimenta-ranchera\/#breadcrumb","itemListElement":[{"@type":"ListItem","position":1,"name":"Home","item":"https:\/\/newmansown.com\/es\/inicio\/"},{"@type":"ListItem","position":2,"name":"Productos","item":"https:\/\/www.newmansown.com\/es\/productos\/"},{"@type":"ListItem","position":3,"name":"Ranch Dressing"}]},{"@type":"WebSite","@id":"https:\/\/www.newmansown.com\/es\/#website","url":"https:\/\/www.newmansown.com\/es\/","name":"Newman&#039;s Own","description":"Let&#039;s Give It All Away","publisher":{"@id":"https:\/\/www.newmansown.com\/es\/#organization"},"potentialAction":[{"@type":"SearchAction","target":{"@type":"EntryPoint","urlTemplate":"https:\/\/www.newmansown.com\/es\/?s={search_term_string}"},"query-input":{"@type":"PropertyValueSpecification","valueRequired":true,"valueName":"search_term_string"}}],"inLanguage":"es-ES"},{"@type":"Organization","@id":"https:\/\/www.newmansown.com\/es\/#organization","name":"Newman&#039;s Own","url":"https:\/\/www.newmansown.com\/es\/","logo":{"@type":"ImageObject","inLanguage":"es-ES","@id":"https:\/\/www.newmansown.com\/es\/#\/schema\/logo\/image\/","url":"https:\/\/newmansown.com\/wp-content\/uploads\/2024\/02\/newmans-own-green-reg.png","contentUrl":"https:\/\/newmansown.com\/wp-content\/uploads\/2024\/02\/newmans-own-green-reg.png","width":737,"height":537,"caption":"Newman&#039;s Own"},"image":{"@id":"https:\/\/www.newmansown.com\/es\/#\/schema\/logo\/image\/"}}]}},"_links":{"self":[{"href":"https:\/\/newmansown.com\/es\/wp-json\/wp\/v2\/product\/5739","targetHints":{"allow":["GET"]}}],"collection":[{"href":"https:\/\/newmansown.com\/es\/wp-json\/wp\/v2\/product"}],"about":[{"href":"https:\/\/newmansown.com\/es\/wp-json\/wp\/v2\/types\/product"}],"wp:featuredmedia":[{"embeddable":true,"href":"https:\/\/newmansown.com\/es\/wp-json\/wp\/v2\/media\/4608"}],"wp:attachment":[{"href":"https:\/\/newmansown.com\/es\/wp-json\/wp\/v2\/media?parent=5739"}],"wp:term":[{"taxonomy":"product_brand","embeddable":true,"href":"https:\/\/newmansown.com\/es\/wp-json\/wp\/v2\/product_brand?post=5739"},{"taxonomy":"product_cat","embeddable":true,"href":"https:\/\/newmansown.com\/es\/wp-json\/wp\/v2\/product_cat?post=5739"},{"taxonomy":"product_tag","embeddable":true,"href":"https:\/\/newmansown.com\/es\/wp-json\/wp\/v2\/product_tag?post=5739"}],"curies":[{"name":"wp","href":"https:\/\/api.w.org\/{rel}","templated":true}]}}