{"id":5751,"date":"2022-04-11T16:10:19","date_gmt":"2022-04-11T20:10:19","guid":{"rendered":"https:\/\/newmansown.com\/product\/caesar-dressing\/"},"modified":"2022-04-11T16:10:19","modified_gmt":"2022-04-11T20:10:19","slug":"caesar-dressing","status":"publish","type":"product","link":"https:\/\/newmansown.com\/es\/product\/caesar-dressing\/","title":{"rendered":"Caesar Dressing"},"content":{"rendered":"<p>Alabada sea la joya de la corona de su ensalada C\u00e9sar: El aderezo C\u00e9sar de Newman&#8217;s Own. \u00bfSab\u00edas que este cl\u00e1sico topping se cre\u00f3 originalmente y se emparej\u00f3 con la lechuga romana para poder comerlo con los dedos?<\/p>\n<p>Nuestra receta captura un sabor que le encantar\u00e1 en una ensalada c\u00e9sar sin conservantes artificiales, saborizantes ni colorantes de origen artificial.<\/p>\n","protected":false},"excerpt":{"rendered":"<p>Alabada sea la joya de la corona de su ensalada C\u00e9sar: El aderezo Newman&#8217;s Own Caesar. \u00bfSab\u00edas que este cl\u00e1sico topping se cre\u00f3 originalmente y se emparej\u00f3 con la lechuga romana para poder comerlo con los dedos?<\/p>\n<p>Nuestra receta captura un sabor que le encantar\u00e1 en una ensalada c\u00e9sar sin conservantes artificiales, saborizantes ni colorantes de origen artificial.<\/p>\n","protected":false},"featured_media":12748,"template":"","meta":{"_acf_changed":false,"inline_featured_image":false},"product_brand":[],"product_cat":[352],"product_tag":[379],"class_list":{"0":"post-5751","1":"product","2":"type-product","3":"status-publish","4":"has-post-thumbnail","6":"product_cat-aderezo","7":"product_tag-sin-gluten","9":"first","10":"instock","11":"shipping-taxable","12":"product-type-simple"},"acf":[],"yoast_head":"<!-- This site is optimized with the Yoast SEO plugin v27.3 - https:\/\/yoast.com\/product\/yoast-seo-wordpress\/ -->\n<title>Caesar Dressing | Newman&#039;s Own<\/title>\n<meta name=\"description\" content=\"Alabada sea la joya de la corona de su ensalada C\u00e9sar: El aderezo Newman&#039;s Own Caesar. \u00bfSab\u00edas que este cl\u00e1sico topping se cre\u00f3 originalmente y se emparej\u00f3 con la lechuga romana para poder comerlo con los dedos? Nuestra receta captura un sabor que le encantar\u00e1 en una ensalada c\u00e9sar sin conservantes artificiales, saborizantes ni colorantes de origen artificial.\" \/>\n<meta name=\"robots\" content=\"index, follow, max-snippet:-1, max-image-preview:large, max-video-preview:-1\" \/>\n<link rel=\"canonical\" href=\"https:\/\/newmansown.com\/es\/product\/caesar-dressing\/\" \/>\n<meta property=\"og:locale\" content=\"es_ES\" \/>\n<meta property=\"og:type\" content=\"article\" \/>\n<meta property=\"og:title\" content=\"Caesar Dressing | Newman&#039;s Own\" \/>\n<meta property=\"og:description\" content=\"Alabada sea la joya de la corona de su ensalada C\u00e9sar: El aderezo Newman&#039;s Own Caesar. \u00bfSab\u00edas que este cl\u00e1sico topping se cre\u00f3 originalmente y se emparej\u00f3 con la lechuga romana para poder comerlo con los dedos? Nuestra receta captura un sabor que le encantar\u00e1 en una ensalada c\u00e9sar sin conservantes artificiales, saborizantes ni colorantes de origen artificial.\" \/>\n<meta property=\"og:url\" content=\"https:\/\/newmansown.com\/es\/product\/caesar-dressing\/\" \/>\n<meta property=\"og:site_name\" content=\"Newman&#039;s Own\" \/>\n<meta property=\"og:image\" content=\"https:\/\/www.newmansown.com\/wp-content\/uploads\/2022\/04\/caesar.png\" \/>\n\t<meta property=\"og:image:width\" content=\"1036\" \/>\n\t<meta property=\"og:image:height\" content=\"1100\" \/>\n\t<meta property=\"og:image:type\" content=\"image\/png\" \/>\n<meta name=\"twitter:card\" content=\"summary_large_image\" \/>\n<!-- \/ Yoast SEO plugin. -->","yoast_head_json":{"title":"Caesar Dressing | Newman&#039;s Own","description":"Alabada sea la joya de la corona de su ensalada C\u00e9sar: El aderezo Newman's Own Caesar. \u00bfSab\u00edas que este cl\u00e1sico topping se cre\u00f3 originalmente y se emparej\u00f3 con la lechuga romana para poder comerlo con los dedos? Nuestra receta captura un sabor que le encantar\u00e1 en una ensalada c\u00e9sar sin conservantes artificiales, saborizantes ni colorantes de origen artificial.","robots":{"index":"index","follow":"follow","max-snippet":"max-snippet:-1","max-image-preview":"max-image-preview:large","max-video-preview":"max-video-preview:-1"},"canonical":"https:\/\/newmansown.com\/es\/product\/caesar-dressing\/","og_locale":"es_ES","og_type":"article","og_title":"Caesar Dressing | Newman&#039;s Own","og_description":"Alabada sea la joya de la corona de su ensalada C\u00e9sar: El aderezo Newman's Own Caesar. \u00bfSab\u00edas que este cl\u00e1sico topping se cre\u00f3 originalmente y se emparej\u00f3 con la lechuga romana para poder comerlo con los dedos? Nuestra receta captura un sabor que le encantar\u00e1 en una ensalada c\u00e9sar sin conservantes artificiales, saborizantes ni colorantes de origen artificial.","og_url":"https:\/\/newmansown.com\/es\/product\/caesar-dressing\/","og_site_name":"Newman&#039;s Own","og_image":[{"width":1036,"height":1100,"url":"https:\/\/www.newmansown.com\/wp-content\/uploads\/2022\/04\/caesar.png","type":"image\/png"}],"twitter_card":"summary_large_image","schema":{"@context":"https:\/\/schema.org","@graph":[{"@type":["WebPage","ItemPage"],"@id":"https:\/\/newmansown.com\/es\/product\/caesar-dressing\/","url":"https:\/\/newmansown.com\/es\/product\/caesar-dressing\/","name":"Caesar Dressing | Newman&#039;s Own","isPartOf":{"@id":"https:\/\/www.newmansown.com\/es\/#website"},"primaryImageOfPage":{"@id":"https:\/\/newmansown.com\/es\/product\/caesar-dressing\/#primaryimage"},"image":{"@id":"https:\/\/newmansown.com\/es\/product\/caesar-dressing\/#primaryimage"},"thumbnailUrl":"https:\/\/newmansown.com\/wp-content\/uploads\/2022\/04\/caesar-16.png","datePublished":"2022-04-11T20:10:19+00:00","description":"Alabada sea la joya de la corona de su ensalada C\u00e9sar: El aderezo Newman's Own Caesar. \u00bfSab\u00edas que este cl\u00e1sico topping se cre\u00f3 originalmente y se emparej\u00f3 con la lechuga romana para poder comerlo con los dedos? Nuestra receta captura un sabor que le encantar\u00e1 en una ensalada c\u00e9sar sin conservantes artificiales, saborizantes ni colorantes de origen artificial.","breadcrumb":{"@id":"https:\/\/newmansown.com\/es\/product\/caesar-dressing\/#breadcrumb"},"inLanguage":"es-ES","potentialAction":[{"@type":"ReadAction","target":["https:\/\/newmansown.com\/es\/product\/caesar-dressing\/"]}]},{"@type":"ImageObject","inLanguage":"es-ES","@id":"https:\/\/newmansown.com\/es\/product\/caesar-dressing\/#primaryimage","url":"https:\/\/newmansown.com\/wp-content\/uploads\/2022\/04\/caesar-16.png","contentUrl":"https:\/\/newmansown.com\/wp-content\/uploads\/2022\/04\/caesar-16.png","width":2400,"height":2400,"caption":"Caesar Dressing"},{"@type":"BreadcrumbList","@id":"https:\/\/newmansown.com\/es\/product\/caesar-dressing\/#breadcrumb","itemListElement":[{"@type":"ListItem","position":1,"name":"Home","item":"https:\/\/newmansown.com\/es\/"},{"@type":"ListItem","position":2,"name":"Productos","item":"https:\/\/www.newmansown.com\/es\/productos\/"},{"@type":"ListItem","position":3,"name":"Caesar Dressing"}]},{"@type":"WebSite","@id":"https:\/\/www.newmansown.com\/es\/#website","url":"https:\/\/www.newmansown.com\/es\/","name":"Newman&#039;s Own","description":"Let&#039;s Give It All Away","publisher":{"@id":"https:\/\/www.newmansown.com\/es\/#organization"},"potentialAction":[{"@type":"SearchAction","target":{"@type":"EntryPoint","urlTemplate":"https:\/\/www.newmansown.com\/es\/?s={search_term_string}"},"query-input":{"@type":"PropertyValueSpecification","valueRequired":true,"valueName":"search_term_string"}}],"inLanguage":"es-ES"},{"@type":"Organization","@id":"https:\/\/www.newmansown.com\/es\/#organization","name":"Newman&#039;s Own","url":"https:\/\/www.newmansown.com\/es\/","logo":{"@type":"ImageObject","inLanguage":"es-ES","@id":"https:\/\/www.newmansown.com\/es\/#\/schema\/logo\/image\/","url":"https:\/\/newmansown.com\/wp-content\/uploads\/2024\/02\/newmans-own-green-reg.png","contentUrl":"https:\/\/newmansown.com\/wp-content\/uploads\/2024\/02\/newmans-own-green-reg.png","width":737,"height":537,"caption":"Newman&#039;s Own"},"image":{"@id":"https:\/\/www.newmansown.com\/es\/#\/schema\/logo\/image\/"}}]}},"_links":{"self":[{"href":"https:\/\/newmansown.com\/es\/wp-json\/wp\/v2\/product\/5751","targetHints":{"allow":["GET"]}}],"collection":[{"href":"https:\/\/newmansown.com\/es\/wp-json\/wp\/v2\/product"}],"about":[{"href":"https:\/\/newmansown.com\/es\/wp-json\/wp\/v2\/types\/product"}],"wp:featuredmedia":[{"embeddable":true,"href":"https:\/\/newmansown.com\/es\/wp-json\/wp\/v2\/media\/12748"}],"wp:attachment":[{"href":"https:\/\/newmansown.com\/es\/wp-json\/wp\/v2\/media?parent=5751"}],"wp:term":[{"taxonomy":"product_brand","embeddable":true,"href":"https:\/\/newmansown.com\/es\/wp-json\/wp\/v2\/product_brand?post=5751"},{"taxonomy":"product_cat","embeddable":true,"href":"https:\/\/newmansown.com\/es\/wp-json\/wp\/v2\/product_cat?post=5751"},{"taxonomy":"product_tag","embeddable":true,"href":"https:\/\/newmansown.com\/es\/wp-json\/wp\/v2\/product_tag?post=5751"}],"curies":[{"name":"wp","href":"https:\/\/api.w.org\/{rel}","templated":true}]}}