{"id":5779,"date":"2022-04-25T10:47:43","date_gmt":"2022-04-25T14:47:43","guid":{"rendered":"https:\/\/newmansown.com\/product\/organic-peppermint-herbal-tea\/"},"modified":"2022-04-25T10:47:43","modified_gmt":"2022-04-25T14:47:43","slug":"organic-peppermint-herbal-tea","status":"publish","type":"product","link":"https:\/\/newmansown.com\/es\/product\/organic-peppermint-herbal-tea\/","title":{"rendered":"Organic Peppermint Herbal Tea"},"content":{"rendered":"<p>Eleve su experiencia con el t\u00e9: Nuestro fresco, tranquilo y refrescante t\u00e9 de menta piperita procede del noroeste de Estados Unidos. Nuestro t\u00e9, naturalmente sin cafe\u00edna, se mezcla con hojas de menta pura para obtener una infusi\u00f3n realmente fresca. Su sabor arom\u00e1tico y mentolado es la tisana perfecta para disfrutar despu\u00e9s de cualquier comida o en cualquier momento que desee una bebida refrescante.<\/p>\n","protected":false},"excerpt":{"rendered":"<p>Eleve su experiencia con el t\u00e9: Nuestro fresco, tranquilo y refrescante t\u00e9 de menta piperita procede del noroeste de Estados Unidos. Nuestro t\u00e9, naturalmente sin cafe\u00edna, se mezcla con hojas de menta pura para obtener una infusi\u00f3n realmente fresca. Su sabor arom\u00e1tico y mentolado es la tisana perfecta para disfrutar despu\u00e9s de cualquier comida o en cualquier momento que desee una bebida refrescante.<\/p>\n","protected":false},"featured_media":10327,"template":"","meta":{"_acf_changed":false,"inline_featured_image":false},"product_brand":[],"product_cat":[363,369],"product_tag":[393],"class_list":{"0":"post-5779","1":"product","2":"type-product","3":"status-publish","4":"has-post-thumbnail","6":"product_cat-organico","7":"product_cat-te-organico","8":"product_tag-certificado-ecologico-usda-por-qai","10":"first","11":"instock","12":"shipping-taxable","13":"product-type-simple"},"acf":[],"yoast_head":"<!-- This site is optimized with the Yoast SEO plugin v27.3 - https:\/\/yoast.com\/product\/yoast-seo-wordpress\/ -->\n<title>Organic Peppermint Herbal Tea | Newman&#039;s Own<\/title>\n<meta name=\"description\" content=\"Puras hojas de menta org\u00e1nica para una bebida fresca y refrescante.\" \/>\n<meta name=\"robots\" content=\"index, follow, max-snippet:-1, max-image-preview:large, max-video-preview:-1\" \/>\n<link rel=\"canonical\" href=\"https:\/\/newmansown.com\/es\/product\/organic-peppermint-herbal-tea\/\" \/>\n<meta property=\"og:locale\" content=\"es_ES\" \/>\n<meta property=\"og:type\" content=\"article\" \/>\n<meta property=\"og:title\" content=\"Organic Peppermint Herbal Tea | Newman&#039;s Own\" \/>\n<meta property=\"og:description\" content=\"Puras hojas de menta org\u00e1nica para una bebida fresca y refrescante.\" \/>\n<meta property=\"og:url\" content=\"https:\/\/newmansown.com\/es\/product\/organic-peppermint-herbal-tea\/\" \/>\n<meta property=\"og:site_name\" content=\"Newman&#039;s Own\" \/>\n<meta property=\"og:image\" content=\"https:\/\/www.newmansown.com\/wp-content\/uploads\/2022\/04\/Peppermint-084643350609_01_1500@2x.png\" \/>\n\t<meta property=\"og:image:width\" content=\"1036\" \/>\n\t<meta property=\"og:image:height\" content=\"1100\" \/>\n\t<meta property=\"og:image:type\" content=\"image\/png\" \/>\n<meta name=\"twitter:card\" content=\"summary_large_image\" \/>\n<!-- \/ Yoast SEO plugin. -->","yoast_head_json":{"title":"Organic Peppermint Herbal Tea | Newman&#039;s Own","description":"Puras hojas de menta org\u00e1nica para una bebida fresca y refrescante.","robots":{"index":"index","follow":"follow","max-snippet":"max-snippet:-1","max-image-preview":"max-image-preview:large","max-video-preview":"max-video-preview:-1"},"canonical":"https:\/\/newmansown.com\/es\/product\/organic-peppermint-herbal-tea\/","og_locale":"es_ES","og_type":"article","og_title":"Organic Peppermint Herbal Tea | Newman&#039;s Own","og_description":"Puras hojas de menta org\u00e1nica para una bebida fresca y refrescante.","og_url":"https:\/\/newmansown.com\/es\/product\/organic-peppermint-herbal-tea\/","og_site_name":"Newman&#039;s Own","og_image":[{"width":1036,"height":1100,"url":"https:\/\/www.newmansown.com\/wp-content\/uploads\/2022\/04\/Peppermint-084643350609_01_1500@2x.png","type":"image\/png"}],"twitter_card":"summary_large_image","schema":{"@context":"https:\/\/schema.org","@graph":[{"@type":["WebPage","ItemPage"],"@id":"https:\/\/newmansown.com\/es\/product\/organic-peppermint-herbal-tea\/","url":"https:\/\/newmansown.com\/es\/product\/organic-peppermint-herbal-tea\/","name":"Organic Peppermint Herbal Tea | Newman&#039;s Own","isPartOf":{"@id":"https:\/\/www.newmansown.com\/es\/#website"},"primaryImageOfPage":{"@id":"https:\/\/newmansown.com\/es\/product\/organic-peppermint-herbal-tea\/#primaryimage"},"image":{"@id":"https:\/\/newmansown.com\/es\/product\/organic-peppermint-herbal-tea\/#primaryimage"},"thumbnailUrl":"https:\/\/newmansown.com\/wp-content\/uploads\/2022\/04\/Peppermint-084643350609_01_1500@2x.png","datePublished":"2022-04-25T14:47:43+00:00","description":"Puras hojas de menta org\u00e1nica para una bebida fresca y refrescante.","breadcrumb":{"@id":"https:\/\/newmansown.com\/es\/product\/organic-peppermint-herbal-tea\/#breadcrumb"},"inLanguage":"es-ES","potentialAction":[{"@type":"ReadAction","target":["https:\/\/newmansown.com\/es\/product\/organic-peppermint-herbal-tea\/"]}]},{"@type":"ImageObject","inLanguage":"es-ES","@id":"https:\/\/newmansown.com\/es\/product\/organic-peppermint-herbal-tea\/#primaryimage","url":"https:\/\/newmansown.com\/wp-content\/uploads\/2022\/04\/Peppermint-084643350609_01_1500@2x.png","contentUrl":"https:\/\/newmansown.com\/wp-content\/uploads\/2022\/04\/Peppermint-084643350609_01_1500@2x.png","width":1036,"height":1100,"caption":"Newman's Own Peppermint Tea"},{"@type":"BreadcrumbList","@id":"https:\/\/newmansown.com\/es\/product\/organic-peppermint-herbal-tea\/#breadcrumb","itemListElement":[{"@type":"ListItem","position":1,"name":"Home","item":"https:\/\/newmansown.com\/es\/"},{"@type":"ListItem","position":2,"name":"Productos","item":"https:\/\/www.newmansown.com\/es\/productos\/"},{"@type":"ListItem","position":3,"name":"Organic Peppermint Herbal Tea"}]},{"@type":"WebSite","@id":"https:\/\/www.newmansown.com\/es\/#website","url":"https:\/\/www.newmansown.com\/es\/","name":"Newman&#039;s Own","description":"Let&#039;s Give It All Away","publisher":{"@id":"https:\/\/www.newmansown.com\/es\/#organization"},"potentialAction":[{"@type":"SearchAction","target":{"@type":"EntryPoint","urlTemplate":"https:\/\/www.newmansown.com\/es\/?s={search_term_string}"},"query-input":{"@type":"PropertyValueSpecification","valueRequired":true,"valueName":"search_term_string"}}],"inLanguage":"es-ES"},{"@type":"Organization","@id":"https:\/\/www.newmansown.com\/es\/#organization","name":"Newman&#039;s Own","url":"https:\/\/www.newmansown.com\/es\/","logo":{"@type":"ImageObject","inLanguage":"es-ES","@id":"https:\/\/www.newmansown.com\/es\/#\/schema\/logo\/image\/","url":"https:\/\/newmansown.com\/wp-content\/uploads\/2024\/02\/newmans-own-green-reg.png","contentUrl":"https:\/\/newmansown.com\/wp-content\/uploads\/2024\/02\/newmans-own-green-reg.png","width":737,"height":537,"caption":"Newman&#039;s Own"},"image":{"@id":"https:\/\/www.newmansown.com\/es\/#\/schema\/logo\/image\/"}}]}},"_links":{"self":[{"href":"https:\/\/newmansown.com\/es\/wp-json\/wp\/v2\/product\/5779","targetHints":{"allow":["GET"]}}],"collection":[{"href":"https:\/\/newmansown.com\/es\/wp-json\/wp\/v2\/product"}],"about":[{"href":"https:\/\/newmansown.com\/es\/wp-json\/wp\/v2\/types\/product"}],"wp:featuredmedia":[{"embeddable":true,"href":"https:\/\/newmansown.com\/es\/wp-json\/wp\/v2\/media\/10327"}],"wp:attachment":[{"href":"https:\/\/newmansown.com\/es\/wp-json\/wp\/v2\/media?parent=5779"}],"wp:term":[{"taxonomy":"product_brand","embeddable":true,"href":"https:\/\/newmansown.com\/es\/wp-json\/wp\/v2\/product_brand?post=5779"},{"taxonomy":"product_cat","embeddable":true,"href":"https:\/\/newmansown.com\/es\/wp-json\/wp\/v2\/product_cat?post=5779"},{"taxonomy":"product_tag","embeddable":true,"href":"https:\/\/newmansown.com\/es\/wp-json\/wp\/v2\/product_tag?post=5779"}],"curies":[{"name":"wp","href":"https:\/\/api.w.org\/{rel}","templated":true}]}}