{"id":5792,"date":"2022-04-12T10:08:38","date_gmt":"2022-04-12T14:08:38","guid":{"rendered":"https:\/\/newmansown.com\/product\/mushroom-trio-pizza\/"},"modified":"2022-12-15T19:03:54","modified_gmt":"2022-12-16T00:03:54","slug":"mushroom-trio-pizza","status":"publish","type":"product","link":"https:\/\/newmansown.com\/es\/product\/mushroom-trio-pizza\/","title":{"rendered":"Mushroom Trio Pizza"},"content":{"rendered":"<p>Tantas setas deliciosas que no pod\u00edamos decidirnos por una sola. Disfruta de una trifecta de sabrosas setas en nuestra pizza favorita Newman&#8217;s Own Thin Crust Mushroom Trio.<\/p>\n<p>El queso mozzarella de leche entera cubre una mezcla de champi\u00f1ones blancos, crimini y portobello y nuestra deliciosa salsa alfredo. Cali\u00e9ntelo y disfrute de una comida r\u00e1pida y sabrosa cualquier d\u00eda de la semana.<\/p>\n","protected":false},"excerpt":{"rendered":"<p>Tantas setas deliciosas que no pod\u00edamos decidirnos por una sola. Disfruta de una trifecta de sabrosas setas en nuestra pizza favorita Newman&#8217;s Own Thin Crust Mushroom Trio.<\/p>\n<p>El queso mozzarella de leche entera cubre una mezcla de champi\u00f1ones blancos, crimini y portobello y nuestra deliciosa salsa alfredo. Cali\u00e9ntelo y disfrute de una comida r\u00e1pida y sabrosa cualquier d\u00eda de la semana.<\/p>\n","protected":false},"featured_media":9009,"template":"","meta":{"_acf_changed":false,"inline_featured_image":false},"product_brand":[],"product_cat":[360],"product_tag":[],"class_list":{"0":"post-5792","1":"product","2":"type-product","3":"status-publish","4":"has-post-thumbnail","6":"product_cat-pizza-es","8":"first","9":"instock","10":"shipping-taxable","11":"product-type-simple"},"acf":[],"yoast_head":"<!-- This site is optimized with the Yoast SEO plugin v27.3 - https:\/\/yoast.com\/product\/yoast-seo-wordpress\/ -->\n<title>Mushroom Trio Pizza | Newman&#039;s Own<\/title>\n<meta name=\"description\" content=\"Tantas setas deliciosas que no pod\u00edamos decidirnos por una sola. Disfruta de una trifecta de sabrosas setas en nuestra pizza favorita Newman&#039;s Own Thin Crust Mushroom Trio. El queso mozzarella de leche entera cubre una mezcla de champi\u00f1ones blancos, crimini y portobello y nuestra deliciosa salsa alfredo. Cali\u00e9ntelo y disfrute de una comida r\u00e1pida y sabrosa cualquier d\u00eda de la semana.\" \/>\n<meta name=\"robots\" content=\"index, follow, max-snippet:-1, max-image-preview:large, max-video-preview:-1\" \/>\n<link rel=\"canonical\" href=\"https:\/\/newmansown.com\/es\/product\/mushroom-trio-pizza\/\" \/>\n<meta property=\"og:locale\" content=\"es_ES\" \/>\n<meta property=\"og:type\" content=\"article\" \/>\n<meta property=\"og:title\" content=\"Mushroom Trio Pizza | Newman&#039;s Own\" \/>\n<meta property=\"og:description\" content=\"Tantas setas deliciosas que no pod\u00edamos decidirnos por una sola. Disfruta de una trifecta de sabrosas setas en nuestra pizza favorita Newman&#039;s Own Thin Crust Mushroom Trio. El queso mozzarella de leche entera cubre una mezcla de champi\u00f1ones blancos, crimini y portobello y nuestra deliciosa salsa alfredo. Cali\u00e9ntelo y disfrute de una comida r\u00e1pida y sabrosa cualquier d\u00eda de la semana.\" \/>\n<meta property=\"og:url\" content=\"https:\/\/newmansown.com\/es\/product\/mushroom-trio-pizza\/\" \/>\n<meta property=\"og:site_name\" content=\"Newman&#039;s Own\" \/>\n<meta property=\"article:modified_time\" content=\"2022-12-16T00:03:54+00:00\" \/>\n<meta property=\"og:image\" content=\"https:\/\/www.newmansown.com\/wp-content\/uploads\/2022\/04\/Mushroom-trio.png\" \/>\n\t<meta property=\"og:image:width\" content=\"1036\" \/>\n\t<meta property=\"og:image:height\" content=\"1100\" \/>\n\t<meta property=\"og:image:type\" content=\"image\/png\" \/>\n<meta name=\"twitter:card\" content=\"summary_large_image\" \/>\n<!-- \/ Yoast SEO plugin. -->","yoast_head_json":{"title":"Mushroom Trio Pizza | Newman&#039;s Own","description":"Tantas setas deliciosas que no pod\u00edamos decidirnos por una sola. Disfruta de una trifecta de sabrosas setas en nuestra pizza favorita Newman's Own Thin Crust Mushroom Trio. El queso mozzarella de leche entera cubre una mezcla de champi\u00f1ones blancos, crimini y portobello y nuestra deliciosa salsa alfredo. Cali\u00e9ntelo y disfrute de una comida r\u00e1pida y sabrosa cualquier d\u00eda de la semana.","robots":{"index":"index","follow":"follow","max-snippet":"max-snippet:-1","max-image-preview":"max-image-preview:large","max-video-preview":"max-video-preview:-1"},"canonical":"https:\/\/newmansown.com\/es\/product\/mushroom-trio-pizza\/","og_locale":"es_ES","og_type":"article","og_title":"Mushroom Trio Pizza | Newman&#039;s Own","og_description":"Tantas setas deliciosas que no pod\u00edamos decidirnos por una sola. Disfruta de una trifecta de sabrosas setas en nuestra pizza favorita Newman's Own Thin Crust Mushroom Trio. El queso mozzarella de leche entera cubre una mezcla de champi\u00f1ones blancos, crimini y portobello y nuestra deliciosa salsa alfredo. Cali\u00e9ntelo y disfrute de una comida r\u00e1pida y sabrosa cualquier d\u00eda de la semana.","og_url":"https:\/\/newmansown.com\/es\/product\/mushroom-trio-pizza\/","og_site_name":"Newman&#039;s Own","article_modified_time":"2022-12-16T00:03:54+00:00","og_image":[{"width":1036,"height":1100,"url":"https:\/\/www.newmansown.com\/wp-content\/uploads\/2022\/04\/Mushroom-trio.png","type":"image\/png"}],"twitter_card":"summary_large_image","schema":{"@context":"https:\/\/schema.org","@graph":[{"@type":["WebPage","ItemPage"],"@id":"https:\/\/newmansown.com\/es\/product\/mushroom-trio-pizza\/","url":"https:\/\/newmansown.com\/es\/product\/mushroom-trio-pizza\/","name":"Mushroom Trio Pizza | Newman&#039;s Own","isPartOf":{"@id":"https:\/\/www.newmansown.com\/es\/#website"},"primaryImageOfPage":{"@id":"https:\/\/newmansown.com\/es\/product\/mushroom-trio-pizza\/#primaryimage"},"image":{"@id":"https:\/\/newmansown.com\/es\/product\/mushroom-trio-pizza\/#primaryimage"},"thumbnailUrl":"https:\/\/newmansown.com\/wp-content\/uploads\/2022\/04\/Mushroom-trio.png","datePublished":"2022-04-12T14:08:38+00:00","dateModified":"2022-12-16T00:03:54+00:00","description":"Tantas setas deliciosas que no pod\u00edamos decidirnos por una sola. Disfruta de una trifecta de sabrosas setas en nuestra pizza favorita Newman's Own Thin Crust Mushroom Trio. El queso mozzarella de leche entera cubre una mezcla de champi\u00f1ones blancos, crimini y portobello y nuestra deliciosa salsa alfredo. Cali\u00e9ntelo y disfrute de una comida r\u00e1pida y sabrosa cualquier d\u00eda de la semana.","breadcrumb":{"@id":"https:\/\/newmansown.com\/es\/product\/mushroom-trio-pizza\/#breadcrumb"},"inLanguage":"es-ES","potentialAction":[{"@type":"ReadAction","target":["https:\/\/newmansown.com\/es\/product\/mushroom-trio-pizza\/"]}]},{"@type":"ImageObject","inLanguage":"es-ES","@id":"https:\/\/newmansown.com\/es\/product\/mushroom-trio-pizza\/#primaryimage","url":"https:\/\/newmansown.com\/wp-content\/uploads\/2022\/04\/Mushroom-trio.png","contentUrl":"https:\/\/newmansown.com\/wp-content\/uploads\/2022\/04\/Mushroom-trio.png","width":1036,"height":1100,"caption":"Mushroom trio pizza"},{"@type":"BreadcrumbList","@id":"https:\/\/newmansown.com\/es\/product\/mushroom-trio-pizza\/#breadcrumb","itemListElement":[{"@type":"ListItem","position":1,"name":"Home","item":"https:\/\/newmansown.com\/es\/"},{"@type":"ListItem","position":2,"name":"Productos","item":"https:\/\/www.newmansown.com\/es\/productos\/"},{"@type":"ListItem","position":3,"name":"Mushroom Trio Pizza"}]},{"@type":"WebSite","@id":"https:\/\/www.newmansown.com\/es\/#website","url":"https:\/\/www.newmansown.com\/es\/","name":"Newman&#039;s Own","description":"Let&#039;s Give It All Away","publisher":{"@id":"https:\/\/www.newmansown.com\/es\/#organization"},"potentialAction":[{"@type":"SearchAction","target":{"@type":"EntryPoint","urlTemplate":"https:\/\/www.newmansown.com\/es\/?s={search_term_string}"},"query-input":{"@type":"PropertyValueSpecification","valueRequired":true,"valueName":"search_term_string"}}],"inLanguage":"es-ES"},{"@type":"Organization","@id":"https:\/\/www.newmansown.com\/es\/#organization","name":"Newman&#039;s Own","url":"https:\/\/www.newmansown.com\/es\/","logo":{"@type":"ImageObject","inLanguage":"es-ES","@id":"https:\/\/www.newmansown.com\/es\/#\/schema\/logo\/image\/","url":"https:\/\/newmansown.com\/wp-content\/uploads\/2024\/02\/newmans-own-green-reg.png","contentUrl":"https:\/\/newmansown.com\/wp-content\/uploads\/2024\/02\/newmans-own-green-reg.png","width":737,"height":537,"caption":"Newman&#039;s Own"},"image":{"@id":"https:\/\/www.newmansown.com\/es\/#\/schema\/logo\/image\/"}}]}},"_links":{"self":[{"href":"https:\/\/newmansown.com\/es\/wp-json\/wp\/v2\/product\/5792","targetHints":{"allow":["GET"]}}],"collection":[{"href":"https:\/\/newmansown.com\/es\/wp-json\/wp\/v2\/product"}],"about":[{"href":"https:\/\/newmansown.com\/es\/wp-json\/wp\/v2\/types\/product"}],"wp:featuredmedia":[{"embeddable":true,"href":"https:\/\/newmansown.com\/es\/wp-json\/wp\/v2\/media\/9009"}],"wp:attachment":[{"href":"https:\/\/newmansown.com\/es\/wp-json\/wp\/v2\/media?parent=5792"}],"wp:term":[{"taxonomy":"product_brand","embeddable":true,"href":"https:\/\/newmansown.com\/es\/wp-json\/wp\/v2\/product_brand?post=5792"},{"taxonomy":"product_cat","embeddable":true,"href":"https:\/\/newmansown.com\/es\/wp-json\/wp\/v2\/product_cat?post=5792"},{"taxonomy":"product_tag","embeddable":true,"href":"https:\/\/newmansown.com\/es\/wp-json\/wp\/v2\/product_tag?post=5792"}],"curies":[{"name":"wp","href":"https:\/\/api.w.org\/{rel}","templated":true}]}}