{"id":5891,"date":"2022-10-27T22:37:52","date_gmt":"2022-10-28T02:37:52","guid":{"rendered":"https:\/\/newmansown.com\/product\/ground-coriander\/"},"modified":"2022-10-27T22:37:52","modified_gmt":"2022-10-28T02:37:52","slug":"coriander","status":"publish","type":"product","link":"https:\/\/newmansown.com\/es\/product\/coriander\/","title":{"rendered":"Ground Coriander"},"content":{"rendered":"<div class=\"ewa-rteLine\">El cilantro es arom\u00e1tico, suave y sutil, con un c\u00e1lido sabor terroso a nuez y un ligero gusto a menta y c\u00edtricos. Las semillas enteras de cilantro se elaboran a partir de las bayas secas de la hierba cilantro, pero su sabor se parece poco al del cilantro fresco.<\/div>\n<div class=\"ewa-rteLine\"><\/div>\n<div class=\"ewa-rteLine\">El Newman\u2019s Own\u2122 Ground Coriander es ideal para condimentar todo tipo de carnes asadas, ternera, pollo, pescado, marisco, cerdo, verduras, chutneys, chili, curry, sopas, guisos o estofados, salsas y dips. Tambi\u00e9n se utiliza para encurtir, se puede emplear en pasteles y otros productos horneados, y es un componente de muchas mezclas de especias diferentes, como el garam masala y la harissa.<\/div>\n<div class=\"ewa-rteLine\"><\/div>\n<div class=\"ewa-rteLine\">Com\u00fan en las recetas indias, de Oriente Medio, mediterr\u00e1neas, latinoamericanas y mexicanas, combina bien con el comino, el chile, el ajo, el jengibre, la hierba lim\u00f3n, el perejil y la albahaca.<\/div>\n<div><\/div>\n<div>\n<div class=\"ewa-rteLine\">&#8211; Sin bioingenier\u00eda<\/div>\n<div class=\"ewa-rteLine\">&#8211; Certificado Kosher<\/div>\n<div class=\"ewa-rteLine\">&#8211; El 100% de los beneficios de Newman&#8217;s Own se destina a fines ben\u00e9ficos<\/div><\/div>\n","protected":false},"excerpt":{"rendered":"<div class=\"ewa-rteLine\">El cilantro es arom\u00e1tico, suave y sutil, con un c\u00e1lido sabor terroso a nuez y un ligero gusto a menta y c\u00edtricos. Las semillas enteras de cilantro se elaboran a partir de las bayas secas de la hierba cilantro, pero su sabor se parece poco al del cilantro fresco.<\/div>\n<div class=\"ewa-rteLine\"><\/div>\n<div class=\"ewa-rteLine\">El cilantro molido Newman&#8217;s Own\u2122 es ideal para condimentar todo tipo de carnes asadas, ternera, pollo, pescado, marisco, cerdo, verduras, chutneys, chili, curry, sopas, guisos o estofados, salsas y dips. Tambi\u00e9n se utiliza para encurtir, se puede emplear en pasteles y otros productos horneados, y es un componente de muchas mezclas de especias diferentes, como el garam masala y la harissa.<\/div>\n<div class=\"ewa-rteLine\"><\/div>\n<div class=\"ewa-rteLine\">Com\u00fan en las recetas indias, de Oriente Medio, mediterr\u00e1neas, latinoamericanas y mexicanas, combina bien con el comino, el chile, el ajo, el jengibre, la hierba lim\u00f3n, el perejil y la albahaca.<\/div>\n<div><\/div>\n<div>\n<div class=\"ewa-rteLine\">&#8211; Sin bioingenier\u00eda<\/div>\n<div class=\"ewa-rteLine\">&#8211; Certificado Kosher<\/div>\n<div class=\"ewa-rteLine\">&#8211; El 100% de los beneficios de Newman&#8217;s Own se destina a fines ben\u00e9ficos<\/div>\n<\/p><\/div>\n","protected":false},"featured_media":8723,"template":"","meta":{"_acf_changed":false,"inline_featured_image":false},"product_brand":[],"product_cat":[29],"product_tag":[396],"class_list":{"0":"post-5891","1":"product","2":"type-product","3":"status-publish","4":"has-post-thumbnail","6":"product_cat-food","7":"product_tag-sin-omg","9":"first","10":"instock","11":"shipping-taxable","12":"product-type-simple"},"acf":[],"yoast_head":"<!-- This site is optimized with the Yoast SEO plugin v27.0 - https:\/\/yoast.com\/product\/yoast-seo-wordpress\/ -->\n<title>Ground Coriander | Newman&#039;s Own<\/title>\n<meta name=\"description\" content=\"El cilantro es arom\u00e1tico, suave y sutil, con un c\u00e1lido sabor terroso a nuez y un ligero gusto a menta y c\u00edtricos. Las semillas enteras de cilantro se elaboran a partir de las bayas secas de la hierba cilantro, pero su sabor se parece poco al del cilantro fresco.                       El cilantro molido Newman&#039;s Own\u2122 es ideal para condimentar todo tipo de carnes asadas, ternera, pollo, pescado, marisco, cerdo, verduras, chutneys, chili, curry, sopas, guisos o estofados, salsas y dips. Tambi\u00e9n se utiliza para encurtir, se puede emplear en pasteles y otros productos horneados, y es un componente de muchas mezclas de especias diferentes, como el garam masala y la harissa.                       Com\u00fan en las recetas indias, de Oriente Medio, mediterr\u00e1neas, latinoamericanas y mexicanas, combina bien con el comino, el chile, el ajo, el jengibre, la hierba lim\u00f3n, el perejil y la albahaca.                                     - Sin bioingenier\u00eda              - Certificado Kosher              - El 100% de los beneficios de Newman&#039;s Own se destina a fines ben\u00e9ficos\" \/>\n<meta name=\"robots\" content=\"index, follow, max-snippet:-1, max-image-preview:large, max-video-preview:-1\" \/>\n<link rel=\"canonical\" href=\"https:\/\/newmansown.com\/es\/product\/coriander\/\" \/>\n<meta property=\"og:locale\" content=\"es_ES\" \/>\n<meta property=\"og:type\" content=\"article\" \/>\n<meta property=\"og:title\" content=\"Ground Coriander | Newman&#039;s Own\" \/>\n<meta property=\"og:description\" content=\"El cilantro es arom\u00e1tico, suave y sutil, con un c\u00e1lido sabor terroso a nuez y un ligero gusto a menta y c\u00edtricos. Las semillas enteras de cilantro se elaboran a partir de las bayas secas de la hierba cilantro, pero su sabor se parece poco al del cilantro fresco.                       El cilantro molido Newman&#039;s Own\u2122 es ideal para condimentar todo tipo de carnes asadas, ternera, pollo, pescado, marisco, cerdo, verduras, chutneys, chili, curry, sopas, guisos o estofados, salsas y dips. Tambi\u00e9n se utiliza para encurtir, se puede emplear en pasteles y otros productos horneados, y es un componente de muchas mezclas de especias diferentes, como el garam masala y la harissa.                       Com\u00fan en las recetas indias, de Oriente Medio, mediterr\u00e1neas, latinoamericanas y mexicanas, combina bien con el comino, el chile, el ajo, el jengibre, la hierba lim\u00f3n, el perejil y la albahaca.                                     - Sin bioingenier\u00eda              - Certificado Kosher              - El 100% de los beneficios de Newman&#039;s Own se destina a fines ben\u00e9ficos\" \/>\n<meta property=\"og:url\" content=\"https:\/\/newmansown.com\/es\/product\/coriander\/\" \/>\n<meta property=\"og:site_name\" content=\"Newman&#039;s Own\" \/>\n<meta property=\"og:image\" content=\"https:\/\/newmansown.com\/wp-content\/uploads\/2024\/02\/newmans-own-corianderGround.png\" \/>\n\t<meta property=\"og:image:width\" content=\"1036\" \/>\n\t<meta property=\"og:image:height\" content=\"1100\" \/>\n\t<meta property=\"og:image:type\" content=\"image\/png\" \/>\n<meta name=\"twitter:card\" content=\"summary_large_image\" \/>\n<meta name=\"twitter:label1\" content=\"Est. reading time\" \/>\n\t<meta name=\"twitter:data1\" content=\"1 minute\" \/>\n<!-- \/ Yoast SEO plugin. -->","yoast_head_json":{"title":"Ground Coriander | Newman&#039;s Own","description":"El cilantro es arom\u00e1tico, suave y sutil, con un c\u00e1lido sabor terroso a nuez y un ligero gusto a menta y c\u00edtricos. Las semillas enteras de cilantro se elaboran a partir de las bayas secas de la hierba cilantro, pero su sabor se parece poco al del cilantro fresco.                       El cilantro molido Newman's Own\u2122 es ideal para condimentar todo tipo de carnes asadas, ternera, pollo, pescado, marisco, cerdo, verduras, chutneys, chili, curry, sopas, guisos o estofados, salsas y dips. Tambi\u00e9n se utiliza para encurtir, se puede emplear en pasteles y otros productos horneados, y es un componente de muchas mezclas de especias diferentes, como el garam masala y la harissa.                       Com\u00fan en las recetas indias, de Oriente Medio, mediterr\u00e1neas, latinoamericanas y mexicanas, combina bien con el comino, el chile, el ajo, el jengibre, la hierba lim\u00f3n, el perejil y la albahaca.                                     - Sin bioingenier\u00eda              - Certificado Kosher              - El 100% de los beneficios de Newman's Own se destina a fines ben\u00e9ficos","robots":{"index":"index","follow":"follow","max-snippet":"max-snippet:-1","max-image-preview":"max-image-preview:large","max-video-preview":"max-video-preview:-1"},"canonical":"https:\/\/newmansown.com\/es\/product\/coriander\/","og_locale":"es_ES","og_type":"article","og_title":"Ground Coriander | Newman&#039;s Own","og_description":"El cilantro es arom\u00e1tico, suave y sutil, con un c\u00e1lido sabor terroso a nuez y un ligero gusto a menta y c\u00edtricos. Las semillas enteras de cilantro se elaboran a partir de las bayas secas de la hierba cilantro, pero su sabor se parece poco al del cilantro fresco.                       El cilantro molido Newman's Own\u2122 es ideal para condimentar todo tipo de carnes asadas, ternera, pollo, pescado, marisco, cerdo, verduras, chutneys, chili, curry, sopas, guisos o estofados, salsas y dips. Tambi\u00e9n se utiliza para encurtir, se puede emplear en pasteles y otros productos horneados, y es un componente de muchas mezclas de especias diferentes, como el garam masala y la harissa.                       Com\u00fan en las recetas indias, de Oriente Medio, mediterr\u00e1neas, latinoamericanas y mexicanas, combina bien con el comino, el chile, el ajo, el jengibre, la hierba lim\u00f3n, el perejil y la albahaca.                                     - Sin bioingenier\u00eda              - Certificado Kosher              - El 100% de los beneficios de Newman's Own se destina a fines ben\u00e9ficos","og_url":"https:\/\/newmansown.com\/es\/product\/coriander\/","og_site_name":"Newman&#039;s Own","og_image":[{"width":1036,"height":1100,"url":"https:\/\/newmansown.com\/wp-content\/uploads\/2024\/02\/newmans-own-corianderGround.png","type":"image\/png"}],"twitter_card":"summary_large_image","twitter_misc":{"Est. reading time":"1 minute"},"schema":{"@context":"https:\/\/schema.org","@graph":[{"@type":["WebPage","ItemPage"],"@id":"https:\/\/newmansown.com\/es\/product\/coriander\/","url":"https:\/\/newmansown.com\/es\/product\/coriander\/","name":"Ground Coriander | Newman&#039;s Own","isPartOf":{"@id":"https:\/\/www.newmansown.com\/es\/#website"},"primaryImageOfPage":{"@id":"https:\/\/newmansown.com\/es\/product\/coriander\/#primaryimage"},"image":{"@id":"https:\/\/newmansown.com\/es\/product\/coriander\/#primaryimage"},"thumbnailUrl":"https:\/\/newmansown.com\/wp-content\/uploads\/2024\/02\/newmans-own-corianderGround.png","datePublished":"2022-10-28T02:37:52+00:00","description":"El cilantro es arom\u00e1tico, suave y sutil, con un c\u00e1lido sabor terroso a nuez y un ligero gusto a menta y c\u00edtricos. Las semillas enteras de cilantro se elaboran a partir de las bayas secas de la hierba cilantro, pero su sabor se parece poco al del cilantro fresco. El cilantro molido Newman's Own\u2122 es ideal para condimentar todo tipo de carnes asadas, ternera, pollo, pescado, marisco, cerdo, verduras, chutneys, chili, curry, sopas, guisos o estofados, salsas y dips. Tambi\u00e9n se utiliza para encurtir, se puede emplear en pasteles y otros productos horneados, y es un componente de muchas mezclas de especias diferentes, como el garam masala y la harissa. Com\u00fan en las recetas indias, de Oriente Medio, mediterr\u00e1neas, latinoamericanas y mexicanas, combina bien con el comino, el chile, el ajo, el jengibre, la hierba lim\u00f3n, el perejil y la albahaca. - Sin bioingenier\u00eda - Certificado Kosher - El 100% de los beneficios de Newman's Own se destina a fines ben\u00e9ficos","breadcrumb":{"@id":"https:\/\/newmansown.com\/es\/product\/coriander\/#breadcrumb"},"inLanguage":"es-ES","potentialAction":[{"@type":"ReadAction","target":["https:\/\/newmansown.com\/es\/product\/coriander\/"]}]},{"@type":"ImageObject","inLanguage":"es-ES","@id":"https:\/\/newmansown.com\/es\/product\/coriander\/#primaryimage","url":"https:\/\/newmansown.com\/wp-content\/uploads\/2024\/02\/newmans-own-corianderGround.png","contentUrl":"https:\/\/newmansown.com\/wp-content\/uploads\/2024\/02\/newmans-own-corianderGround.png","width":1036,"height":1100,"caption":"Ground Coriander"},{"@type":"BreadcrumbList","@id":"https:\/\/newmansown.com\/es\/product\/coriander\/#breadcrumb","itemListElement":[{"@type":"ListItem","position":1,"name":"Home","item":"https:\/\/newmansown.com\/es\/inicio\/"},{"@type":"ListItem","position":2,"name":"Productos","item":"https:\/\/www.newmansown.com\/es\/productos\/"},{"@type":"ListItem","position":3,"name":"Ground Coriander"}]},{"@type":"WebSite","@id":"https:\/\/www.newmansown.com\/es\/#website","url":"https:\/\/www.newmansown.com\/es\/","name":"Newman&#039;s Own","description":"Let&#039;s Give It All Away","publisher":{"@id":"https:\/\/www.newmansown.com\/es\/#organization"},"potentialAction":[{"@type":"SearchAction","target":{"@type":"EntryPoint","urlTemplate":"https:\/\/www.newmansown.com\/es\/?s={search_term_string}"},"query-input":{"@type":"PropertyValueSpecification","valueRequired":true,"valueName":"search_term_string"}}],"inLanguage":"es-ES"},{"@type":"Organization","@id":"https:\/\/www.newmansown.com\/es\/#organization","name":"Newman&#039;s Own","url":"https:\/\/www.newmansown.com\/es\/","logo":{"@type":"ImageObject","inLanguage":"es-ES","@id":"https:\/\/www.newmansown.com\/es\/#\/schema\/logo\/image\/","url":"https:\/\/newmansown.com\/wp-content\/uploads\/2024\/02\/newmans-own-green-reg.png","contentUrl":"https:\/\/newmansown.com\/wp-content\/uploads\/2024\/02\/newmans-own-green-reg.png","width":737,"height":537,"caption":"Newman&#039;s Own"},"image":{"@id":"https:\/\/www.newmansown.com\/es\/#\/schema\/logo\/image\/"}}]}},"_links":{"self":[{"href":"https:\/\/newmansown.com\/es\/wp-json\/wp\/v2\/product\/5891","targetHints":{"allow":["GET"]}}],"collection":[{"href":"https:\/\/newmansown.com\/es\/wp-json\/wp\/v2\/product"}],"about":[{"href":"https:\/\/newmansown.com\/es\/wp-json\/wp\/v2\/types\/product"}],"wp:featuredmedia":[{"embeddable":true,"href":"https:\/\/newmansown.com\/es\/wp-json\/wp\/v2\/media\/8723"}],"wp:attachment":[{"href":"https:\/\/newmansown.com\/es\/wp-json\/wp\/v2\/media?parent=5891"}],"wp:term":[{"taxonomy":"product_brand","embeddable":true,"href":"https:\/\/newmansown.com\/es\/wp-json\/wp\/v2\/product_brand?post=5891"},{"taxonomy":"product_cat","embeddable":true,"href":"https:\/\/newmansown.com\/es\/wp-json\/wp\/v2\/product_cat?post=5891"},{"taxonomy":"product_tag","embeddable":true,"href":"https:\/\/newmansown.com\/es\/wp-json\/wp\/v2\/product_tag?post=5891"}],"curies":[{"name":"wp","href":"https:\/\/api.w.org\/{rel}","templated":true}]}}