{"id":5914,"date":"2022-04-21T22:50:53","date_gmt":"2022-04-22T02:50:53","guid":{"rendered":"https:\/\/newmansown.com\/product\/organic-oregano-leaves\/"},"modified":"2022-04-21T22:50:53","modified_gmt":"2022-04-22T02:50:53","slug":"oregano-leaves-organic","status":"publish","type":"product","link":"https:\/\/newmansown.com\/es\/product\/oregano-leaves-organic\/","title":{"rendered":"Organic Oregano Leaves"},"content":{"rendered":"<p>Las Newman\u2019s Own\u2122 Organic Oregano Leaves imparten un sabor picante, ligeramente dulce y arom\u00e1tico. Utilice 1 cucharadita de or\u00e9gano en lugar de 2 cucharaditas de or\u00e9gano fresco picado.<\/p>\n<div class=\"ewa-rteLine\">&#8211; Certificado ecol\u00f3gico USDA por QAI<\/div>\n<div class=\"ewa-rteLine\">&#8211; Sin bioingenier\u00eda<\/div>\n<div class=\"ewa-rteLine\">&#8211; Certificado Kosher<\/div>\n<div class=\"ewa-rteLine\">&#8211; El 100% de los beneficios de Newman&#8217;s Own se destina a fines ben\u00e9ficos<\/div>\n","protected":false},"excerpt":{"rendered":"<p>Las Newman\u2019s Own\u2122 Organic Oregano Leaves imparten un sabor picante, ligeramente dulce y arom\u00e1tico. Utilice 1 cucharadita de or\u00e9gano en lugar de 2 cucharaditas de or\u00e9gano fresco picado.<\/p>\n<div class=\"ewa-rteLine\">&#8211; Certificado ecol\u00f3gico USDA por QAI<\/div>\n<div class=\"ewa-rteLine\">&#8211; Sin bioingenier\u00eda<\/div>\n<div class=\"ewa-rteLine\">&#8211; Certificado Kosher<\/div>\n<div class=\"ewa-rteLine\">&#8211; El 100% de los beneficios de Newman&#8217;s Own se destina a fines ben\u00e9ficos<\/div>\n","protected":false},"featured_media":8813,"template":"","meta":{"_acf_changed":false,"inline_featured_image":false},"product_brand":[],"product_cat":[29],"product_tag":[],"class_list":{"0":"post-5914","1":"product","2":"type-product","3":"status-publish","4":"has-post-thumbnail","6":"product_cat-food","8":"first","9":"instock","10":"shipping-taxable","11":"product-type-simple"},"acf":[],"yoast_head":"<!-- This site is optimized with the Yoast SEO plugin v27.3 - https:\/\/yoast.com\/product\/yoast-seo-wordpress\/ -->\n<title>Organic Oregano Leaves | Newman&#039;s Own<\/title>\n<meta name=\"description\" content=\"Las Newman&#039;s Own Organic Oregano Leaves imparten un sabor picante, ligeramente dulce y arom\u00e1tico.\" \/>\n<meta name=\"robots\" content=\"index, follow, max-snippet:-1, max-image-preview:large, max-video-preview:-1\" \/>\n<link rel=\"canonical\" href=\"https:\/\/newmansown.com\/es\/product\/oregano-leaves-organic\/\" \/>\n<meta property=\"og:locale\" content=\"es_ES\" \/>\n<meta property=\"og:type\" content=\"article\" \/>\n<meta property=\"og:title\" content=\"Organic Oregano Leaves | Newman&#039;s Own\" \/>\n<meta property=\"og:description\" content=\"Las Newman&#039;s Own Organic Oregano Leaves imparten un sabor picante, ligeramente dulce y arom\u00e1tico.\" \/>\n<meta property=\"og:url\" content=\"https:\/\/newmansown.com\/es\/product\/oregano-leaves-organic\/\" \/>\n<meta property=\"og:site_name\" content=\"Newman&#039;s Own\" \/>\n<meta property=\"og:image\" content=\"https:\/\/www.newmansown.com\/wp-content\/uploads\/2024\/02\/newmans-own-organic-oreganoLeaves.png\" \/>\n\t<meta property=\"og:image:width\" content=\"1036\" \/>\n\t<meta property=\"og:image:height\" content=\"1100\" \/>\n\t<meta property=\"og:image:type\" content=\"image\/png\" \/>\n<meta name=\"twitter:card\" content=\"summary_large_image\" \/>\n<!-- \/ Yoast SEO plugin. -->","yoast_head_json":{"title":"Organic Oregano Leaves | Newman&#039;s Own","description":"Las Newman's Own Organic Oregano Leaves imparten un sabor picante, ligeramente dulce y arom\u00e1tico.","robots":{"index":"index","follow":"follow","max-snippet":"max-snippet:-1","max-image-preview":"max-image-preview:large","max-video-preview":"max-video-preview:-1"},"canonical":"https:\/\/newmansown.com\/es\/product\/oregano-leaves-organic\/","og_locale":"es_ES","og_type":"article","og_title":"Organic Oregano Leaves | Newman&#039;s Own","og_description":"Las Newman's Own Organic Oregano Leaves imparten un sabor picante, ligeramente dulce y arom\u00e1tico.","og_url":"https:\/\/newmansown.com\/es\/product\/oregano-leaves-organic\/","og_site_name":"Newman&#039;s Own","og_image":[{"width":1036,"height":1100,"url":"https:\/\/www.newmansown.com\/wp-content\/uploads\/2024\/02\/newmans-own-organic-oreganoLeaves.png","type":"image\/png"}],"twitter_card":"summary_large_image","schema":{"@context":"https:\/\/schema.org","@graph":[{"@type":["WebPage","ItemPage"],"@id":"https:\/\/newmansown.com\/es\/product\/oregano-leaves-organic\/","url":"https:\/\/newmansown.com\/es\/product\/oregano-leaves-organic\/","name":"Organic Oregano Leaves | Newman&#039;s Own","isPartOf":{"@id":"https:\/\/www.newmansown.com\/es\/#website"},"primaryImageOfPage":{"@id":"https:\/\/newmansown.com\/es\/product\/oregano-leaves-organic\/#primaryimage"},"image":{"@id":"https:\/\/newmansown.com\/es\/product\/oregano-leaves-organic\/#primaryimage"},"thumbnailUrl":"https:\/\/newmansown.com\/wp-content\/uploads\/2024\/02\/newmans-own-organic-oreganoLeaves.png","datePublished":"2022-04-22T02:50:53+00:00","description":"Las Newman's Own Organic Oregano Leaves imparten un sabor picante, ligeramente dulce y arom\u00e1tico.","breadcrumb":{"@id":"https:\/\/newmansown.com\/es\/product\/oregano-leaves-organic\/#breadcrumb"},"inLanguage":"es-ES","potentialAction":[{"@type":"ReadAction","target":["https:\/\/newmansown.com\/es\/product\/oregano-leaves-organic\/"]}]},{"@type":"ImageObject","inLanguage":"es-ES","@id":"https:\/\/newmansown.com\/es\/product\/oregano-leaves-organic\/#primaryimage","url":"https:\/\/newmansown.com\/wp-content\/uploads\/2024\/02\/newmans-own-organic-oreganoLeaves.png","contentUrl":"https:\/\/newmansown.com\/wp-content\/uploads\/2024\/02\/newmans-own-organic-oreganoLeaves.png","width":1036,"height":1100,"caption":"Organic Oregano Leaves"},{"@type":"BreadcrumbList","@id":"https:\/\/newmansown.com\/es\/product\/oregano-leaves-organic\/#breadcrumb","itemListElement":[{"@type":"ListItem","position":1,"name":"Home","item":"https:\/\/newmansown.com\/es\/"},{"@type":"ListItem","position":2,"name":"Productos","item":"https:\/\/www.newmansown.com\/es\/productos\/"},{"@type":"ListItem","position":3,"name":"Organic Oregano Leaves"}]},{"@type":"WebSite","@id":"https:\/\/www.newmansown.com\/es\/#website","url":"https:\/\/www.newmansown.com\/es\/","name":"Newman&#039;s Own","description":"Let&#039;s Give It All Away","publisher":{"@id":"https:\/\/www.newmansown.com\/es\/#organization"},"potentialAction":[{"@type":"SearchAction","target":{"@type":"EntryPoint","urlTemplate":"https:\/\/www.newmansown.com\/es\/?s={search_term_string}"},"query-input":{"@type":"PropertyValueSpecification","valueRequired":true,"valueName":"search_term_string"}}],"inLanguage":"es-ES"},{"@type":"Organization","@id":"https:\/\/www.newmansown.com\/es\/#organization","name":"Newman&#039;s Own","url":"https:\/\/www.newmansown.com\/es\/","logo":{"@type":"ImageObject","inLanguage":"es-ES","@id":"https:\/\/www.newmansown.com\/es\/#\/schema\/logo\/image\/","url":"https:\/\/newmansown.com\/wp-content\/uploads\/2024\/02\/newmans-own-green-reg.png","contentUrl":"https:\/\/newmansown.com\/wp-content\/uploads\/2024\/02\/newmans-own-green-reg.png","width":737,"height":537,"caption":"Newman&#039;s Own"},"image":{"@id":"https:\/\/www.newmansown.com\/es\/#\/schema\/logo\/image\/"}}]}},"_links":{"self":[{"href":"https:\/\/newmansown.com\/es\/wp-json\/wp\/v2\/product\/5914","targetHints":{"allow":["GET"]}}],"collection":[{"href":"https:\/\/newmansown.com\/es\/wp-json\/wp\/v2\/product"}],"about":[{"href":"https:\/\/newmansown.com\/es\/wp-json\/wp\/v2\/types\/product"}],"wp:featuredmedia":[{"embeddable":true,"href":"https:\/\/newmansown.com\/es\/wp-json\/wp\/v2\/media\/8813"}],"wp:attachment":[{"href":"https:\/\/newmansown.com\/es\/wp-json\/wp\/v2\/media?parent=5914"}],"wp:term":[{"taxonomy":"product_brand","embeddable":true,"href":"https:\/\/newmansown.com\/es\/wp-json\/wp\/v2\/product_brand?post=5914"},{"taxonomy":"product_cat","embeddable":true,"href":"https:\/\/newmansown.com\/es\/wp-json\/wp\/v2\/product_cat?post=5914"},{"taxonomy":"product_tag","embeddable":true,"href":"https:\/\/newmansown.com\/es\/wp-json\/wp\/v2\/product_tag?post=5914"}],"curies":[{"name":"wp","href":"https:\/\/api.w.org\/{rel}","templated":true}]}}