{"id":5919,"date":"2022-04-21T22:37:20","date_gmt":"2022-04-22T02:37:20","guid":{"rendered":"https:\/\/newmansown.com\/product\/ground-cayenne\/"},"modified":"2022-04-21T22:37:20","modified_gmt":"2022-04-22T02:37:20","slug":"cayenne-ground","status":"publish","type":"product","link":"https:\/\/newmansown.com\/es\/product\/cayenne-ground\/","title":{"rendered":"Ground Cayenne"},"content":{"rendered":"<div class=\"ewa-rteLine\">Un pimiento rojo picante de sabor intenso, gusto audaz y aroma vibrante, ideal para platos que deben ser picantes, pero en los que se desea mantener el sabor.<\/div>\n<div class=\"ewa-rteLine\"><\/div>\n<div class=\"ewa-rteLine\">La Newman\u2019s Own\u2122 Ground Cayenne se puede utilizar en sopas, estofados, salsas para untar, salsas y condimentos para tacos, en la preparaci\u00f3n de pasteles de carne, asados, mariscos, platos de huevo y mucho m\u00e1s.<\/div>\n<div class=\"ewa-rteLine\"><\/div>\n<div class=\"ewa-rteLine\">Es vers\u00e1til en muchos estilos regionales de cocina y una forma segura de dar un toque picante a sus platos.<\/div>\n<div><\/div>\n<div>\n<div class=\"ewa-rteLine\">&#8211; Sin bioingenier\u00eda<\/div>\n<div class=\"ewa-rteLine\">&#8211; Certificado Kosher<\/div>\n<div class=\"ewa-rteLine\">&#8211; El 100% de los beneficios de Newman&#8217;s Own se destina a fines ben\u00e9ficos<\/div>\n<\/div>\n","protected":false},"excerpt":{"rendered":"<div class=\"ewa-rteLine\">Un pimiento rojo picante de sabor intenso, gusto audaz y aroma vibrante, ideal para platos que deben ser picantes, pero en los que se desea mantener el sabor.<\/div>\n<div class=\"ewa-rteLine\"><\/div>\n<div class=\"ewa-rteLine\">La Newman\u2019s Own\u2122 Ground Cayenne se puede utilizar en sopas, estofados, salsas para untar, salsas y condimentos para tacos, en la preparaci\u00f3n de pasteles de carne, asados, mariscos, platos de huevo y mucho m\u00e1s.<\/div>\n<div class=\"ewa-rteLine\"><\/div>\n<div class=\"ewa-rteLine\">Es vers\u00e1til en muchos estilos regionales de cocina y una forma segura de dar un toque picante a sus platos.<\/div>\n<div><\/div>\n<div>\n<div class=\"ewa-rteLine\">&#8211; Sin bioingenier\u00eda<\/div>\n<div class=\"ewa-rteLine\">&#8211; Certificado Kosher<\/div>\n<div class=\"ewa-rteLine\">&#8211; El 100% de los beneficios de Newman&#8217;s Own se destina a fines ben\u00e9ficos<\/div>\n<\/div>\n","protected":false},"featured_media":8755,"template":"","meta":{"_acf_changed":false,"inline_featured_image":false},"product_brand":[],"product_cat":[29],"product_tag":[],"class_list":{"0":"post-5919","1":"product","2":"type-product","3":"status-publish","4":"has-post-thumbnail","6":"product_cat-food","8":"first","9":"instock","10":"shipping-taxable","11":"product-type-simple"},"acf":[],"yoast_head":"<!-- This site is optimized with the Yoast SEO plugin v27.0 - https:\/\/yoast.com\/product\/yoast-seo-wordpress\/ -->\n<title>Ground Cayenne | Newman&#039;s Own<\/title>\n<meta name=\"description\" content=\"La Newman&#039;s Own Ground Cayenne aporta el sabor picante del pimiento rojo en un frasco de especias f\u00e1cil de a\u00f1adir.A\u00f1ada ese sabor audaz y vibrante especia arom\u00e1tica a su plato sin complicar en exceso el perfil de sabor. Es una forma segura de conseguir un final contundente.\" \/>\n<meta name=\"robots\" content=\"index, follow, max-snippet:-1, max-image-preview:large, max-video-preview:-1\" \/>\n<link rel=\"canonical\" href=\"https:\/\/newmansown.com\/es\/product\/cayenne-ground\/\" \/>\n<meta property=\"og:locale\" content=\"es_ES\" \/>\n<meta property=\"og:type\" content=\"article\" \/>\n<meta property=\"og:title\" content=\"Ground Cayenne | Newman&#039;s Own\" \/>\n<meta property=\"og:description\" content=\"La Newman&#039;s Own Ground Cayenne aporta el sabor picante del pimiento rojo en un frasco de especias f\u00e1cil de a\u00f1adir.A\u00f1ada ese sabor audaz y vibrante especia arom\u00e1tica a su plato sin complicar en exceso el perfil de sabor. Es una forma segura de conseguir un final contundente.\" \/>\n<meta property=\"og:url\" content=\"https:\/\/newmansown.com\/es\/product\/cayenne-ground\/\" \/>\n<meta property=\"og:site_name\" content=\"Newman&#039;s Own\" \/>\n<meta property=\"og:image\" content=\"https:\/\/www.newmansown.com\/wp-content\/uploads\/2024\/02\/newmans-own-PepperRedCayenneGround.png\" \/>\n\t<meta property=\"og:image:width\" content=\"1036\" \/>\n\t<meta property=\"og:image:height\" content=\"1100\" \/>\n\t<meta property=\"og:image:type\" content=\"image\/png\" \/>\n<meta name=\"twitter:card\" content=\"summary_large_image\" \/>\n<meta name=\"twitter:label1\" content=\"Est. reading time\" \/>\n\t<meta name=\"twitter:data1\" content=\"1 minute\" \/>\n<!-- \/ Yoast SEO plugin. -->","yoast_head_json":{"title":"Ground Cayenne | Newman&#039;s Own","description":"La Newman's Own Ground Cayenne aporta el sabor picante del pimiento rojo en un frasco de especias f\u00e1cil de a\u00f1adir.A\u00f1ada ese sabor audaz y vibrante especia arom\u00e1tica a su plato sin complicar en exceso el perfil de sabor. Es una forma segura de conseguir un final contundente.","robots":{"index":"index","follow":"follow","max-snippet":"max-snippet:-1","max-image-preview":"max-image-preview:large","max-video-preview":"max-video-preview:-1"},"canonical":"https:\/\/newmansown.com\/es\/product\/cayenne-ground\/","og_locale":"es_ES","og_type":"article","og_title":"Ground Cayenne | Newman&#039;s Own","og_description":"La Newman's Own Ground Cayenne aporta el sabor picante del pimiento rojo en un frasco de especias f\u00e1cil de a\u00f1adir.A\u00f1ada ese sabor audaz y vibrante especia arom\u00e1tica a su plato sin complicar en exceso el perfil de sabor. Es una forma segura de conseguir un final contundente.","og_url":"https:\/\/newmansown.com\/es\/product\/cayenne-ground\/","og_site_name":"Newman&#039;s Own","og_image":[{"width":1036,"height":1100,"url":"https:\/\/www.newmansown.com\/wp-content\/uploads\/2024\/02\/newmans-own-PepperRedCayenneGround.png","type":"image\/png"}],"twitter_card":"summary_large_image","twitter_misc":{"Est. reading time":"1 minute"},"schema":{"@context":"https:\/\/schema.org","@graph":[{"@type":["WebPage","ItemPage"],"@id":"https:\/\/newmansown.com\/es\/product\/cayenne-ground\/","url":"https:\/\/newmansown.com\/es\/product\/cayenne-ground\/","name":"Ground Cayenne | Newman&#039;s Own","isPartOf":{"@id":"https:\/\/www.newmansown.com\/es\/#website"},"primaryImageOfPage":{"@id":"https:\/\/newmansown.com\/es\/product\/cayenne-ground\/#primaryimage"},"image":{"@id":"https:\/\/newmansown.com\/es\/product\/cayenne-ground\/#primaryimage"},"thumbnailUrl":"https:\/\/newmansown.com\/wp-content\/uploads\/2024\/02\/newmans-own-PepperRedCayenneGround.png","datePublished":"2022-04-22T02:37:20+00:00","description":"La Newman's Own Ground Cayenne aporta el sabor picante del pimiento rojo en un frasco de especias f\u00e1cil de a\u00f1adir.A\u00f1ada ese sabor audaz y vibrante especia arom\u00e1tica a su plato sin complicar en exceso el perfil de sabor. Es una forma segura de conseguir un final contundente.","breadcrumb":{"@id":"https:\/\/newmansown.com\/es\/product\/cayenne-ground\/#breadcrumb"},"inLanguage":"es-ES","potentialAction":[{"@type":"ReadAction","target":["https:\/\/newmansown.com\/es\/product\/cayenne-ground\/"]}]},{"@type":"ImageObject","inLanguage":"es-ES","@id":"https:\/\/newmansown.com\/es\/product\/cayenne-ground\/#primaryimage","url":"https:\/\/newmansown.com\/wp-content\/uploads\/2024\/02\/newmans-own-PepperRedCayenneGround.png","contentUrl":"https:\/\/newmansown.com\/wp-content\/uploads\/2024\/02\/newmans-own-PepperRedCayenneGround.png","width":1036,"height":1100,"caption":"Ground Cayenne"},{"@type":"BreadcrumbList","@id":"https:\/\/newmansown.com\/es\/product\/cayenne-ground\/#breadcrumb","itemListElement":[{"@type":"ListItem","position":1,"name":"Home","item":"https:\/\/newmansown.com\/es\/inicio\/"},{"@type":"ListItem","position":2,"name":"Productos","item":"https:\/\/www.newmansown.com\/es\/productos\/"},{"@type":"ListItem","position":3,"name":"Ground Cayenne"}]},{"@type":"WebSite","@id":"https:\/\/www.newmansown.com\/es\/#website","url":"https:\/\/www.newmansown.com\/es\/","name":"Newman&#039;s Own","description":"Let&#039;s Give It All Away","publisher":{"@id":"https:\/\/www.newmansown.com\/es\/#organization"},"potentialAction":[{"@type":"SearchAction","target":{"@type":"EntryPoint","urlTemplate":"https:\/\/www.newmansown.com\/es\/?s={search_term_string}"},"query-input":{"@type":"PropertyValueSpecification","valueRequired":true,"valueName":"search_term_string"}}],"inLanguage":"es-ES"},{"@type":"Organization","@id":"https:\/\/www.newmansown.com\/es\/#organization","name":"Newman&#039;s Own","url":"https:\/\/www.newmansown.com\/es\/","logo":{"@type":"ImageObject","inLanguage":"es-ES","@id":"https:\/\/www.newmansown.com\/es\/#\/schema\/logo\/image\/","url":"https:\/\/newmansown.com\/wp-content\/uploads\/2024\/02\/newmans-own-green-reg.png","contentUrl":"https:\/\/newmansown.com\/wp-content\/uploads\/2024\/02\/newmans-own-green-reg.png","width":737,"height":537,"caption":"Newman&#039;s Own"},"image":{"@id":"https:\/\/www.newmansown.com\/es\/#\/schema\/logo\/image\/"}}]}},"_links":{"self":[{"href":"https:\/\/newmansown.com\/es\/wp-json\/wp\/v2\/product\/5919","targetHints":{"allow":["GET"]}}],"collection":[{"href":"https:\/\/newmansown.com\/es\/wp-json\/wp\/v2\/product"}],"about":[{"href":"https:\/\/newmansown.com\/es\/wp-json\/wp\/v2\/types\/product"}],"wp:featuredmedia":[{"embeddable":true,"href":"https:\/\/newmansown.com\/es\/wp-json\/wp\/v2\/media\/8755"}],"wp:attachment":[{"href":"https:\/\/newmansown.com\/es\/wp-json\/wp\/v2\/media?parent=5919"}],"wp:term":[{"taxonomy":"product_brand","embeddable":true,"href":"https:\/\/newmansown.com\/es\/wp-json\/wp\/v2\/product_brand?post=5919"},{"taxonomy":"product_cat","embeddable":true,"href":"https:\/\/newmansown.com\/es\/wp-json\/wp\/v2\/product_cat?post=5919"},{"taxonomy":"product_tag","embeddable":true,"href":"https:\/\/newmansown.com\/es\/wp-json\/wp\/v2\/product_tag?post=5919"}],"curies":[{"name":"wp","href":"https:\/\/api.w.org\/{rel}","templated":true}]}}