{"id":5928,"date":"2022-04-21T22:13:27","date_gmt":"2022-04-22T02:13:27","guid":{"rendered":"https:\/\/newmansown.com\/product\/coarse-ground-black-pepper\/"},"modified":"2022-04-21T22:13:27","modified_gmt":"2022-04-22T02:13:27","slug":"black-pepper-coarse-ground","status":"publish","type":"product","link":"https:\/\/newmansown.com\/es\/product\/black-pepper-coarse-ground\/","title":{"rendered":"Coarse Ground Black Pepper"},"content":{"rendered":"<div class=\"ewa-rteLine\">Una de las especias m\u00e1s populares del mundo.<\/div>\n<div class=\"ewa-rteLine\"><\/div>\n<div class=\"ewa-rteLine\">La Newman&#8217;s Own\u2122 Coarse Ground Black Pepper es le\u00f1osa, a pino, con un sabor picante y un aroma penetrante.<\/div>\n<div class=\"ewa-rteLine\"><\/div>\n<div class=\"ewa-rteLine\">Util\u00edcelo en pr\u00e1cticamente cualquier plato, como hamburguesas, sus prote\u00ednas favoritas como pollo y marisco, ali\u00f1os para ensaladas, platos de huevo, pasta, verduras, pur\u00e9 de patatas, sopas, salsas, guisos, adobos, salsas y mucho m\u00e1s.<\/div>\n<div><\/div>\n<div>\n<div class=\"ewa-rteLine\">&#8211; Sin bioingenier\u00eda<\/div>\n<div class=\"ewa-rteLine\">&#8211; Certificado Kosher<\/div>\n<div class=\"ewa-rteLine\">&#8211; El 100% de los beneficios de Newman&#8217;s Own se destina a fines ben\u00e9ficos<\/div>\n<\/div>\n","protected":false},"excerpt":{"rendered":"<div class=\"ewa-rteLine\">Una de las especias m\u00e1s populares del mundo.<\/div>\n<div class=\"ewa-rteLine\"><\/div>\n<div class=\"ewa-rteLine\">La Newman&#8217;s Own\u2122 Coarse Ground Black Pepper es le\u00f1osa, a pino, con un sabor picante y un aroma penetrante.<\/div>\n<div class=\"ewa-rteLine\"><\/div>\n<div class=\"ewa-rteLine\">Util\u00edcelo en pr\u00e1cticamente cualquier plato, como hamburguesas, sus prote\u00ednas favoritas como pollo y marisco, ali\u00f1os para ensaladas, platos de huevo, pasta, verduras, pur\u00e9 de patatas, sopas, salsas, guisos, adobos, salsas y mucho m\u00e1s.<\/div>\n<div><\/div>\n<div>\n<div class=\"ewa-rteLine\">&#8211; Sin bioingenier\u00eda<\/div>\n<div class=\"ewa-rteLine\">&#8211; Certificado Kosher<\/div>\n<div class=\"ewa-rteLine\">&#8211; El 100% de los beneficios de Newman&#8217;s Own se destina a fines ben\u00e9ficos<\/div>\n<\/div>\n","protected":false},"featured_media":8753,"template":"","meta":{"_acf_changed":false,"inline_featured_image":false},"product_brand":[],"product_cat":[29],"product_tag":[],"class_list":{"0":"post-5928","1":"product","2":"type-product","3":"status-publish","4":"has-post-thumbnail","6":"product_cat-food","8":"first","9":"instock","10":"shipping-taxable","11":"product-type-simple"},"acf":[],"yoast_head":"<!-- This site is optimized with the Yoast SEO plugin v27.3 - https:\/\/yoast.com\/product\/yoast-seo-wordpress\/ -->\n<title>Coarse Ground Black Pepper | Newman&#039;s Own<\/title>\n<meta name=\"description\" content=\"La Newman&#039;s Own Coarse Ground Black Pepper aporta ese ligero sabor picante con un aroma le\u00f1oso y penetrante. Perfecto para aderezar su prote\u00edna o verdura favorita, o a\u00f1adir a una familia de especias para una sopa, estofado y mucho m\u00e1s.\" \/>\n<meta name=\"robots\" content=\"index, follow, max-snippet:-1, max-image-preview:large, max-video-preview:-1\" \/>\n<link rel=\"canonical\" href=\"https:\/\/newmansown.com\/es\/product\/black-pepper-coarse-ground\/\" \/>\n<meta property=\"og:locale\" content=\"es_ES\" \/>\n<meta property=\"og:type\" content=\"article\" \/>\n<meta property=\"og:title\" content=\"Coarse Ground Black Pepper | Newman&#039;s Own\" \/>\n<meta property=\"og:description\" content=\"La Newman&#039;s Own Coarse Ground Black Pepper aporta ese ligero sabor picante con un aroma le\u00f1oso y penetrante. Perfecto para aderezar su prote\u00edna o verdura favorita, o a\u00f1adir a una familia de especias para una sopa, estofado y mucho m\u00e1s.\" \/>\n<meta property=\"og:url\" content=\"https:\/\/newmansown.com\/es\/product\/black-pepper-coarse-ground\/\" \/>\n<meta property=\"og:site_name\" content=\"Newman&#039;s Own\" \/>\n<meta property=\"og:image\" content=\"https:\/\/www.newmansown.com\/wp-content\/uploads\/2024\/02\/newmans-own-PepperBlackCoarseGround.png\" \/>\n\t<meta property=\"og:image:width\" content=\"1036\" \/>\n\t<meta property=\"og:image:height\" content=\"1100\" \/>\n\t<meta property=\"og:image:type\" content=\"image\/png\" \/>\n<meta name=\"twitter:card\" content=\"summary_large_image\" \/>\n<!-- \/ Yoast SEO plugin. -->","yoast_head_json":{"title":"Coarse Ground Black Pepper | Newman&#039;s Own","description":"La Newman's Own Coarse Ground Black Pepper aporta ese ligero sabor picante con un aroma le\u00f1oso y penetrante. Perfecto para aderezar su prote\u00edna o verdura favorita, o a\u00f1adir a una familia de especias para una sopa, estofado y mucho m\u00e1s.","robots":{"index":"index","follow":"follow","max-snippet":"max-snippet:-1","max-image-preview":"max-image-preview:large","max-video-preview":"max-video-preview:-1"},"canonical":"https:\/\/newmansown.com\/es\/product\/black-pepper-coarse-ground\/","og_locale":"es_ES","og_type":"article","og_title":"Coarse Ground Black Pepper | Newman&#039;s Own","og_description":"La Newman's Own Coarse Ground Black Pepper aporta ese ligero sabor picante con un aroma le\u00f1oso y penetrante. Perfecto para aderezar su prote\u00edna o verdura favorita, o a\u00f1adir a una familia de especias para una sopa, estofado y mucho m\u00e1s.","og_url":"https:\/\/newmansown.com\/es\/product\/black-pepper-coarse-ground\/","og_site_name":"Newman&#039;s Own","og_image":[{"width":1036,"height":1100,"url":"https:\/\/www.newmansown.com\/wp-content\/uploads\/2024\/02\/newmans-own-PepperBlackCoarseGround.png","type":"image\/png"}],"twitter_card":"summary_large_image","schema":{"@context":"https:\/\/schema.org","@graph":[{"@type":["WebPage","ItemPage"],"@id":"https:\/\/newmansown.com\/es\/product\/black-pepper-coarse-ground\/","url":"https:\/\/newmansown.com\/es\/product\/black-pepper-coarse-ground\/","name":"Coarse Ground Black Pepper | Newman&#039;s Own","isPartOf":{"@id":"https:\/\/www.newmansown.com\/es\/#website"},"primaryImageOfPage":{"@id":"https:\/\/newmansown.com\/es\/product\/black-pepper-coarse-ground\/#primaryimage"},"image":{"@id":"https:\/\/newmansown.com\/es\/product\/black-pepper-coarse-ground\/#primaryimage"},"thumbnailUrl":"https:\/\/newmansown.com\/wp-content\/uploads\/2024\/02\/newmans-own-PepperBlackCoarseGround.png","datePublished":"2022-04-22T02:13:27+00:00","description":"La Newman's Own Coarse Ground Black Pepper aporta ese ligero sabor picante con un aroma le\u00f1oso y penetrante. Perfecto para aderezar su prote\u00edna o verdura favorita, o a\u00f1adir a una familia de especias para una sopa, estofado y mucho m\u00e1s.","breadcrumb":{"@id":"https:\/\/newmansown.com\/es\/product\/black-pepper-coarse-ground\/#breadcrumb"},"inLanguage":"es-ES","potentialAction":[{"@type":"ReadAction","target":["https:\/\/newmansown.com\/es\/product\/black-pepper-coarse-ground\/"]}]},{"@type":"ImageObject","inLanguage":"es-ES","@id":"https:\/\/newmansown.com\/es\/product\/black-pepper-coarse-ground\/#primaryimage","url":"https:\/\/newmansown.com\/wp-content\/uploads\/2024\/02\/newmans-own-PepperBlackCoarseGround.png","contentUrl":"https:\/\/newmansown.com\/wp-content\/uploads\/2024\/02\/newmans-own-PepperBlackCoarseGround.png","width":1036,"height":1100,"caption":"Coarse Ground Black Pepper"},{"@type":"BreadcrumbList","@id":"https:\/\/newmansown.com\/es\/product\/black-pepper-coarse-ground\/#breadcrumb","itemListElement":[{"@type":"ListItem","position":1,"name":"Home","item":"https:\/\/newmansown.com\/es\/inicio\/"},{"@type":"ListItem","position":2,"name":"Productos","item":"https:\/\/www.newmansown.com\/es\/productos\/"},{"@type":"ListItem","position":3,"name":"Coarse Ground Black Pepper"}]},{"@type":"WebSite","@id":"https:\/\/www.newmansown.com\/es\/#website","url":"https:\/\/www.newmansown.com\/es\/","name":"Newman&#039;s Own","description":"Let&#039;s Give It All Away","publisher":{"@id":"https:\/\/www.newmansown.com\/es\/#organization"},"potentialAction":[{"@type":"SearchAction","target":{"@type":"EntryPoint","urlTemplate":"https:\/\/www.newmansown.com\/es\/?s={search_term_string}"},"query-input":{"@type":"PropertyValueSpecification","valueRequired":true,"valueName":"search_term_string"}}],"inLanguage":"es-ES"},{"@type":"Organization","@id":"https:\/\/www.newmansown.com\/es\/#organization","name":"Newman&#039;s Own","url":"https:\/\/www.newmansown.com\/es\/","logo":{"@type":"ImageObject","inLanguage":"es-ES","@id":"https:\/\/www.newmansown.com\/es\/#\/schema\/logo\/image\/","url":"https:\/\/newmansown.com\/wp-content\/uploads\/2024\/02\/newmans-own-green-reg.png","contentUrl":"https:\/\/newmansown.com\/wp-content\/uploads\/2024\/02\/newmans-own-green-reg.png","width":737,"height":537,"caption":"Newman&#039;s Own"},"image":{"@id":"https:\/\/www.newmansown.com\/es\/#\/schema\/logo\/image\/"}}]}},"_links":{"self":[{"href":"https:\/\/newmansown.com\/es\/wp-json\/wp\/v2\/product\/5928","targetHints":{"allow":["GET"]}}],"collection":[{"href":"https:\/\/newmansown.com\/es\/wp-json\/wp\/v2\/product"}],"about":[{"href":"https:\/\/newmansown.com\/es\/wp-json\/wp\/v2\/types\/product"}],"wp:featuredmedia":[{"embeddable":true,"href":"https:\/\/newmansown.com\/es\/wp-json\/wp\/v2\/media\/8753"}],"wp:attachment":[{"href":"https:\/\/newmansown.com\/es\/wp-json\/wp\/v2\/media?parent=5928"}],"wp:term":[{"taxonomy":"product_brand","embeddable":true,"href":"https:\/\/newmansown.com\/es\/wp-json\/wp\/v2\/product_brand?post=5928"},{"taxonomy":"product_cat","embeddable":true,"href":"https:\/\/newmansown.com\/es\/wp-json\/wp\/v2\/product_cat?post=5928"},{"taxonomy":"product_tag","embeddable":true,"href":"https:\/\/newmansown.com\/es\/wp-json\/wp\/v2\/product_tag?post=5928"}],"curies":[{"name":"wp","href":"https:\/\/api.w.org\/{rel}","templated":true}]}}