{"id":5930,"date":"2022-04-21T22:07:03","date_gmt":"2022-04-22T02:07:03","guid":{"rendered":"https:\/\/newmansown.com\/product\/rubbed-sage\/"},"modified":"2022-04-21T22:07:03","modified_gmt":"2022-04-22T02:07:03","slug":"rubbed-sage","status":"publish","type":"product","link":"https:\/\/newmansown.com\/es\/product\/rubbed-sage\/","title":{"rendered":"Rubbed Sage"},"content":{"rendered":"<div class=\"ewa-rteLine\">La salvia frotada es un polvo ligero y esponjoso producido a partir de las hojas secas de la planta de salvia. Com\u00fan en la cocina mediterr\u00e1nea e italiana, pero combina bien en casi todas las cocinas del mundo.<\/div>\n<div class=\"ewa-rteLine\"><\/div>\n<div class=\"ewa-rteLine\">Newman&#8217;s Own\u2122 Rubbed Sage tiene un aroma amaderado y a pino con un sabor terroso, c\u00e1lido y picante, casi bals\u00e1mico, parecido al de la pimienta.<\/div>\n<div class=\"ewa-rteLine\"><\/div>\n<div class=\"ewa-rteLine\">Util\u00edcelo con cerdo, cordero, aves, pescado, salchichas, tofu, alubias, encurtidos, patatas, en alb\u00f3ndigas, platos de queso, sopas, guisos, ali\u00f1os para ensaladas, salsa de tomate, rellenos y tambi\u00e9n en infusiones.<\/div>\n<div class=\"ewa-rteLine\"><\/div>\n<div class=\"ewa-rteLine\">Combina bien con laurel, ajo, mejorana, cebolla, or\u00e9gano, perejil, romero y tomillo. Utilice el doble de salvia frotado cuando la sustituya en una receta que pida salvia molida. 1 onza (2 cucharadas) de salvia en polvo puede sustituir a 1 taza de salvia fresca.<\/div>\n<div><\/div>\n<div>\n<div class=\"ewa-rteLine\">&#8211; Sin bioingenier\u00eda<\/div>\n<div class=\"ewa-rteLine\">&#8211; Certificado Kosher<\/div>\n<div class=\"ewa-rteLine\">&#8211; El 100% de los beneficios de Newman&#8217;s Own se destina a fines ben\u00e9ficos<\/div>\n<\/div>\n","protected":false},"excerpt":{"rendered":"<div class=\"ewa-rteLine\">La salvia frotada es un polvo ligero y esponjoso producido a partir de las hojas secas de la planta de salvia. Com\u00fan en la cocina mediterr\u00e1nea e italiana, pero combina bien en casi todas las cocinas del mundo.<\/div>\n<div class=\"ewa-rteLine\"><\/div>\n<div class=\"ewa-rteLine\">Newman&#8217;s Own\u2122 Rubbed Sage tiene un aroma amaderado y a pino con un sabor terroso, c\u00e1lido y picante, casi bals\u00e1mico, parecido al de la pimienta.<\/div>\n<div class=\"ewa-rteLine\"><\/div>\n<div class=\"ewa-rteLine\">Util\u00edcelo con cerdo, cordero, aves, pescado, salchichas, tofu, alubias, encurtidos, patatas, en alb\u00f3ndigas, platos de queso, sopas, guisos, ali\u00f1os para ensaladas, salsa de tomate, rellenos y tambi\u00e9n en infusiones.<\/div>\n<div class=\"ewa-rteLine\"><\/div>\n<div class=\"ewa-rteLine\">Combina bien con laurel, ajo, mejorana, cebolla, or\u00e9gano, perejil, romero y tomillo. Utilice el doble de salvia frotado cuando la sustituya en una receta que pida salvia molida. 1 onza (2 cucharadas) de salvia en polvo puede sustituir a 1 taza de salvia fresca.<\/div>\n<div><\/div>\n<div>\n<div class=\"ewa-rteLine\">&#8211; Sin bioingenier\u00eda<\/div>\n<div class=\"ewa-rteLine\">&#8211; Certificado Kosher<\/div>\n<div class=\"ewa-rteLine\">&#8211; El 100% de los beneficios de Newman&#8217;s Own se destina a fines ben\u00e9ficos<\/div>\n<\/div>\n","protected":false},"featured_media":8765,"template":"","meta":{"_acf_changed":false,"inline_featured_image":false},"product_brand":[],"product_cat":[29],"product_tag":[396],"class_list":{"0":"post-5930","1":"product","2":"type-product","3":"status-publish","4":"has-post-thumbnail","6":"product_cat-food","7":"product_tag-sin-omg","9":"first","10":"instock","11":"shipping-taxable","12":"product-type-simple"},"acf":[],"yoast_head":"<!-- This site is optimized with the Yoast SEO plugin v27.0 - https:\/\/yoast.com\/product\/yoast-seo-wordpress\/ -->\n<title>Rubbed Sage | Newman&#039;s Own<\/title>\n<meta name=\"description\" content=\"La Newman&#039;s Own Rubbed Sage tiene todo el sabor de las hojas frescas de salvia seca, frotadas en un polvo ligero y esponjoso para mezclar f\u00e1cilmente.\" \/>\n<meta name=\"robots\" content=\"index, follow, max-snippet:-1, max-image-preview:large, max-video-preview:-1\" \/>\n<link rel=\"canonical\" href=\"https:\/\/newmansown.com\/es\/product\/rubbed-sage\/\" \/>\n<meta property=\"og:locale\" content=\"es_ES\" \/>\n<meta property=\"og:type\" content=\"article\" \/>\n<meta property=\"og:title\" content=\"Rubbed Sage | Newman&#039;s Own\" \/>\n<meta property=\"og:description\" content=\"La Newman&#039;s Own Rubbed Sage tiene todo el sabor de las hojas frescas de salvia seca, frotadas en un polvo ligero y esponjoso para mezclar f\u00e1cilmente.\" \/>\n<meta property=\"og:url\" content=\"https:\/\/newmansown.com\/es\/product\/rubbed-sage\/\" \/>\n<meta property=\"og:site_name\" content=\"Newman&#039;s Own\" \/>\n<meta property=\"og:image\" content=\"https:\/\/newmansown.com\/wp-content\/uploads\/2024\/02\/newmans-own-sageRubbed.png\" \/>\n\t<meta property=\"og:image:width\" content=\"1036\" \/>\n\t<meta property=\"og:image:height\" content=\"1100\" \/>\n\t<meta property=\"og:image:type\" content=\"image\/png\" \/>\n<meta name=\"twitter:card\" content=\"summary_large_image\" \/>\n<meta name=\"twitter:label1\" content=\"Est. reading time\" \/>\n\t<meta name=\"twitter:data1\" content=\"1 minute\" \/>\n<!-- \/ Yoast SEO plugin. -->","yoast_head_json":{"title":"Rubbed Sage | Newman&#039;s Own","description":"La Newman's Own Rubbed Sage tiene todo el sabor de las hojas frescas de salvia seca, frotadas en un polvo ligero y esponjoso para mezclar f\u00e1cilmente.","robots":{"index":"index","follow":"follow","max-snippet":"max-snippet:-1","max-image-preview":"max-image-preview:large","max-video-preview":"max-video-preview:-1"},"canonical":"https:\/\/newmansown.com\/es\/product\/rubbed-sage\/","og_locale":"es_ES","og_type":"article","og_title":"Rubbed Sage | Newman&#039;s Own","og_description":"La Newman's Own Rubbed Sage tiene todo el sabor de las hojas frescas de salvia seca, frotadas en un polvo ligero y esponjoso para mezclar f\u00e1cilmente.","og_url":"https:\/\/newmansown.com\/es\/product\/rubbed-sage\/","og_site_name":"Newman&#039;s Own","og_image":[{"width":1036,"height":1100,"url":"https:\/\/newmansown.com\/wp-content\/uploads\/2024\/02\/newmans-own-sageRubbed.png","type":"image\/png"}],"twitter_card":"summary_large_image","twitter_misc":{"Est. reading time":"1 minute"},"schema":{"@context":"https:\/\/schema.org","@graph":[{"@type":["WebPage","ItemPage"],"@id":"https:\/\/newmansown.com\/es\/product\/rubbed-sage\/","url":"https:\/\/newmansown.com\/es\/product\/rubbed-sage\/","name":"Rubbed Sage | Newman&#039;s Own","isPartOf":{"@id":"https:\/\/www.newmansown.com\/es\/#website"},"primaryImageOfPage":{"@id":"https:\/\/newmansown.com\/es\/product\/rubbed-sage\/#primaryimage"},"image":{"@id":"https:\/\/newmansown.com\/es\/product\/rubbed-sage\/#primaryimage"},"thumbnailUrl":"https:\/\/newmansown.com\/wp-content\/uploads\/2024\/02\/newmans-own-sageRubbed.png","datePublished":"2022-04-22T02:07:03+00:00","description":"La Newman's Own Rubbed Sage tiene todo el sabor de las hojas frescas de salvia seca, frotadas en un polvo ligero y esponjoso para mezclar f\u00e1cilmente.","breadcrumb":{"@id":"https:\/\/newmansown.com\/es\/product\/rubbed-sage\/#breadcrumb"},"inLanguage":"es-ES","potentialAction":[{"@type":"ReadAction","target":["https:\/\/newmansown.com\/es\/product\/rubbed-sage\/"]}]},{"@type":"ImageObject","inLanguage":"es-ES","@id":"https:\/\/newmansown.com\/es\/product\/rubbed-sage\/#primaryimage","url":"https:\/\/newmansown.com\/wp-content\/uploads\/2024\/02\/newmans-own-sageRubbed.png","contentUrl":"https:\/\/newmansown.com\/wp-content\/uploads\/2024\/02\/newmans-own-sageRubbed.png","width":1036,"height":1100,"caption":"Rubbed Sage"},{"@type":"BreadcrumbList","@id":"https:\/\/newmansown.com\/es\/product\/rubbed-sage\/#breadcrumb","itemListElement":[{"@type":"ListItem","position":1,"name":"Home","item":"https:\/\/newmansown.com\/es\/inicio\/"},{"@type":"ListItem","position":2,"name":"Productos","item":"https:\/\/www.newmansown.com\/es\/productos\/"},{"@type":"ListItem","position":3,"name":"Rubbed Sage"}]},{"@type":"WebSite","@id":"https:\/\/www.newmansown.com\/es\/#website","url":"https:\/\/www.newmansown.com\/es\/","name":"Newman&#039;s Own","description":"Let&#039;s Give It All Away","publisher":{"@id":"https:\/\/www.newmansown.com\/es\/#organization"},"potentialAction":[{"@type":"SearchAction","target":{"@type":"EntryPoint","urlTemplate":"https:\/\/www.newmansown.com\/es\/?s={search_term_string}"},"query-input":{"@type":"PropertyValueSpecification","valueRequired":true,"valueName":"search_term_string"}}],"inLanguage":"es-ES"},{"@type":"Organization","@id":"https:\/\/www.newmansown.com\/es\/#organization","name":"Newman&#039;s Own","url":"https:\/\/www.newmansown.com\/es\/","logo":{"@type":"ImageObject","inLanguage":"es-ES","@id":"https:\/\/www.newmansown.com\/es\/#\/schema\/logo\/image\/","url":"https:\/\/newmansown.com\/wp-content\/uploads\/2024\/02\/newmans-own-green-reg.png","contentUrl":"https:\/\/newmansown.com\/wp-content\/uploads\/2024\/02\/newmans-own-green-reg.png","width":737,"height":537,"caption":"Newman&#039;s Own"},"image":{"@id":"https:\/\/www.newmansown.com\/es\/#\/schema\/logo\/image\/"}}]}},"_links":{"self":[{"href":"https:\/\/newmansown.com\/es\/wp-json\/wp\/v2\/product\/5930","targetHints":{"allow":["GET"]}}],"collection":[{"href":"https:\/\/newmansown.com\/es\/wp-json\/wp\/v2\/product"}],"about":[{"href":"https:\/\/newmansown.com\/es\/wp-json\/wp\/v2\/types\/product"}],"wp:featuredmedia":[{"embeddable":true,"href":"https:\/\/newmansown.com\/es\/wp-json\/wp\/v2\/media\/8765"}],"wp:attachment":[{"href":"https:\/\/newmansown.com\/es\/wp-json\/wp\/v2\/media?parent=5930"}],"wp:term":[{"taxonomy":"product_brand","embeddable":true,"href":"https:\/\/newmansown.com\/es\/wp-json\/wp\/v2\/product_brand?post=5930"},{"taxonomy":"product_cat","embeddable":true,"href":"https:\/\/newmansown.com\/es\/wp-json\/wp\/v2\/product_cat?post=5930"},{"taxonomy":"product_tag","embeddable":true,"href":"https:\/\/newmansown.com\/es\/wp-json\/wp\/v2\/product_tag?post=5930"}],"curies":[{"name":"wp","href":"https:\/\/api.w.org\/{rel}","templated":true}]}}