{"id":9168,"date":"2024-04-08T10:21:25","date_gmt":"2024-04-08T14:21:25","guid":{"rendered":"https:\/\/newmansown.com\/product\/southwest-ranch-dressing\/"},"modified":"2024-04-08T10:21:25","modified_gmt":"2024-04-08T14:21:25","slug":"southwest-ranch-dressing","status":"publish","type":"product","link":"https:\/\/newmansown.com\/es\/product\/southwest-ranch-dressing\/","title":{"rendered":"Southwest Ranch Dressing"},"content":{"rendered":"<p>Dale un toque del suroeste a cualquier mesa con el aderezo Newman&#8217;s Own Southwest Ranch. Con un equilibrio perfecto entre cremoso, ahumado y picante, es ideal para ensaladas, salsas y para dar un toque sudoccidental a cualquier comida. Este ali\u00f1o no contiene aromas artificiales, colorantes de origen artificial ni glutamato monos\u00f3dico. Lo mejor de todo es que el 100% de los beneficios se destina a ni\u00f1os que se enfrentan a la adversidad.<\/p>\n","protected":false},"excerpt":{"rendered":"<p>Dale un toque del suroeste a cualquier mesa con el aderezo Newman&#8217;s Own Southwest Ranch. Con un equilibrio perfecto entre cremoso, ahumado y picante, es ideal para ensaladas, salsas y para dar un toque sudoccidental a cualquier comida. Este ali\u00f1o no contiene aromas artificiales, colorantes de origen artificial ni glutamato monos\u00f3dico. Lo mejor de todo es que el 100% de los beneficios se destina a ni\u00f1os que se enfrentan a la adversidad.<\/p>\n","protected":false},"featured_media":11216,"template":"","meta":{"_acf_changed":false,"inline_featured_image":false},"product_brand":[],"product_cat":[352],"product_tag":[],"class_list":{"0":"post-9168","1":"product","2":"type-product","3":"status-publish","4":"has-post-thumbnail","6":"product_cat-aderezo","8":"first","9":"instock","10":"shipping-taxable","11":"product-type-simple"},"acf":[],"yoast_head":"<!-- This site is optimized with the Yoast SEO plugin v27.0 - https:\/\/yoast.com\/product\/yoast-seo-wordpress\/ -->\n<title>Southwest Ranch Dressing | Newman&#039;s Own<\/title>\n<meta name=\"description\" content=\"Dale un toque del suroeste a cualquier mesa con el aderezo Newman&#039;s Own Southwest Ranch. Con un equilibrio perfecto entre cremoso, ahumado y picante, es ideal para ensaladas, salsas y para dar un toque sudoccidental a cualquier comida. Este ali\u00f1o no contiene aromas artificiales, colorantes de origen artificial ni glutamato monos\u00f3dico. Lo mejor de todo es que el 100% de los beneficios se destina a ni\u00f1os que se enfrentan a la adversidad.\" \/>\n<meta name=\"robots\" content=\"index, follow, max-snippet:-1, max-image-preview:large, max-video-preview:-1\" \/>\n<link rel=\"canonical\" href=\"https:\/\/newmansown.com\/es\/product\/southwest-ranch-dressing\/\" \/>\n<meta property=\"og:locale\" content=\"es_ES\" \/>\n<meta property=\"og:type\" content=\"article\" \/>\n<meta property=\"og:title\" content=\"Southwest Ranch Dressing | Newman&#039;s Own\" \/>\n<meta property=\"og:description\" content=\"Dale un toque del suroeste a cualquier mesa con el aderezo Newman&#039;s Own Southwest Ranch. Con un equilibrio perfecto entre cremoso, ahumado y picante, es ideal para ensaladas, salsas y para dar un toque sudoccidental a cualquier comida. Este ali\u00f1o no contiene aromas artificiales, colorantes de origen artificial ni glutamato monos\u00f3dico. Lo mejor de todo es que el 100% de los beneficios se destina a ni\u00f1os que se enfrentan a la adversidad.\" \/>\n<meta property=\"og:url\" content=\"https:\/\/newmansown.com\/es\/product\/southwest-ranch-dressing\/\" \/>\n<meta property=\"og:site_name\" content=\"Newman&#039;s Own\" \/>\n<meta property=\"og:image\" content=\"https:\/\/www.newmansown.com\/wp-content\/uploads\/2024\/04\/Southwest.png\" \/>\n\t<meta property=\"og:image:width\" content=\"1036\" \/>\n\t<meta property=\"og:image:height\" content=\"1100\" \/>\n\t<meta property=\"og:image:type\" content=\"image\/png\" \/>\n<meta name=\"twitter:card\" content=\"summary_large_image\" \/>\n<!-- \/ Yoast SEO plugin. -->","yoast_head_json":{"title":"Southwest Ranch Dressing | Newman&#039;s Own","description":"Dale un toque del suroeste a cualquier mesa con el aderezo Newman's Own Southwest Ranch. Con un equilibrio perfecto entre cremoso, ahumado y picante, es ideal para ensaladas, salsas y para dar un toque sudoccidental a cualquier comida. Este ali\u00f1o no contiene aromas artificiales, colorantes de origen artificial ni glutamato monos\u00f3dico. Lo mejor de todo es que el 100% de los beneficios se destina a ni\u00f1os que se enfrentan a la adversidad.","robots":{"index":"index","follow":"follow","max-snippet":"max-snippet:-1","max-image-preview":"max-image-preview:large","max-video-preview":"max-video-preview:-1"},"canonical":"https:\/\/newmansown.com\/es\/product\/southwest-ranch-dressing\/","og_locale":"es_ES","og_type":"article","og_title":"Southwest Ranch Dressing | Newman&#039;s Own","og_description":"Dale un toque del suroeste a cualquier mesa con el aderezo Newman's Own Southwest Ranch. Con un equilibrio perfecto entre cremoso, ahumado y picante, es ideal para ensaladas, salsas y para dar un toque sudoccidental a cualquier comida. Este ali\u00f1o no contiene aromas artificiales, colorantes de origen artificial ni glutamato monos\u00f3dico. Lo mejor de todo es que el 100% de los beneficios se destina a ni\u00f1os que se enfrentan a la adversidad.","og_url":"https:\/\/newmansown.com\/es\/product\/southwest-ranch-dressing\/","og_site_name":"Newman&#039;s Own","og_image":[{"width":1036,"height":1100,"url":"https:\/\/www.newmansown.com\/wp-content\/uploads\/2024\/04\/Southwest.png","type":"image\/png"}],"twitter_card":"summary_large_image","schema":{"@context":"https:\/\/schema.org","@graph":[{"@type":["WebPage","ItemPage"],"@id":"https:\/\/newmansown.com\/es\/product\/southwest-ranch-dressing\/","url":"https:\/\/newmansown.com\/es\/product\/southwest-ranch-dressing\/","name":"Southwest Ranch Dressing | Newman&#039;s Own","isPartOf":{"@id":"https:\/\/www.newmansown.com\/es\/#website"},"primaryImageOfPage":{"@id":"https:\/\/newmansown.com\/es\/product\/southwest-ranch-dressing\/#primaryimage"},"image":{"@id":"https:\/\/newmansown.com\/es\/product\/southwest-ranch-dressing\/#primaryimage"},"thumbnailUrl":"https:\/\/newmansown.com\/wp-content\/uploads\/2024\/04\/Southwest.png","datePublished":"2024-04-08T14:21:25+00:00","description":"Dale un toque del suroeste a cualquier mesa con el aderezo Newman's Own Southwest Ranch. Con un equilibrio perfecto entre cremoso, ahumado y picante, es ideal para ensaladas, salsas y para dar un toque sudoccidental a cualquier comida. Este ali\u00f1o no contiene aromas artificiales, colorantes de origen artificial ni glutamato monos\u00f3dico. Lo mejor de todo es que el 100% de los beneficios se destina a ni\u00f1os que se enfrentan a la adversidad.","breadcrumb":{"@id":"https:\/\/newmansown.com\/es\/product\/southwest-ranch-dressing\/#breadcrumb"},"inLanguage":"es-ES","potentialAction":[{"@type":"ReadAction","target":["https:\/\/newmansown.com\/es\/product\/southwest-ranch-dressing\/"]}]},{"@type":"ImageObject","inLanguage":"es-ES","@id":"https:\/\/newmansown.com\/es\/product\/southwest-ranch-dressing\/#primaryimage","url":"https:\/\/newmansown.com\/wp-content\/uploads\/2024\/04\/Southwest.png","contentUrl":"https:\/\/newmansown.com\/wp-content\/uploads\/2024\/04\/Southwest.png","width":1036,"height":1100,"caption":"Southwest ranch dressing"},{"@type":"BreadcrumbList","@id":"https:\/\/newmansown.com\/es\/product\/southwest-ranch-dressing\/#breadcrumb","itemListElement":[{"@type":"ListItem","position":1,"name":"Home","item":"https:\/\/newmansown.com\/es\/inicio\/"},{"@type":"ListItem","position":2,"name":"Productos","item":"https:\/\/www.newmansown.com\/es\/productos\/"},{"@type":"ListItem","position":3,"name":"Southwest Ranch Dressing"}]},{"@type":"WebSite","@id":"https:\/\/www.newmansown.com\/es\/#website","url":"https:\/\/www.newmansown.com\/es\/","name":"Newman&#039;s Own","description":"Let&#039;s Give It All Away","publisher":{"@id":"https:\/\/www.newmansown.com\/es\/#organization"},"potentialAction":[{"@type":"SearchAction","target":{"@type":"EntryPoint","urlTemplate":"https:\/\/www.newmansown.com\/es\/?s={search_term_string}"},"query-input":{"@type":"PropertyValueSpecification","valueRequired":true,"valueName":"search_term_string"}}],"inLanguage":"es-ES"},{"@type":"Organization","@id":"https:\/\/www.newmansown.com\/es\/#organization","name":"Newman&#039;s Own","url":"https:\/\/www.newmansown.com\/es\/","logo":{"@type":"ImageObject","inLanguage":"es-ES","@id":"https:\/\/www.newmansown.com\/es\/#\/schema\/logo\/image\/","url":"https:\/\/newmansown.com\/wp-content\/uploads\/2024\/02\/newmans-own-green-reg.png","contentUrl":"https:\/\/newmansown.com\/wp-content\/uploads\/2024\/02\/newmans-own-green-reg.png","width":737,"height":537,"caption":"Newman&#039;s Own"},"image":{"@id":"https:\/\/www.newmansown.com\/es\/#\/schema\/logo\/image\/"}}]}},"_links":{"self":[{"href":"https:\/\/newmansown.com\/es\/wp-json\/wp\/v2\/product\/9168","targetHints":{"allow":["GET"]}}],"collection":[{"href":"https:\/\/newmansown.com\/es\/wp-json\/wp\/v2\/product"}],"about":[{"href":"https:\/\/newmansown.com\/es\/wp-json\/wp\/v2\/types\/product"}],"wp:featuredmedia":[{"embeddable":true,"href":"https:\/\/newmansown.com\/es\/wp-json\/wp\/v2\/media\/11216"}],"wp:attachment":[{"href":"https:\/\/newmansown.com\/es\/wp-json\/wp\/v2\/media?parent=9168"}],"wp:term":[{"taxonomy":"product_brand","embeddable":true,"href":"https:\/\/newmansown.com\/es\/wp-json\/wp\/v2\/product_brand?post=9168"},{"taxonomy":"product_cat","embeddable":true,"href":"https:\/\/newmansown.com\/es\/wp-json\/wp\/v2\/product_cat?post=9168"},{"taxonomy":"product_tag","embeddable":true,"href":"https:\/\/newmansown.com\/es\/wp-json\/wp\/v2\/product_tag?post=9168"}],"curies":[{"name":"wp","href":"https:\/\/api.w.org\/{rel}","templated":true}]}}